{"id":14719,"date":"2025-10-22T10:29:48","date_gmt":"2025-10-22T08:29:48","guid":{"rendered":"https:\/\/huyl.com\/ueber-uns\/"},"modified":"2025-10-22T10:29:49","modified_gmt":"2025-10-22T08:29:49","slug":"ueber-uns","status":"publish","type":"page","link":"https:\/\/huyl.com\/de\/ueber-uns\/","title":{"rendered":"\u00dcber uns"},"content":{"rendered":"<div class=\"wpb-content-wrapper\"><p>[vc_row full_width=&#8220;stretch_row&#8220; content_placement=&#8220;middle&#8220;][vc_column width=&#8220;1\/2&#8243;][vc_column_text css=&#8220;&#8220;]<\/p>\n<blockquote>\n<h2 class=\"p1\"><b>K\u00f6nnen LEGO\u00ae Steine<\/b> <b>als Kunst betrachtet werden?<\/b><\/h2>\n<\/blockquote>\n<p class=\"p1\">Wir von <span class=\"s1\">HUYL, auch bekannt als Hang Up Your Lego<\/span>, sind der Meinung, dass jedes LEGO\u00ae Meisterwerk es verdient, nicht nur aufbewahrt zu werden, sondern auch <strong>ausgestellt<\/strong> zu werden.<\/p>\n<p>[\/vc_column_text][\/vc_column][vc_column width=&#8220;1\/2&#8243;][vc_single_image image=&#8220;586&#8243; img_size=&#8220;full&#8220; css=&#8220;&#8220;][\/vc_column][vc_column][vc_custom_heading text=&#8220;Wo alles begann&#8220; font_container=&#8220;tag:h2|font_size:40px|text_align:left&#8220; use_theme_fonts=&#8220;yes&#8220; css=&#8220;.vc_custom_1754387609717{margin-top: 80px !important;margin-bottom: 40px !important;}&#8220;][\/vc_column][\/vc_row][vc_row full_width=&#8220;stretch_row&#8220; content_placement=&#8220;middle&#8220;][vc_column width=&#8220;1\/2&#8243;][vc_single_image image=&#8220;11866&#8243; img_size=&#8220;full&#8220; alignment=&#8220;right&#8220; css=&#8220;&#8220;][\/vc_column][vc_column width=&#8220;1\/2&#8243;][vc_column_text css=&#8220;&#8220;]<\/p>\n<p class=\"p1\">Alles begann in unserem eigenen Zuhause, wo wir Platz brauchten und den Wunsch hatten, unsere Lieblingsst\u00fccke t\u00e4glich zu bewundern &#8211; nicht versteckt in Regalen, sondern stolz pr\u00e4sentiert wie wahre Kunstwerke.<\/p>\n<p class=\"p1\">So entstand das erste HUYL-Display: aus der Not heraus, aus Neugierde und aus Liebe zum sauberen Design.<\/p>\n<p>[\/vc_column_text][\/vc_column][\/vc_row][vc_row full_width=&#8220;stretch_row&#8220; content_placement=&#8220;middle&#8220;][vc_column width=&#8220;1\/2&#8243;][vc_column_text css=&#8220;&#8220;]<\/p>\n<p class=\"p1\">Das Ergebnis war so umwerfend, dass wir wirklich glauben, dass es andere inspirieren kann, die wie wir von einer Leidenschaft f\u00fcr Design, Funktionalit\u00e4t und gemauerte Kunst angetrieben werden.<\/p>\n<p class=\"p1\">Im Laufe der Zeit haben wir jeden Rahmen so entwickelt, dass er perfekt zu dem jeweiligen Set passt, haben die besten Acryl-Lieferanten ausgew\u00e4hlt und jede verf\u00fcgbare Technik erforscht, um Farbe und Brillanz zu verbessern &#8211; alles, um ein Ergebnis zu erzielen, das seinesgleichen sucht.<\/p>\n<p>[\/vc_column_text][\/vc_column][vc_column width=&#8220;1\/2&#8243;][vc_single_image image=&#8220;11845&#8243; img_size=&#8220;full&#8220; css=&#8220;&#8220;][\/vc_column][\/vc_row][vc_row][vc_column][vc_custom_heading text=&#8220;S\u00fcchtig nach Qualit\u00e4t&#8230;&#8220; font_container=&#8220;tag:h2|font_size:40px|text_align:left&#8220; use_theme_fonts=&#8220;yes&#8220; css=&#8220;.vc_custom_1754399711424{margin-top: 80px !important;margin-bottom: 20px !important;}&#8220;][vc_column_text css=&#8220;&#8220;]<\/p>\n<p class=\"p1\" style=\"text-align: left;\">Von Anfang an waren Qualit\u00e4t und Materialien unsere Grundpfeiler<\/p>\n<p>[\/vc_column_text][vc_row_inner css=&#8220;.vc_custom_1754388489921{margin-top: 40px !important;}&#8220;][vc_column_inner width=&#8220;1\/3&#8243;]<div class=\"sober-icon-box icon-type-image icon-style-normal  \">\n\t\t\t\t<div class=\"box-icon\"><img decoding=\"async\" alt=\"Hochwertige Materialien\" data-src=\"https:\/\/huyl.com\/wp-content\/uploads\/2025\/08\/FB1_5518.jpg\" src=\"data:image\/svg+xml;base64,PHN2ZyB3aWR0aD0iMSIgaGVpZ2h0PSIxIiB4bWxucz0iaHR0cDovL3d3dy53My5vcmcvMjAwMC9zdmciPjwvc3ZnPg==\" class=\"lazyload\" style=\"--smush-placeholder-width: 1600px; --smush-placeholder-aspect-ratio: 1600\/1067;\"><\/div>\n\t\t\t\t<h3 class=\"box-title\">Hochwertige Materialien<\/h3>\n\t\t\t\t<div class=\"box-content\"><\/p>\n<p class=\"p1\">Wir verwenden <span class=\"s1\"><b>hochwertiges Plexiglas (PMMA)<\/b><\/span>, das f\u00fcr seine au\u00dfergew\u00f6hnliche optische Klarheit (bis zu 92% Lichtdurchl\u00e4ssigkeit) und seine Sto\u00df- und Alterungsbest\u00e4ndigkeit bekannt ist &#8211; besser als Glas oder Polystyrol.<\/p>\n<p class=\"p1\">Wann immer m\u00f6glich, w\u00e4hlen wir <span class=\"s1\"><b>zertifiziertes recyceltes Acrylglas<\/b><\/span> (wie z.B. Recrylic\u00ae oder GreenCast\u00ae), die die gleiche Leistung wie PMMA-Neuware erbringen, aber die Umwelt deutlich weniger belasten.<\/p>\n<p><\/div>\n\t\t\t<\/div>[\/vc_column_inner][vc_column_inner width=&#8220;1\/3&#8243;]<div class=\"sober-icon-box icon-type-image icon-style-normal  \">\n\t\t\t\t<div class=\"box-icon\"><img decoding=\"async\" alt=\"Liebe zum Detail\" data-src=\"https:\/\/huyl.com\/wp-content\/uploads\/2025\/08\/FB1_5582.jpg\" src=\"data:image\/svg+xml;base64,PHN2ZyB3aWR0aD0iMSIgaGVpZ2h0PSIxIiB4bWxucz0iaHR0cDovL3d3dy53My5vcmcvMjAwMC9zdmciPjwvc3ZnPg==\" class=\"lazyload\" style=\"--smush-placeholder-width: 1600px; --smush-placeholder-aspect-ratio: 1600\/1067;\"><\/div>\n\t\t\t\t<h3 class=\"box-title\">Liebe zum Detail<\/h3>\n\t\t\t\t<div class=\"box-content\"><\/p>\n<p class=\"p1\">Jedes Display ist handgefertigt und <span class=\"s1\"><b>pr\u00e4zise konstruiert<\/b><\/span> um eine perfekte Ausrichtung, saubere Schnitte und einen nahtlosen Sitz zu gew\u00e4hrleisten.<\/p>\n<p class=\"p1\">Das minimalistische Design ist dazu gedacht <span class=\"s1\"><b>Ihre LEGO\u00ae Sets aufwerten<\/b><\/span>aufwerten und nicht von ihnen ablenken: klare Linien, diskrete Verschl\u00fcsse und unsichtbare Kanten.<\/p>\n<p><\/div>\n\t\t\t<\/div>[\/vc_column_inner][vc_column_inner width=&#8220;1\/3&#8243;]<div class=\"sober-icon-box icon-type-image icon-style-normal  \">\n\t\t\t\t<div class=\"box-icon\"><img decoding=\"async\" alt=\"Nachhaltige Entscheidungen\" data-src=\"https:\/\/huyl.com\/wp-content\/uploads\/2025\/08\/FB1_5789.jpg\" src=\"data:image\/svg+xml;base64,PHN2ZyB3aWR0aD0iMSIgaGVpZ2h0PSIxIiB4bWxucz0iaHR0cDovL3d3dy53My5vcmcvMjAwMC9zdmciPjwvc3ZnPg==\" class=\"lazyload\" style=\"--smush-placeholder-width: 1600px; --smush-placeholder-aspect-ratio: 1600\/1067;\"><\/div>\n\t\t\t\t<h3 class=\"box-title\">Nachhaltige Entscheidungen<\/h3>\n\t\t\t\t<div class=\"box-content\"><\/p>\n<p class=\"p1\">Wir bevorzugen Materialien, die nicht nur recycelt sind, sondern auch <span class=\"s1\"><b>vollst\u00e4ndig recycelbar<\/b><\/span>und die langfristige Nachhaltigkeit bei der Verwendung von Acryl unterst\u00fctzen.<\/p>\n<p class=\"p1\">Alle unsere Zulieferer implementieren <span class=\"s1\"><b>gr\u00fcne Energie und interne Recyclingprozesse<\/b><\/span>und tragen so zur Reduzierung der CO\u2082-Emissionen bei der Produktion bei.<\/p>\n<p><\/div>\n\t\t\t<\/div>[\/vc_column_inner][\/vc_row_inner][vc_empty_space height=&#8220;40px&#8220;][\/vc_column][\/vc_row][vc_row][vc_column][vc_custom_heading text=&#8220;&#8230;und zur Kundenzufriedenheit&#8220; font_container=&#8220;tag:h2|font_size:40px|text_align:left&#8220; use_theme_fonts=&#8220;yes&#8220; css=&#8220;.vc_custom_1754399743243{margin-top: 80px !important;margin-bottom: 20px !important;}&#8220;][vc_column_text css=&#8220;&#8220;]<\/p>\n<p class=\"p1\" style=\"text-align: left;\">Die Zufriedenheit unserer Kunden steht f\u00fcr uns an erster Stelle, und deshalb arbeiten wir jeden Tag hart daran, sie zu erreichen.<\/p>\n<p>[\/vc_column_text][vc_row_inner css=&#8220;.vc_custom_1754388489921{margin-top: 40px !important;}&#8220;][vc_column_inner width=&#8220;1\/3&#8243;]<div class=\"sober-icon-box icon-type-image icon-style-normal  \">\n\t\t\t\t<div class=\"box-icon\"><img decoding=\"async\" alt=\"Schneller Versand\" data-src=\"https:\/\/huyl.com\/wp-content\/uploads\/2025\/08\/FB1_5868.jpg\" src=\"data:image\/svg+xml;base64,PHN2ZyB3aWR0aD0iMSIgaGVpZ2h0PSIxIiB4bWxucz0iaHR0cDovL3d3dy53My5vcmcvMjAwMC9zdmciPjwvc3ZnPg==\" class=\"lazyload\" style=\"--smush-placeholder-width: 1600px; --smush-placeholder-aspect-ratio: 1600\/1067;\"><\/div>\n\t\t\t\t<h3 class=\"box-title\">Schneller Versand<\/h3>\n\t\t\t\t<div class=\"box-content\"><\/p>\n<p class=\"p1\">Wir wissen, wie aufregend es ist, ein LEGO\u00ae Bauwerk fertigzustellen &#8211; und noch aufregender, es auszustellen.<\/p>\n<p class=\"p1\">Deshalb bieten wir <span class=\"s1\"><b>schnellen, zuverl\u00e4ssigen Versand<\/b><\/span> f\u00fcr alle unsere Produkte an. Egal, ob Sie aus der N\u00e4he oder aus \u00dcbersee bestellen, wir arbeiten mit UPS zusammen, um sicherzustellen, dass Ihr Display schnell und sicher bei Ihnen ankommt. <span class=\"s1\"><b>schnell und sicher<\/b><\/span>. <\/p>\n<p><\/div>\n\t\t\t<\/div>[\/vc_column_inner][vc_column_inner width=&#8220;1\/3&#8243;]<div class=\"sober-icon-box icon-type-image icon-style-normal  \">\n\t\t\t\t<div class=\"box-icon\"><img decoding=\"async\" alt=\"Kundenbetreuung\" data-src=\"https:\/\/huyl.com\/wp-content\/uploads\/2025\/08\/FB1_5900.jpg\" src=\"data:image\/svg+xml;base64,PHN2ZyB3aWR0aD0iMSIgaGVpZ2h0PSIxIiB4bWxucz0iaHR0cDovL3d3dy53My5vcmcvMjAwMC9zdmciPjwvc3ZnPg==\" class=\"lazyload\" style=\"--smush-placeholder-width: 1600px; --smush-placeholder-aspect-ratio: 1600\/1067;\"><\/div>\n\t\t\t\t<h3 class=\"box-title\">Kundenbetreuung<\/h3>\n\t\t\t\t<div class=\"box-content\"><\/p>\n<p class=\"p1\">Ganz gleich, ob Sie eine Frage zur Kompatibilit\u00e4t haben, Hilfe bei der Installation ben\u00f6tigen oder einfach nur ein Foto Ihres Bildschirms in Aktion teilen m\u00f6chten &#8211; wir sind f\u00fcr alles da.<\/p>\n<p>Und wenn etwas schief gelaufen ist, machen Sie sich keine Sorgen: Wir \u00fcbernehmen  <span class=\"s1\"><b>Kundenbetreuung ernst nehmen<\/b><\/span>von dem Moment an, in dem Sie auf unserer Website landen, bis lange nach dem Eintreffen Ihrer Bestellung &#8211; denn Ihre Zufriedenheit ist das Wichtigste.<\/div>\n\t\t\t<\/div>[\/vc_column_inner][vc_column_inner width=&#8220;1\/3&#8243;]<div class=\"sober-icon-box icon-type-image icon-style-normal  \">\n\t\t\t\t<div class=\"box-icon\"><img decoding=\"async\" alt=\"Anpassung\" data-src=\"https:\/\/huyl.com\/wp-content\/uploads\/2025\/08\/customs.jpg\" src=\"data:image\/svg+xml;base64,PHN2ZyB3aWR0aD0iMSIgaGVpZ2h0PSIxIiB4bWxucz0iaHR0cDovL3d3dy53My5vcmcvMjAwMC9zdmciPjwvc3ZnPg==\" class=\"lazyload\" style=\"--smush-placeholder-width: 1600px; --smush-placeholder-aspect-ratio: 1600\/1067;\"><\/div>\n\t\t\t\t<h3 class=\"box-title\">Anpassung<\/h3>\n\t\t\t\t<div class=\"box-content\"><\/p>\n<p class=\"p1\">Jede LEGO\u00ae Sammlung ist einzigartig &#8211; und wir glauben, dass das auch f\u00fcr Ihre Ausstellung gilt. Deshalb bieten wir <span class=\"s1\"><b>ma\u00dfgeschneiderte L\u00f6sungen<\/b><\/span> die auf Ihre speziellen Bed\u00fcrfnisse zugeschnitten sind. <\/p>\n<p class=\"p1\">Wir lieben Herausforderungen und Sonderw\u00fcnsche &#8211; sie spornen uns an, noch bessere Designs zu entwerfen. Sagen Sie uns, was Ihnen vorschwebt, und wir werden mit Ihnen zusammenarbeiten, um es zum Leben zu erwecken. <\/p>\n<p><\/div>\n\t\t\t<\/div>[\/vc_column_inner][\/vc_row_inner][vc_empty_space height=&#8220;120px&#8220;][\/vc_column][\/vc_row][vc_row full_width=&#8220;stretch_row_content_no_spaces&#8220; gap=&#8220;30&#8243; parallax=&#8220;content-moving&#8220; parallax_speed_bg=&#8220;1.2&#8243; css=&#8220;.vc_custom_1754386755747{padding-top: 70px !important;padding-bottom: 130px !important;background: #F2F2F2 url(https:\/\/huyl.com\/wp-content\/uploads\/2025\/08\/founders.jpg?id=11859);background-position: center;background-repeat: no-repeat !important;background-size: contain !important;}&#8220;][vc_column offset=&#8220;vc_col-lg-offset-4 vc_col-lg-8 vc_col-md-offset-0 vc_col-md-12&#8243;][vc_column_text css=&#8220;&#8220;]<\/p>\n<h4 class=\"p1\" style=\"text-align: center;\"><em>Wir hoffen sehr, dass diese selbstgemachten Displays<br \/>\neinen Platz in Ihrem Zuhause finden werden.<\/em><\/h4>\n<h4 class=\"p1\" style=\"text-align: center;\"><em>Das haben sie bei uns auf jeden Fall!<\/em><\/h4>\n<p>[\/vc_column_text][vc_custom_heading text=&#8220;Francesco &amp; Nicola&#8220; font_container=&#8220;tag:h2|font_size:32|text_align:center&#8220; google_fonts=&#8220;font_family:Montez%3A400|font_style:400%20regular%3A400%3Anormal&#8220; css=&#8220;.vc_custom_1754386790378{margin-top: 50px !important;margin-bottom: 0px !important;}&#8220;][\/vc_column][\/vc_row]<\/p>\n<\/div>","protected":false},"excerpt":{"rendered":"<p>[vc_row full_width=&#8220;stretch_row&#8220; content_placement=&#8220;middle&#8220;][vc_column width=&#8220;1\/2&#8243;][vc_column_text css=&#8220;&#8220;] K\u00f6nnen LEGO\u00ae Steine als Kunst betrachtet werden? Wir von HUYL, auch bekannt als Hang Up Your Lego, sind der Meinung, dass jedes LEGO\u00ae Meisterwerk es&hellip;<\/p>\n","protected":false},"author":1,"featured_media":0,"parent":0,"menu_order":0,"comment_status":"closed","ping_status":"closed","template":"","meta":{"inline_featured_image":false,"footnotes":""},"class_list":["post-14719","page","type-page","status-publish","hentry"],"yoast_head":"<!-- This site is optimized with the Yoast SEO plugin v27.2 - https:\/\/yoast.com\/product\/yoast-seo-wordpress\/ -->\n<title>HUYL - \u00dcber uns<\/title>\n<meta name=\"description\" content=\"Wir bei HUYL sind der Meinung, dass jedes LEGO\u00ae Meisterwerk es verdient, nicht nur aufbewahrt zu werden, sondern auch ausgestellt zu werden.\" \/>\n<meta name=\"robots\" content=\"index, follow, max-snippet:-1, max-image-preview:large, max-video-preview:-1\" \/>\n<link rel=\"canonical\" href=\"https:\/\/huyl.com\/de\/ueber-uns\/\" \/>\n<meta property=\"og:locale\" content=\"de_DE\" \/>\n<meta property=\"og:type\" content=\"article\" \/>\n<meta property=\"og:title\" content=\"HUYL - \u00dcber uns\" \/>\n<meta property=\"og:description\" content=\"Wir bei HUYL sind der Meinung, dass jedes LEGO\u00ae Meisterwerk es verdient, nicht nur aufbewahrt zu werden, sondern auch ausgestellt zu werden.\" \/>\n<meta property=\"og:url\" content=\"https:\/\/huyl.com\/de\/ueber-uns\/\" \/>\n<meta property=\"og:site_name\" content=\"HUYL\" \/>\n<meta property=\"article:modified_time\" content=\"2025-10-22T08:29:49+00:00\" \/>\n<meta name=\"twitter:card\" content=\"summary_large_image\" \/>\n<script type=\"application\/ld+json\" class=\"yoast-schema-graph\">{\"@context\":\"https:\/\/schema.org\",\"@graph\":[{\"@type\":\"WebPage\",\"@id\":\"https:\/\/huyl.com\/de\/ueber-uns\/\",\"url\":\"https:\/\/huyl.com\/de\/ueber-uns\/\",\"name\":\"HUYL - \u00dcber uns\",\"isPartOf\":{\"@id\":\"https:\/\/huyl.com\/de\/#website\"},\"datePublished\":\"2025-10-22T08:29:48+00:00\",\"dateModified\":\"2025-10-22T08:29:49+00:00\",\"description\":\"Wir bei HUYL sind der Meinung, dass jedes LEGO\u00ae Meisterwerk es verdient, nicht nur aufbewahrt zu werden, sondern auch ausgestellt zu werden.\",\"inLanguage\":\"de\",\"potentialAction\":[{\"@type\":\"ReadAction\",\"target\":[\"https:\/\/huyl.com\/de\/ueber-uns\/\"]}]},{\"@type\":\"WebSite\",\"@id\":\"https:\/\/huyl.com\/de\/#website\",\"url\":\"https:\/\/huyl.com\/de\/\",\"name\":\"HUYL\",\"description\":\"Trasforma la tua collezione di mattoncini in una galleria d&#039;arte!\",\"publisher\":{\"@id\":\"https:\/\/huyl.com\/de\/#organization\"},\"potentialAction\":[{\"@type\":\"SearchAction\",\"target\":{\"@type\":\"EntryPoint\",\"urlTemplate\":\"https:\/\/huyl.com\/de\/?s={search_term_string}\"},\"query-input\":{\"@type\":\"PropertyValueSpecification\",\"valueRequired\":true,\"valueName\":\"search_term_string\"}}],\"inLanguage\":\"de\"},{\"@type\":\"Organization\",\"@id\":\"https:\/\/huyl.com\/de\/#organization\",\"name\":\"HUYL S.r.l.\",\"url\":\"https:\/\/huyl.com\/de\/\",\"logo\":{\"@type\":\"ImageObject\",\"inLanguage\":\"de\",\"@id\":\"https:\/\/huyl.com\/de\/#\/schema\/logo\/image\/\",\"url\":\"https:\/\/huyl.com\/wp-content\/uploads\/2021\/10\/cropped-logo_squared.png\",\"contentUrl\":\"https:\/\/huyl.com\/wp-content\/uploads\/2021\/10\/cropped-logo_squared.png\",\"width\":512,\"height\":512,\"caption\":\"HUYL S.r.l.\"},\"image\":{\"@id\":\"https:\/\/huyl.com\/de\/#\/schema\/logo\/image\/\"}}]}<\/script>\n<!-- \/ Yoast SEO plugin. -->","yoast_head_json":{"title":"HUYL - \u00dcber uns","description":"Wir bei HUYL sind der Meinung, dass jedes LEGO\u00ae Meisterwerk es verdient, nicht nur aufbewahrt zu werden, sondern auch ausgestellt zu werden.","robots":{"index":"index","follow":"follow","max-snippet":"max-snippet:-1","max-image-preview":"max-image-preview:large","max-video-preview":"max-video-preview:-1"},"canonical":"https:\/\/huyl.com\/de\/ueber-uns\/","og_locale":"de_DE","og_type":"article","og_title":"HUYL - \u00dcber uns","og_description":"Wir bei HUYL sind der Meinung, dass jedes LEGO\u00ae Meisterwerk es verdient, nicht nur aufbewahrt zu werden, sondern auch ausgestellt zu werden.","og_url":"https:\/\/huyl.com\/de\/ueber-uns\/","og_site_name":"HUYL","article_modified_time":"2025-10-22T08:29:49+00:00","twitter_card":"summary_large_image","schema":{"@context":"https:\/\/schema.org","@graph":[{"@type":"WebPage","@id":"https:\/\/huyl.com\/de\/ueber-uns\/","url":"https:\/\/huyl.com\/de\/ueber-uns\/","name":"HUYL - \u00dcber uns","isPartOf":{"@id":"https:\/\/huyl.com\/de\/#website"},"datePublished":"2025-10-22T08:29:48+00:00","dateModified":"2025-10-22T08:29:49+00:00","description":"Wir bei HUYL sind der Meinung, dass jedes LEGO\u00ae Meisterwerk es verdient, nicht nur aufbewahrt zu werden, sondern auch ausgestellt zu werden.","inLanguage":"de","potentialAction":[{"@type":"ReadAction","target":["https:\/\/huyl.com\/de\/ueber-uns\/"]}]},{"@type":"WebSite","@id":"https:\/\/huyl.com\/de\/#website","url":"https:\/\/huyl.com\/de\/","name":"HUYL","description":"Trasforma la tua collezione di mattoncini in una galleria d&#039;arte!","publisher":{"@id":"https:\/\/huyl.com\/de\/#organization"},"potentialAction":[{"@type":"SearchAction","target":{"@type":"EntryPoint","urlTemplate":"https:\/\/huyl.com\/de\/?s={search_term_string}"},"query-input":{"@type":"PropertyValueSpecification","valueRequired":true,"valueName":"search_term_string"}}],"inLanguage":"de"},{"@type":"Organization","@id":"https:\/\/huyl.com\/de\/#organization","name":"HUYL S.r.l.","url":"https:\/\/huyl.com\/de\/","logo":{"@type":"ImageObject","inLanguage":"de","@id":"https:\/\/huyl.com\/de\/#\/schema\/logo\/image\/","url":"https:\/\/huyl.com\/wp-content\/uploads\/2021\/10\/cropped-logo_squared.png","contentUrl":"https:\/\/huyl.com\/wp-content\/uploads\/2021\/10\/cropped-logo_squared.png","width":512,"height":512,"caption":"HUYL S.r.l."},"image":{"@id":"https:\/\/huyl.com\/de\/#\/schema\/logo\/image\/"}}]}},"jetpack_sharing_enabled":true,"_links":{"self":[{"href":"https:\/\/huyl.com\/de\/wp-json\/wp\/v2\/pages\/14719","targetHints":{"allow":["GET"]}}],"collection":[{"href":"https:\/\/huyl.com\/de\/wp-json\/wp\/v2\/pages"}],"about":[{"href":"https:\/\/huyl.com\/de\/wp-json\/wp\/v2\/types\/page"}],"author":[{"embeddable":true,"href":"https:\/\/huyl.com\/de\/wp-json\/wp\/v2\/users\/1"}],"replies":[{"embeddable":true,"href":"https:\/\/huyl.com\/de\/wp-json\/wp\/v2\/comments?post=14719"}],"version-history":[{"count":0,"href":"https:\/\/huyl.com\/de\/wp-json\/wp\/v2\/pages\/14719\/revisions"}],"wp:attachment":[{"href":"https:\/\/huyl.com\/de\/wp-json\/wp\/v2\/media?parent=14719"}],"curies":[{"name":"wp","href":"https:\/\/api.w.org\/{rel}","templated":true}]}}