{"id":19210,"date":"2026-03-25T11:56:50","date_gmt":"2026-03-25T09:56:50","guid":{"rendered":"https:\/\/huyl.com\/faqs\/"},"modified":"2026-03-25T16:51:39","modified_gmt":"2026-03-25T14:51:39","slug":"faqs-de","status":"publish","type":"page","link":"https:\/\/huyl.com\/de\/faqs-de\/","title":{"rendered":"FAQs"},"content":{"rendered":"<div class=\"wpb-content-wrapper\"><p>[vc_row css=&#8220;.vc_custom_1480660608661{margin-bottom: 70px !important;}&#8220;][vc_column width=&#8220;2\/3&#8243; offset=&#8220;vc_col-lg-offset-2 vc_col-lg-8 vc_col-md-offset-0 vc_col-md-12&#8243;][vc_column_text css=&#8220;&#8220;]<\/p>\n<p style=\"color: #23232c; font-size: 22px; line-height: 34px; font-weight: 500;\">FAQS<\/p>\n<p class=\"p1\">Wenn Sie noch Fragen haben, finden Sie hier einige hilfreiche Antworten.<\/p>\n<p>[\/vc_column_text][\/vc_column][\/vc_row][vc_row][vc_column]<div class=\"sober-faq   open\">\n\t\t\t\t<div class=\"question\">\n\t\t\t\t\t<span class=\"question-label\">Question<\/span>\n\t\t\t\t\t<span class=\"question-icon\"><span class=\"toggle-icon\"><\/span><\/span>\n\t\t\t\t\t<span class=\"question-title\">Wer ist HUYL?<\/span>\n\t\t\t\t<\/div>\n\t\t\t\t<div class=\"answer\"><span class=\"answer-label\">Answer<\/span>HUYL, auch bekannt als &#8222;Hang Up Your Lego&#8220;, ist ein italienisches Unternehmen, das von uns, Nicola &amp; Francesco, gegr\u00fcndet wurde. Im Jahr 2020 <strong>haben<\/strong> wir die Wandhalterung <strong>erfunden<\/strong> und seitdem haben wir tausende von LEGO Sets in Wohnzimmern, Studios und Garagen auf der ganzen Welt aufgeh\u00e4ngt &#x2764;&#xfe0f;<\/div>\n\t\t\t<\/div><div class=\"sober-faq   open\">\n\t\t\t\t<div class=\"question\">\n\t\t\t\t\t<span class=\"question-label\">Question<\/span>\n\t\t\t\t\t<span class=\"question-icon\"><span class=\"toggle-icon\"><\/span><\/span>\n\t\t\t\t\t<span class=\"question-title\">Was sie tun?<\/span>\n\t\t\t\t<\/div>\n\t\t\t\t<div class=\"answer\"><span class=\"answer-label\">Answer<\/span><\/p>\n<p class=\"p1\">Wir produzieren und verkaufen Wandhalterungen f\u00fcr LEGO-Sets, haupts\u00e4chlich f\u00fcr Autos. Jede Halterung wird handgefertigt und aus den besten Materialien hergestellt, die wir von unseren italienischen Lieferanten beziehen. Nach der Fertigstellung wird jede Halterung sorgf\u00e4ltig verpackt, um (fast) jeden Teil der Welt zu erreichen &#x1f30d;<\/p>\n<p><\/div>\n\t\t\t<\/div><div class=\"sober-faq   open\">\n\t\t\t\t<div class=\"question\">\n\t\t\t\t\t<span class=\"question-label\">Question<\/span>\n\t\t\t\t\t<span class=\"question-icon\"><span class=\"toggle-icon\"><\/span><\/span>\n\t\t\t\t\t<span class=\"question-title\">Warum zum Teufel sollte ich ein Set an die Wand h\u00e4ngen?<\/span>\n\t\t\t\t<\/div>\n\t\t\t\t<div class=\"answer\"><span class=\"answer-label\">Answer<\/span><\/p>\n<p class=\"p1\">Haupts\u00e4chlich aus zwei Gr\u00fcnden:<\/p>\n<ul>\n<li class=\"p1\"><span class=\"s1\"><b>Reine Sch\u00f6nheit:<\/b><\/span> Vergiss langweilige Vitrinen, pr\u00e4sentiere dein Set stolz wie ein Meisterwerk, das jeder bewundern kann &#x2728;<\/li>\n<li class=\"p1\"><span class=\"s1\"><b>Platzsparend:<\/b><\/span> Du hast erst vor ein paar Jahren begonnen, deine liebsten LEGO-Sets zu sammeln; du hast ein Regal oder mehrere Acrylvitrinen gekauft, aber der Platz reicht nicht aus. Mit dem HUYL-Display l\u00f6st du das Problem &#x1f61c;<\/li>\n<\/ul>\n<p><\/div>\n\t\t\t<\/div><div class=\"sober-faq   open\">\n\t\t\t\t<div class=\"question\">\n\t\t\t\t\t<span class=\"question-label\">Question<\/span>\n\t\t\t\t\t<span class=\"question-icon\"><span class=\"toggle-icon\"><\/span><\/span>\n\t\t\t\t\t<span class=\"question-title\">Ok, aber was ist mit dem Staub?<\/span>\n\t\t\t\t<\/div>\n\t\t\t\t<div class=\"answer\"><span class=\"answer-label\">Answer<\/span><\/p>\n<p class=\"p1\">Hier sind wir, um das Problem anzugehen, das jeden Sammler besch\u00e4ftigt. Staub gibt es, klar, aber da die Sets vertikal stehen, findet man ihn nur oben.<\/p>\n<p class=\"p1\">Wir sind beide stauballergisch, also wissen wir, wovon wir sprechen, aber Staub ist bei dieser Art von Display \u00fcberhaupt kein Problem; das k\u00f6nnen wir garantieren &#x1f44a;&#x1f3fb;<\/p>\n<p><\/div>\n\t\t\t<\/div><div class=\"sober-faq   open\">\n\t\t\t\t<div class=\"question\">\n\t\t\t\t\t<span class=\"question-label\">Question<\/span>\n\t\t\t\t\t<span class=\"question-icon\"><span class=\"toggle-icon\"><\/span><\/span>\n\t\t\t\t\t<span class=\"question-title\">Wenn ich nach dem Kauf ein Problem habe?<\/span>\n\t\t\t\t<\/div>\n\t\t\t\t<div class=\"answer\"><span class=\"answer-label\">Answer<\/span><\/p>\n<p class=\"p1\">So etwas kann passieren, aber wir sind immer da, um es zu reparieren. Manchmal kann der Versand zu Rissen oder Defekten f\u00fchren, aber keine Sorge: Melden Sie sich einfach bei uns und wir helfen Ihnen gerne weiter, einschlie\u00dflich der Zusendung von Ersatzdisplays, falls erforderlich &#x2705;<\/p>\n<p><\/div>\n\t\t\t<\/div><div class=\"sober-faq   open\">\n\t\t\t\t<div class=\"question\">\n\t\t\t\t\t<span class=\"question-label\">Question<\/span>\n\t\t\t\t\t<span class=\"question-icon\"><span class=\"toggle-icon\"><\/span><\/span>\n\t\t\t\t\t<span class=\"question-title\">Warum HUYL w\u00e4hlen<\/span>\n\t\t\t\t<\/div>\n\t\t\t\t<div class=\"answer\"><span class=\"answer-label\">Answer<\/span><\/p>\n<p class=\"p1\">In den letzten Jahren bieten mehrere Wettbewerber Produkte an, die unseren \u00e4hneln. Ja, sie h\u00e4ngen dein Set an die Wand, aber hier sind die Gr\u00fcnde, warum du HUYL w\u00e4hlen solltest:<\/p>\n<ul>\n<li class=\"p1\"><span class=\"s1\"><b>Bessere Qualit\u00e4t:<\/b><\/span> von den Materialspezifikationen bis zur Verpackung achten wir auf Qualit\u00e4t, um das beste Wanddisplay anzubieten, das du kaufen kannst &#x1f51d;<\/li>\n<li class=\"p1\"><span class=\"s1\"><b>Sichere Haken:<\/b><\/span> keine Metallhaken, sondern stabile LEGO Technic-Haken, um die Unversehrtheit deines Sets zu bewahren; und alles ist bereits montiert &#x1f61c;<\/li>\n<li class=\"p1\"><span class=\"s1\"><b>Premium-Service:<\/b><\/span> vom Moment des Kaufs bis zur Montage des Sets bist du durch unseren Kundenservice abgesichert &#x1f6df;<\/li>\n<li class=\"p1\"><span class=\"s1\"><b>Schneller Versand:<\/b><\/span> wir versenden innerhalb eines Werktages, und mit UPS ist die Lieferung schneller denn je &#x1f680;<\/li>\n<\/ul>\n<p><\/div>\n\t\t\t<\/div>[\/vc_column][\/vc_row]<\/p>\n<\/div>","protected":false},"excerpt":{"rendered":"<p>[vc_row css=&#8220;.vc_custom_1480660608661{margin-bottom: 70px !important;}&#8220;][vc_column width=&#8220;2\/3&#8243; offset=&#8220;vc_col-lg-offset-2 vc_col-lg-8 vc_col-md-offset-0 vc_col-md-12&#8243;][vc_column_text css=&#8220;&#8220;] FAQS Wenn Sie noch Fragen haben, finden Sie hier einige hilfreiche Antworten. [\/vc_column_text][\/vc_column][\/vc_row][vc_row][vc_column][\/vc_column][\/vc_row]<\/p>\n","protected":false},"author":1,"featured_media":0,"parent":0,"menu_order":0,"comment_status":"closed","ping_status":"closed","template":"","meta":{"inline_featured_image":false,"footnotes":""},"class_list":["post-19210","page","type-page","status-publish","hentry"],"yoast_head":"<!-- This site is optimized with the Yoast SEO plugin v27.5 - https:\/\/yoast.com\/product\/yoast-seo-wordpress\/ -->\n<title>HUYL - FQAs<\/title>\n<meta name=\"robots\" content=\"index, follow, max-snippet:-1, max-image-preview:large, max-video-preview:-1\" \/>\n<link rel=\"canonical\" href=\"https:\/\/huyl.com\/de\/faqs-de\/\" \/>\n<meta property=\"og:locale\" content=\"de_DE\" \/>\n<meta property=\"og:type\" content=\"article\" \/>\n<meta property=\"og:title\" content=\"HUYL - FQAs\" \/>\n<meta property=\"og:description\" content=\"[vc_row css=&#8220;.vc_custom_1480660608661{margin-bottom: 70px !important;}&#8220;][vc_column width=&#8220;2\/3&#8243; offset=&#8220;vc_col-lg-offset-2 vc_col-lg-8 vc_col-md-offset-0 vc_col-md-12&#8243;][vc_column_text css=&#8220;&#8220;] FAQS Wenn Sie noch Fragen haben, finden Sie hier einige hilfreiche Antworten. [\/vc_column_text][\/vc_column][\/vc_row][vc_row][vc_column][\/vc_column][\/vc_row]\" \/>\n<meta property=\"og:url\" content=\"https:\/\/huyl.com\/de\/faqs-de\/\" \/>\n<meta property=\"og:site_name\" content=\"HUYL\" \/>\n<meta property=\"article:modified_time\" content=\"2026-03-25T14:51:39+00:00\" \/>\n<meta name=\"twitter:card\" content=\"summary_large_image\" \/>\n<script type=\"application\/ld+json\" class=\"yoast-schema-graph\">{\"@context\":\"https:\\\/\\\/schema.org\",\"@graph\":[{\"@type\":\"WebPage\",\"@id\":\"https:\\\/\\\/huyl.com\\\/de\\\/faqs-de\\\/\",\"url\":\"https:\\\/\\\/huyl.com\\\/de\\\/faqs-de\\\/\",\"name\":\"HUYL - FQAs\",\"isPartOf\":{\"@id\":\"https:\\\/\\\/huyl.com\\\/de\\\/#website\"},\"datePublished\":\"2026-03-25T09:56:50+00:00\",\"dateModified\":\"2026-03-25T14:51:39+00:00\",\"inLanguage\":\"de\",\"potentialAction\":[{\"@type\":\"ReadAction\",\"target\":[\"https:\\\/\\\/huyl.com\\\/de\\\/faqs-de\\\/\"]}]},{\"@type\":\"WebSite\",\"@id\":\"https:\\\/\\\/huyl.com\\\/de\\\/#website\",\"url\":\"https:\\\/\\\/huyl.com\\\/de\\\/\",\"name\":\"HUYL\",\"description\":\"Trasforma la tua collezione di mattoncini in una galleria d&#039;arte!\",\"publisher\":{\"@id\":\"https:\\\/\\\/huyl.com\\\/de\\\/#organization\"},\"potentialAction\":[{\"@type\":\"SearchAction\",\"target\":{\"@type\":\"EntryPoint\",\"urlTemplate\":\"https:\\\/\\\/huyl.com\\\/de\\\/?s={search_term_string}\"},\"query-input\":{\"@type\":\"PropertyValueSpecification\",\"valueRequired\":true,\"valueName\":\"search_term_string\"}}],\"inLanguage\":\"de\"},{\"@type\":\"Organization\",\"@id\":\"https:\\\/\\\/huyl.com\\\/de\\\/#organization\",\"name\":\"HUYL S.r.l.\",\"url\":\"https:\\\/\\\/huyl.com\\\/de\\\/\",\"logo\":{\"@type\":\"ImageObject\",\"inLanguage\":\"de\",\"@id\":\"https:\\\/\\\/huyl.com\\\/de\\\/#\\\/schema\\\/logo\\\/image\\\/\",\"url\":\"https:\\\/\\\/huyl.com\\\/wp-content\\\/uploads\\\/2021\\\/10\\\/cropped-logo_squared.png\",\"contentUrl\":\"https:\\\/\\\/huyl.com\\\/wp-content\\\/uploads\\\/2021\\\/10\\\/cropped-logo_squared.png\",\"width\":512,\"height\":512,\"caption\":\"HUYL S.r.l.\"},\"image\":{\"@id\":\"https:\\\/\\\/huyl.com\\\/de\\\/#\\\/schema\\\/logo\\\/image\\\/\"}}]}<\/script>\n<!-- \/ Yoast SEO plugin. -->","yoast_head_json":{"title":"HUYL - FQAs","robots":{"index":"index","follow":"follow","max-snippet":"max-snippet:-1","max-image-preview":"max-image-preview:large","max-video-preview":"max-video-preview:-1"},"canonical":"https:\/\/huyl.com\/de\/faqs-de\/","og_locale":"de_DE","og_type":"article","og_title":"HUYL - FQAs","og_description":"[vc_row css=&#8220;.vc_custom_1480660608661{margin-bottom: 70px !important;}&#8220;][vc_column width=&#8220;2\/3&#8243; offset=&#8220;vc_col-lg-offset-2 vc_col-lg-8 vc_col-md-offset-0 vc_col-md-12&#8243;][vc_column_text css=&#8220;&#8220;] FAQS Wenn Sie noch Fragen haben, finden Sie hier einige hilfreiche Antworten. [\/vc_column_text][\/vc_column][\/vc_row][vc_row][vc_column][\/vc_column][\/vc_row]","og_url":"https:\/\/huyl.com\/de\/faqs-de\/","og_site_name":"HUYL","article_modified_time":"2026-03-25T14:51:39+00:00","twitter_card":"summary_large_image","schema":{"@context":"https:\/\/schema.org","@graph":[{"@type":"WebPage","@id":"https:\/\/huyl.com\/de\/faqs-de\/","url":"https:\/\/huyl.com\/de\/faqs-de\/","name":"HUYL - FQAs","isPartOf":{"@id":"https:\/\/huyl.com\/de\/#website"},"datePublished":"2026-03-25T09:56:50+00:00","dateModified":"2026-03-25T14:51:39+00:00","inLanguage":"de","potentialAction":[{"@type":"ReadAction","target":["https:\/\/huyl.com\/de\/faqs-de\/"]}]},{"@type":"WebSite","@id":"https:\/\/huyl.com\/de\/#website","url":"https:\/\/huyl.com\/de\/","name":"HUYL","description":"Trasforma la tua collezione di mattoncini in una galleria d&#039;arte!","publisher":{"@id":"https:\/\/huyl.com\/de\/#organization"},"potentialAction":[{"@type":"SearchAction","target":{"@type":"EntryPoint","urlTemplate":"https:\/\/huyl.com\/de\/?s={search_term_string}"},"query-input":{"@type":"PropertyValueSpecification","valueRequired":true,"valueName":"search_term_string"}}],"inLanguage":"de"},{"@type":"Organization","@id":"https:\/\/huyl.com\/de\/#organization","name":"HUYL S.r.l.","url":"https:\/\/huyl.com\/de\/","logo":{"@type":"ImageObject","inLanguage":"de","@id":"https:\/\/huyl.com\/de\/#\/schema\/logo\/image\/","url":"https:\/\/huyl.com\/wp-content\/uploads\/2021\/10\/cropped-logo_squared.png","contentUrl":"https:\/\/huyl.com\/wp-content\/uploads\/2021\/10\/cropped-logo_squared.png","width":512,"height":512,"caption":"HUYL S.r.l."},"image":{"@id":"https:\/\/huyl.com\/de\/#\/schema\/logo\/image\/"}}]}},"jetpack_sharing_enabled":true,"_links":{"self":[{"href":"https:\/\/huyl.com\/de\/wp-json\/wp\/v2\/pages\/19210","targetHints":{"allow":["GET"]}}],"collection":[{"href":"https:\/\/huyl.com\/de\/wp-json\/wp\/v2\/pages"}],"about":[{"href":"https:\/\/huyl.com\/de\/wp-json\/wp\/v2\/types\/page"}],"author":[{"embeddable":true,"href":"https:\/\/huyl.com\/de\/wp-json\/wp\/v2\/users\/1"}],"replies":[{"embeddable":true,"href":"https:\/\/huyl.com\/de\/wp-json\/wp\/v2\/comments?post=19210"}],"version-history":[{"count":0,"href":"https:\/\/huyl.com\/de\/wp-json\/wp\/v2\/pages\/19210\/revisions"}],"wp:attachment":[{"href":"https:\/\/huyl.com\/de\/wp-json\/wp\/v2\/media?parent=19210"}],"curies":[{"name":"wp","href":"https:\/\/api.w.org\/{rel}","templated":true}]}}