{"id":14096,"date":"2020-10-10T11:41:25","date_gmt":"2020-10-10T10:41:26","guid":{"rendered":"https:\/\/huyl.com\/shop\/wanddisplay-aus-carbon-fuer-lego-technic-42056-porsche-911-gt3-rs\/"},"modified":"2025-10-21T10:21:05","modified_gmt":"2025-10-21T08:21:05","slug":"wanddisplay-aus-carbon-fuer-lego-technic-42056-porsche-911-gt3-rs","status":"publish","type":"product","link":"https:\/\/huyl.com\/de\/shop\/wanddisplay-aus-carbon-fuer-lego-technic-42056-porsche-911-gt3-rs\/","title":{"rendered":"Wanddisplay aus Carbon f\u00fcr LEGO\u00ae Technic 42056 Porsche 911 GT3 RS"},"content":{"rendered":"<h3 class=\"p1\" style=\"text-align: left;\">Wanddisplay aus Carbon f\u00fcr LEGO\u00ae Technic 42056 Porsche 911 GT3 RS<\/h3>\n<p class=\"p3\" style=\"text-align: left;\">Verwandeln Sie Ihren LEGO\u00ae Technic Porsche 911 GT3 RS in ein <span class=\"s1\"><b>atemberaubendes Wandkunstwerk<\/b><\/span> und sparen Sie gleichzeitig wertvollen Platz!<\/p>\n<p class=\"p3\" style=\"text-align: left;\">Mit dem HUYL Wanddisplay k\u00f6nnen Sie Ihr Meisterwerk mit einem schlanken, modernen Design stolz pr\u00e4sentieren &#8211; ohne sperrige Regale.<\/p>\n<p>&nbsp;<\/p>\n<h5 class=\"p4\" style=\"text-align: left;\"><b>Wichtige Merkmale:<\/b><b><\/b><\/h5>\n<p class=\"p3\" style=\"text-align: left;\">\u2714 <span class=\"s1\"><b>Verwandelt LEGO\u00ae Sets in Kunstwerke<\/b><\/span> &#8211; Verwandeln Sie Ihren Porsche 911 GT3 RS von einem Set in ein wahres Meisterwerk, das sich sehen lassen kann.<\/p>\n<p class=\"p3\" style=\"text-align: left;\">\u2714 <span class=\"s1\"><b>Platzsparende L\u00f6sung<\/b><\/span> &#8211; Wird an der Wand befestigt und macht so Platz auf dem Schreibtisch und im Regal frei.<\/p>\n<p class=\"p3\" style=\"text-align: left;\">\u2714 <span class=\"s1\"><b>Erstklassige \u00c4sthetik<\/b><\/span> &#8211; Gl\u00e4nzende 5mm Plexiglasscheibe gepaart mit hochwertiger Carbonfolie.<\/p>\n<p class=\"p3\" style=\"text-align: left;\">\u2714 <span class=\"s1\"><b>Stark und sicher<\/b><\/span> &#8211; Mit einem stabilen Holzrahmen, Aluminiumstangen und LEGO\u00ae Technic Haken f\u00fcr perfekten Halt.<\/p>\n<p class=\"p3\" style=\"text-align: left;\">\u2714 <span class=\"s1\"><b>M\u00fchelose Installation<\/b><\/span> &#8211; Inklusive aller notwendigen Montageteile f\u00fcr eine schnelle und einfache Installation.<\/p>\n<p class=\"p3\" style=\"text-align: left;\">Zeigen Sie Ihre LEGO\u00ae Sammlung mit Stil &#8211; denn Ihre Bauwerke verdienen es, wie Kunstwerke bewundert zu werden!<\/p>\n<p>&nbsp;<\/p>\n<p class=\"p3\" style=\"text-align: left;\"><i>(LEGO\u00ae Set nicht enthalten<\/i>)<\/p>\n","protected":false},"excerpt":{"rendered":"<p class=\"p1\">Verwandeln Sie Ihre Wand in eine Rennsportgarage, lassen Sie das Licht \u00fcber die matten Karbonfasern fallen und feiern Sie die Gr\u00f6\u00dfe des Porsche 911 GT3 RS LEGO\u00ae Sets.<\/p>\n","protected":false},"featured_media":14100,"template":"","meta":{"inline_featured_image":false},"product_brand":[],"product_cat":[367,399],"product_tag":[397,530],"class_list":{"0":"post-14096","1":"product","2":"type-product","3":"status-publish","4":"has-post-thumbnail","6":"product_cat-lego-technik","7":"product_cat-porsche-gt3-rs-de","8":"product_tag-kohlefaser","9":"product_tag-porsche-de","11":"first","12":"outofstock","13":"taxable","14":"shipping-taxable","15":"purchasable","16":"product-type-simple","17":"layout-style-6","18":"col-md-4 col-sm-4 col-xs-6","19":"col-lg-3","20":"product-has-gallery","21":"product-style-slider"},"yoast_head":"<!-- This site is optimized with the Yoast SEO plugin v27.2 - https:\/\/yoast.com\/product\/yoast-seo-wordpress\/ -->\n<title>Wanddisplay f\u00fcr LEGO\u00ae Technic 42056 Porsche 911 GT3 RS<\/title>\n<meta name=\"description\" content=\"H\u00e4ngen Sie Ihren LEGO\u00ae Porsche 911 GT3 RS an die Wand! Sehen Sie sich alle verf\u00fcgbaren Displays an und verwandeln Sie Ihre Steine in eine ART-Galerie!\" \/>\n<meta name=\"robots\" content=\"index, follow, max-snippet:-1, max-image-preview:large, max-video-preview:-1\" \/>\n<link rel=\"canonical\" href=\"https:\/\/huyl.com\/de\/shop\/wanddisplay-aus-carbon-fuer-lego-technic-42056-porsche-911-gt3-rs\/\" \/>\n<meta property=\"og:locale\" content=\"de_DE\" \/>\n<meta property=\"og:type\" content=\"article\" \/>\n<meta property=\"og:title\" content=\"Wanddisplay f\u00fcr LEGO\u00ae Technic 42056 Porsche 911 GT3 RS\" \/>\n<meta property=\"og:description\" content=\"H\u00e4ngen Sie Ihren LEGO\u00ae Porsche 911 GT3 RS an die Wand! Sehen Sie sich alle verf\u00fcgbaren Displays an und verwandeln Sie Ihre Steine in eine ART-Galerie!\" \/>\n<meta property=\"og:url\" content=\"https:\/\/huyl.com\/de\/shop\/wanddisplay-aus-carbon-fuer-lego-technic-42056-porsche-911-gt3-rs\/\" \/>\n<meta property=\"og:site_name\" content=\"HUYL\" \/>\n<meta property=\"article:modified_time\" content=\"2025-10-21T08:21:05+00:00\" \/>\n<meta property=\"og:image\" content=\"https:\/\/huyl.com\/wp-content\/uploads\/2025\/03\/Porsche_gt3_rs_carbon_1.jpg\" \/>\n\t<meta property=\"og:image:width\" content=\"1200\" \/>\n\t<meta property=\"og:image:height\" content=\"1425\" \/>\n\t<meta property=\"og:image:type\" content=\"image\/jpeg\" \/>\n<meta name=\"twitter:card\" content=\"summary_large_image\" \/>\n<script type=\"application\/ld+json\" class=\"yoast-schema-graph\">{\"@context\":\"https:\/\/schema.org\",\"@graph\":[{\"@type\":\"WebPage\",\"@id\":\"https:\/\/huyl.com\/de\/shop\/wanddisplay-aus-carbon-fuer-lego-technic-42056-porsche-911-gt3-rs\/\",\"url\":\"https:\/\/huyl.com\/de\/shop\/wanddisplay-aus-carbon-fuer-lego-technic-42056-porsche-911-gt3-rs\/\",\"name\":\"Wanddisplay f\u00fcr LEGO\u00ae Technic 42056 Porsche 911 GT3 RS\",\"isPartOf\":{\"@id\":\"https:\/\/huyl.com\/de\/#website\"},\"primaryImageOfPage\":{\"@id\":\"https:\/\/huyl.com\/de\/shop\/wanddisplay-aus-carbon-fuer-lego-technic-42056-porsche-911-gt3-rs\/#primaryimage\"},\"image\":{\"@id\":\"https:\/\/huyl.com\/de\/shop\/wanddisplay-aus-carbon-fuer-lego-technic-42056-porsche-911-gt3-rs\/#primaryimage\"},\"thumbnailUrl\":\"https:\/\/huyl.com\/wp-content\/uploads\/2025\/03\/Porsche_gt3_rs_carbon_1.jpg\",\"datePublished\":\"2020-10-10T10:41:26+00:00\",\"dateModified\":\"2025-10-21T08:21:05+00:00\",\"description\":\"H\u00e4ngen Sie Ihren LEGO\u00ae Porsche 911 GT3 RS an die Wand! Sehen Sie sich alle verf\u00fcgbaren Displays an und verwandeln Sie Ihre Steine in eine ART-Galerie!\",\"breadcrumb\":{\"@id\":\"https:\/\/huyl.com\/de\/shop\/wanddisplay-aus-carbon-fuer-lego-technic-42056-porsche-911-gt3-rs\/#breadcrumb\"},\"inLanguage\":\"de\",\"potentialAction\":[{\"@type\":\"ReadAction\",\"target\":[\"https:\/\/huyl.com\/de\/shop\/wanddisplay-aus-carbon-fuer-lego-technic-42056-porsche-911-gt3-rs\/\"]}]},{\"@type\":\"ImageObject\",\"inLanguage\":\"de\",\"@id\":\"https:\/\/huyl.com\/de\/shop\/wanddisplay-aus-carbon-fuer-lego-technic-42056-porsche-911-gt3-rs\/#primaryimage\",\"url\":\"https:\/\/huyl.com\/wp-content\/uploads\/2025\/03\/Porsche_gt3_rs_carbon_1.jpg\",\"contentUrl\":\"https:\/\/huyl.com\/wp-content\/uploads\/2025\/03\/Porsche_gt3_rs_carbon_1.jpg\",\"width\":1200,\"height\":1425},{\"@type\":\"BreadcrumbList\",\"@id\":\"https:\/\/huyl.com\/de\/shop\/wanddisplay-aus-carbon-fuer-lego-technic-42056-porsche-911-gt3-rs\/#breadcrumb\",\"itemListElement\":[{\"@type\":\"ListItem\",\"position\":1,\"name\":\"Shop\",\"item\":\"https:\/\/huyl.com\/de\/shop\/\"},{\"@type\":\"ListItem\",\"position\":2,\"name\":\"Wanddisplay aus Carbon f\u00fcr LEGO\u00ae Technic 42056 Porsche 911 GT3 RS\"}]},{\"@type\":\"WebSite\",\"@id\":\"https:\/\/huyl.com\/de\/#website\",\"url\":\"https:\/\/huyl.com\/de\/\",\"name\":\"HUYL\",\"description\":\"Trasforma la tua collezione di mattoncini in una galleria d&#039;arte!\",\"publisher\":{\"@id\":\"https:\/\/huyl.com\/de\/#organization\"},\"potentialAction\":[{\"@type\":\"SearchAction\",\"target\":{\"@type\":\"EntryPoint\",\"urlTemplate\":\"https:\/\/huyl.com\/de\/?s={search_term_string}\"},\"query-input\":{\"@type\":\"PropertyValueSpecification\",\"valueRequired\":true,\"valueName\":\"search_term_string\"}}],\"inLanguage\":\"de\"},{\"@type\":\"Organization\",\"@id\":\"https:\/\/huyl.com\/de\/#organization\",\"name\":\"HUYL S.r.l.\",\"url\":\"https:\/\/huyl.com\/de\/\",\"logo\":{\"@type\":\"ImageObject\",\"inLanguage\":\"de\",\"@id\":\"https:\/\/huyl.com\/de\/#\/schema\/logo\/image\/\",\"url\":\"https:\/\/huyl.com\/wp-content\/uploads\/2021\/10\/cropped-logo_squared.png\",\"contentUrl\":\"https:\/\/huyl.com\/wp-content\/uploads\/2021\/10\/cropped-logo_squared.png\",\"width\":512,\"height\":512,\"caption\":\"HUYL S.r.l.\"},\"image\":{\"@id\":\"https:\/\/huyl.com\/de\/#\/schema\/logo\/image\/\"}}]}<\/script>\n<!-- \/ Yoast SEO plugin. -->","yoast_head_json":{"title":"Wanddisplay f\u00fcr LEGO\u00ae Technic 42056 Porsche 911 GT3 RS","description":"H\u00e4ngen Sie Ihren LEGO\u00ae Porsche 911 GT3 RS an die Wand! Sehen Sie sich alle verf\u00fcgbaren Displays an und verwandeln Sie Ihre Steine in eine ART-Galerie!","robots":{"index":"index","follow":"follow","max-snippet":"max-snippet:-1","max-image-preview":"max-image-preview:large","max-video-preview":"max-video-preview:-1"},"canonical":"https:\/\/huyl.com\/de\/shop\/wanddisplay-aus-carbon-fuer-lego-technic-42056-porsche-911-gt3-rs\/","og_locale":"de_DE","og_type":"article","og_title":"Wanddisplay f\u00fcr LEGO\u00ae Technic 42056 Porsche 911 GT3 RS","og_description":"H\u00e4ngen Sie Ihren LEGO\u00ae Porsche 911 GT3 RS an die Wand! Sehen Sie sich alle verf\u00fcgbaren Displays an und verwandeln Sie Ihre Steine in eine ART-Galerie!","og_url":"https:\/\/huyl.com\/de\/shop\/wanddisplay-aus-carbon-fuer-lego-technic-42056-porsche-911-gt3-rs\/","og_site_name":"HUYL","article_modified_time":"2025-10-21T08:21:05+00:00","og_image":[{"width":1200,"height":1425,"url":"https:\/\/huyl.com\/wp-content\/uploads\/2025\/03\/Porsche_gt3_rs_carbon_1.jpg","type":"image\/jpeg"}],"twitter_card":"summary_large_image","schema":{"@context":"https:\/\/schema.org","@graph":[{"@type":"WebPage","@id":"https:\/\/huyl.com\/de\/shop\/wanddisplay-aus-carbon-fuer-lego-technic-42056-porsche-911-gt3-rs\/","url":"https:\/\/huyl.com\/de\/shop\/wanddisplay-aus-carbon-fuer-lego-technic-42056-porsche-911-gt3-rs\/","name":"Wanddisplay f\u00fcr LEGO\u00ae Technic 42056 Porsche 911 GT3 RS","isPartOf":{"@id":"https:\/\/huyl.com\/de\/#website"},"primaryImageOfPage":{"@id":"https:\/\/huyl.com\/de\/shop\/wanddisplay-aus-carbon-fuer-lego-technic-42056-porsche-911-gt3-rs\/#primaryimage"},"image":{"@id":"https:\/\/huyl.com\/de\/shop\/wanddisplay-aus-carbon-fuer-lego-technic-42056-porsche-911-gt3-rs\/#primaryimage"},"thumbnailUrl":"https:\/\/huyl.com\/wp-content\/uploads\/2025\/03\/Porsche_gt3_rs_carbon_1.jpg","datePublished":"2020-10-10T10:41:26+00:00","dateModified":"2025-10-21T08:21:05+00:00","description":"H\u00e4ngen Sie Ihren LEGO\u00ae Porsche 911 GT3 RS an die Wand! Sehen Sie sich alle verf\u00fcgbaren Displays an und verwandeln Sie Ihre Steine in eine ART-Galerie!","breadcrumb":{"@id":"https:\/\/huyl.com\/de\/shop\/wanddisplay-aus-carbon-fuer-lego-technic-42056-porsche-911-gt3-rs\/#breadcrumb"},"inLanguage":"de","potentialAction":[{"@type":"ReadAction","target":["https:\/\/huyl.com\/de\/shop\/wanddisplay-aus-carbon-fuer-lego-technic-42056-porsche-911-gt3-rs\/"]}]},{"@type":"ImageObject","inLanguage":"de","@id":"https:\/\/huyl.com\/de\/shop\/wanddisplay-aus-carbon-fuer-lego-technic-42056-porsche-911-gt3-rs\/#primaryimage","url":"https:\/\/huyl.com\/wp-content\/uploads\/2025\/03\/Porsche_gt3_rs_carbon_1.jpg","contentUrl":"https:\/\/huyl.com\/wp-content\/uploads\/2025\/03\/Porsche_gt3_rs_carbon_1.jpg","width":1200,"height":1425},{"@type":"BreadcrumbList","@id":"https:\/\/huyl.com\/de\/shop\/wanddisplay-aus-carbon-fuer-lego-technic-42056-porsche-911-gt3-rs\/#breadcrumb","itemListElement":[{"@type":"ListItem","position":1,"name":"Shop","item":"https:\/\/huyl.com\/de\/shop\/"},{"@type":"ListItem","position":2,"name":"Wanddisplay aus Carbon f\u00fcr LEGO\u00ae Technic 42056 Porsche 911 GT3 RS"}]},{"@type":"WebSite","@id":"https:\/\/huyl.com\/de\/#website","url":"https:\/\/huyl.com\/de\/","name":"HUYL","description":"Trasforma la tua collezione di mattoncini in una galleria d&#039;arte!","publisher":{"@id":"https:\/\/huyl.com\/de\/#organization"},"potentialAction":[{"@type":"SearchAction","target":{"@type":"EntryPoint","urlTemplate":"https:\/\/huyl.com\/de\/?s={search_term_string}"},"query-input":{"@type":"PropertyValueSpecification","valueRequired":true,"valueName":"search_term_string"}}],"inLanguage":"de"},{"@type":"Organization","@id":"https:\/\/huyl.com\/de\/#organization","name":"HUYL S.r.l.","url":"https:\/\/huyl.com\/de\/","logo":{"@type":"ImageObject","inLanguage":"de","@id":"https:\/\/huyl.com\/de\/#\/schema\/logo\/image\/","url":"https:\/\/huyl.com\/wp-content\/uploads\/2021\/10\/cropped-logo_squared.png","contentUrl":"https:\/\/huyl.com\/wp-content\/uploads\/2021\/10\/cropped-logo_squared.png","width":512,"height":512,"caption":"HUYL S.r.l."},"image":{"@id":"https:\/\/huyl.com\/de\/#\/schema\/logo\/image\/"}}]}},"jetpack_sharing_enabled":true,"_links":{"self":[{"href":"https:\/\/huyl.com\/de\/wp-json\/wp\/v2\/product\/14096","targetHints":{"allow":["GET"]}}],"collection":[{"href":"https:\/\/huyl.com\/de\/wp-json\/wp\/v2\/product"}],"about":[{"href":"https:\/\/huyl.com\/de\/wp-json\/wp\/v2\/types\/product"}],"wp:featuredmedia":[{"embeddable":true,"href":"https:\/\/huyl.com\/de\/wp-json\/wp\/v2\/media\/14100"}],"wp:attachment":[{"href":"https:\/\/huyl.com\/de\/wp-json\/wp\/v2\/media?parent=14096"}],"wp:term":[{"taxonomy":"product_brand","embeddable":true,"href":"https:\/\/huyl.com\/de\/wp-json\/wp\/v2\/product_brand?post=14096"},{"taxonomy":"product_cat","embeddable":true,"href":"https:\/\/huyl.com\/de\/wp-json\/wp\/v2\/product_cat?post=14096"},{"taxonomy":"product_tag","embeddable":true,"href":"https:\/\/huyl.com\/de\/wp-json\/wp\/v2\/product_tag?post=14096"}],"curies":[{"name":"wp","href":"https:\/\/api.w.org\/{rel}","templated":true}]}}