{"id":17704,"date":"2026-02-05T16:39:05","date_gmt":"2026-02-05T14:39:05","guid":{"rendered":"https:\/\/huyl.com\/?post_type=product&#038;p=17704"},"modified":"2026-02-11T17:45:25","modified_gmt":"2026-02-11T15:45:25","slug":"schreibtischlampe-display-fur-lego-speed-champions-77243-f1-red-bull-racing-rb20-copy","status":"publish","type":"product","link":"https:\/\/huyl.com\/de\/shop\/schreibtischlampe-display-fur-lego-speed-champions-77243-f1-red-bull-racing-rb20-copy\/","title":{"rendered":"Schreibtischlampe &amp; Display f\u00fcr LEGO\u00ae Speed Champions 77252 F1 APXGP &#8211; F1 The Movie"},"content":{"rendered":"<h3 class=\"p1\" style=\"text-align: left;\">Schreibtischlampe &amp; Display f\u00fcr LEGO\u00ae Speed Champions 77252 F1 APXGP<\/h3>\n<p class=\"p3\" style=\"text-align: left;\">Verwandeln Sie Ihre LEGO\u00ae Speed Champions in eine <span class=\"s1\"><b>atemberaubende Schreibtischlampe<\/b> und einen<b> eleganten, modernen St\u00e4nder in Ihrem Regal<\/b><\/span>!<\/p>\n<p class=\"p3\" style=\"text-align: left;\">Mit dem HUYL-Display k\u00f6nnen Sie Ihr Meisterwerk mit einem schlanken, modernen Design stolz pr\u00e4sentieren &#8211; und mit den integrierten LED-Lichtern Ihre Tr\u00e4ume mit der Geschwindigkeit eines F1-Autos fahren.<\/p>\n<p>&nbsp;<\/p>\n<h5 class=\"p4\" style=\"text-align: left;\"><b>Wichtige Merkmale:<\/b><b><\/b><\/h5>\n<p>&#x2714; <span class=\"s1\"><b>Das ultimative Display f\u00fcr F1-Fans<\/b><\/span> &#8211; Ihre F1-Leidenschaft verdient ihren Platz. Bringen Sie sie in Ihre N\u00e4he und zeigen Sie Ihr Lieblings-Formel-1-Team auf diesem brandneuen Rahmen.<\/p>\n<p class=\"p3\" style=\"text-align: left;\">&#x2714; <span class=\"s1\"><b>Verwandelt LEGO\u00ae Sets in Kunstwerke<\/b><\/span> &#8211; Verwandeln Sie Ihr F1 APXGP Set in ein wahres Meisterwerk, das sich sehen lassen kann. Dies ist der perfekte Hintergrund f\u00fcr Ihr F1 Auto.<\/p>\n<p class=\"p3\" style=\"text-align: left;\">&#x2714; <span class=\"s1\"><b>Schreibtischlampe<\/b><\/span> &#8211; Schalten Sie das LED-Licht ein und entdecken Sie alle eingravierten Details. Ideal f\u00fcr den Schreibtisch zu Hause oder am Arbeitsplatz, den Nachttisch im Schlafzimmer oder das Regal im Wohnzimmer.<\/p>\n<p class=\"p3\" style=\"text-align: left;\">&#x2714; <span class=\"s1\"><b>Premium-\u00c4sthetik<\/b><\/span> &#8211; Gl\u00e4nzende 5 mm Plexiglasplatte auf der R\u00fcckseite bedruckt, auf der Vorderseite eingraviert, um die Kraft und Geschwindigkeit eines F1-Autos hervorzuheben<\/p>\n<p class=\"p3\" style=\"text-align: left;\">&#x2714; <span class=\"s1\"><b>Das perfekte Geschenk<\/b><\/span> &#8211; Ob f\u00fcr ein Kind oder einen Erwachsenen, dieses Display ist das perfekte Geschenk f\u00fcr jeden F1-Fan. W\u00e4hlen Sie nur den St\u00e4nder oder schlie\u00dfen Sie das LEGO Set mit ein, um ein umfassendes Erlebnis zu erhalten.<\/p>\n<p class=\"p3\" style=\"text-align: left;\">Zeigen Sie Ihre LEGO\u00ae Sammlung mit Stil &#8211; denn Ihre Bauwerke verdienen es, wie Kunstwerke bewundert zu werden!<\/p>\n<p>&nbsp;<\/p>\n<p class=\"p3\" style=\"text-align: left;\"><i>(USB-Ladeger\u00e4t nicht enthalten<\/i>)<\/p>\n","protected":false},"excerpt":{"rendered":"<p>St\u00e4nder f\u00fcr den Tag, sanfte Lampe f\u00fcr die Nacht. Beleuchten Sie Ihr Zimmer mit Ihrem Lieblings-F1-Team.<\/p>\n","protected":false},"featured_media":17775,"template":"","meta":{"inline_featured_image":false},"product_brand":[309],"product_cat":[323],"product_tag":[329],"class_list":{"0":"post-17704","1":"product","2":"type-product","3":"status-publish","4":"has-post-thumbnail","6":"product_brand-huyl","7":"product_cat-lego-speed-champions-de","8":"product_tag-f1-de","9":"product_shipping_class-f1-speed-champions","11":"first","12":"instock","13":"taxable","14":"shipping-taxable","15":"purchasable","16":"product-type-variable","17":"has-default-attributes","18":"layout-style-6","19":"col-md-4 col-sm-4 col-xs-6","20":"col-lg-3","21":"product-has-gallery","22":"product-style-slider"},"yoast_head":"<!-- This site is optimized with the Yoast SEO plugin v27.2 - https:\/\/yoast.com\/product\/yoast-seo-wordpress\/ -->\n<title>HUYL - Schreibtischlampe &amp; Display f\u00fcr LEGO\u00ae 77252 F1 APXGP<\/title>\n<meta name=\"description\" content=\"Zeigen Sie Ihre F1-Leidenschaft und stellen Sie Ihre APXGP F1 Speed Champions stilvoll auf Ihrem Wohnzimmer, Schreibtisch oder Nachttisch im Schlafzimmer aus.\" \/>\n<meta name=\"robots\" content=\"index, follow, max-snippet:-1, max-image-preview:large, max-video-preview:-1\" \/>\n<link rel=\"canonical\" href=\"https:\/\/huyl.com\/de\/shop\/schreibtischlampe-display-fur-lego-speed-champions-77243-f1-red-bull-racing-rb20-copy\/\" \/>\n<meta property=\"og:locale\" content=\"de_DE\" \/>\n<meta property=\"og:type\" content=\"article\" \/>\n<meta property=\"og:title\" content=\"HUYL - Schreibtischlampe &amp; Display f\u00fcr LEGO\u00ae 77252 F1 APXGP\" \/>\n<meta property=\"og:description\" content=\"Zeigen Sie Ihre F1-Leidenschaft und stellen Sie Ihre APXGP F1 Speed Champions stilvoll auf Ihrem Wohnzimmer, Schreibtisch oder Nachttisch im Schlafzimmer aus.\" \/>\n<meta property=\"og:url\" content=\"https:\/\/huyl.com\/de\/shop\/schreibtischlampe-display-fur-lego-speed-champions-77243-f1-red-bull-racing-rb20-copy\/\" \/>\n<meta property=\"og:site_name\" content=\"HUYL\" \/>\n<meta property=\"article:modified_time\" content=\"2026-02-11T15:45:25+00:00\" \/>\n<meta property=\"og:image\" content=\"https:\/\/huyl.com\/wp-content\/uploads\/2026\/02\/F1_lamp_APXGP_01.jpg\" \/>\n\t<meta property=\"og:image:width\" content=\"1200\" \/>\n\t<meta property=\"og:image:height\" content=\"1428\" \/>\n\t<meta property=\"og:image:type\" content=\"image\/jpeg\" \/>\n<meta name=\"twitter:card\" content=\"summary_large_image\" \/>\n<script type=\"application\/ld+json\" class=\"yoast-schema-graph\">{\"@context\":\"https:\/\/schema.org\",\"@graph\":[{\"@type\":\"WebPage\",\"@id\":\"https:\/\/huyl.com\/de\/shop\/schreibtischlampe-display-fur-lego-speed-champions-77243-f1-red-bull-racing-rb20-copy\/\",\"url\":\"https:\/\/huyl.com\/de\/shop\/schreibtischlampe-display-fur-lego-speed-champions-77243-f1-red-bull-racing-rb20-copy\/\",\"name\":\"HUYL - Schreibtischlampe & Display f\u00fcr LEGO\u00ae 77252 F1 APXGP\",\"isPartOf\":{\"@id\":\"https:\/\/huyl.com\/de\/#website\"},\"primaryImageOfPage\":{\"@id\":\"https:\/\/huyl.com\/de\/shop\/schreibtischlampe-display-fur-lego-speed-champions-77243-f1-red-bull-racing-rb20-copy\/#primaryimage\"},\"image\":{\"@id\":\"https:\/\/huyl.com\/de\/shop\/schreibtischlampe-display-fur-lego-speed-champions-77243-f1-red-bull-racing-rb20-copy\/#primaryimage\"},\"thumbnailUrl\":\"https:\/\/huyl.com\/wp-content\/uploads\/2026\/02\/F1_lamp_APXGP_01.jpg\",\"datePublished\":\"2026-02-05T14:39:05+00:00\",\"dateModified\":\"2026-02-11T15:45:25+00:00\",\"description\":\"Zeigen Sie Ihre F1-Leidenschaft und stellen Sie Ihre APXGP F1 Speed Champions stilvoll auf Ihrem Wohnzimmer, Schreibtisch oder Nachttisch im Schlafzimmer aus.\",\"breadcrumb\":{\"@id\":\"https:\/\/huyl.com\/de\/shop\/schreibtischlampe-display-fur-lego-speed-champions-77243-f1-red-bull-racing-rb20-copy\/#breadcrumb\"},\"inLanguage\":\"de\",\"potentialAction\":[{\"@type\":\"ReadAction\",\"target\":[\"https:\/\/huyl.com\/de\/shop\/schreibtischlampe-display-fur-lego-speed-champions-77243-f1-red-bull-racing-rb20-copy\/\"]}]},{\"@type\":\"ImageObject\",\"inLanguage\":\"de\",\"@id\":\"https:\/\/huyl.com\/de\/shop\/schreibtischlampe-display-fur-lego-speed-champions-77243-f1-red-bull-racing-rb20-copy\/#primaryimage\",\"url\":\"https:\/\/huyl.com\/wp-content\/uploads\/2026\/02\/F1_lamp_APXGP_01.jpg\",\"contentUrl\":\"https:\/\/huyl.com\/wp-content\/uploads\/2026\/02\/F1_lamp_APXGP_01.jpg\",\"width\":1200,\"height\":1428},{\"@type\":\"BreadcrumbList\",\"@id\":\"https:\/\/huyl.com\/de\/shop\/schreibtischlampe-display-fur-lego-speed-champions-77243-f1-red-bull-racing-rb20-copy\/#breadcrumb\",\"itemListElement\":[{\"@type\":\"ListItem\",\"position\":1,\"name\":\"Shop\",\"item\":\"https:\/\/huyl.com\/de\/shop\/\"},{\"@type\":\"ListItem\",\"position\":2,\"name\":\"Schreibtischlampe &amp; Display f\u00fcr LEGO\u00ae Speed Champions 77252 F1 APXGP &#8211; F1 The Movie\"}]},{\"@type\":\"WebSite\",\"@id\":\"https:\/\/huyl.com\/de\/#website\",\"url\":\"https:\/\/huyl.com\/de\/\",\"name\":\"HUYL\",\"description\":\"Trasforma la tua collezione di mattoncini in una galleria d&#039;arte!\",\"publisher\":{\"@id\":\"https:\/\/huyl.com\/de\/#organization\"},\"potentialAction\":[{\"@type\":\"SearchAction\",\"target\":{\"@type\":\"EntryPoint\",\"urlTemplate\":\"https:\/\/huyl.com\/de\/?s={search_term_string}\"},\"query-input\":{\"@type\":\"PropertyValueSpecification\",\"valueRequired\":true,\"valueName\":\"search_term_string\"}}],\"inLanguage\":\"de\"},{\"@type\":\"Organization\",\"@id\":\"https:\/\/huyl.com\/de\/#organization\",\"name\":\"HUYL S.r.l.\",\"url\":\"https:\/\/huyl.com\/de\/\",\"logo\":{\"@type\":\"ImageObject\",\"inLanguage\":\"de\",\"@id\":\"https:\/\/huyl.com\/de\/#\/schema\/logo\/image\/\",\"url\":\"https:\/\/huyl.com\/wp-content\/uploads\/2021\/10\/cropped-logo_squared.png\",\"contentUrl\":\"https:\/\/huyl.com\/wp-content\/uploads\/2021\/10\/cropped-logo_squared.png\",\"width\":512,\"height\":512,\"caption\":\"HUYL S.r.l.\"},\"image\":{\"@id\":\"https:\/\/huyl.com\/de\/#\/schema\/logo\/image\/\"}}]}<\/script>\n<!-- \/ Yoast SEO plugin. -->","yoast_head_json":{"title":"HUYL - Schreibtischlampe & Display f\u00fcr LEGO\u00ae 77252 F1 APXGP","description":"Zeigen Sie Ihre F1-Leidenschaft und stellen Sie Ihre APXGP F1 Speed Champions stilvoll auf Ihrem Wohnzimmer, Schreibtisch oder Nachttisch im Schlafzimmer aus.","robots":{"index":"index","follow":"follow","max-snippet":"max-snippet:-1","max-image-preview":"max-image-preview:large","max-video-preview":"max-video-preview:-1"},"canonical":"https:\/\/huyl.com\/de\/shop\/schreibtischlampe-display-fur-lego-speed-champions-77243-f1-red-bull-racing-rb20-copy\/","og_locale":"de_DE","og_type":"article","og_title":"HUYL - Schreibtischlampe & Display f\u00fcr LEGO\u00ae 77252 F1 APXGP","og_description":"Zeigen Sie Ihre F1-Leidenschaft und stellen Sie Ihre APXGP F1 Speed Champions stilvoll auf Ihrem Wohnzimmer, Schreibtisch oder Nachttisch im Schlafzimmer aus.","og_url":"https:\/\/huyl.com\/de\/shop\/schreibtischlampe-display-fur-lego-speed-champions-77243-f1-red-bull-racing-rb20-copy\/","og_site_name":"HUYL","article_modified_time":"2026-02-11T15:45:25+00:00","og_image":[{"width":1200,"height":1428,"url":"https:\/\/huyl.com\/wp-content\/uploads\/2026\/02\/F1_lamp_APXGP_01.jpg","type":"image\/jpeg"}],"twitter_card":"summary_large_image","schema":{"@context":"https:\/\/schema.org","@graph":[{"@type":"WebPage","@id":"https:\/\/huyl.com\/de\/shop\/schreibtischlampe-display-fur-lego-speed-champions-77243-f1-red-bull-racing-rb20-copy\/","url":"https:\/\/huyl.com\/de\/shop\/schreibtischlampe-display-fur-lego-speed-champions-77243-f1-red-bull-racing-rb20-copy\/","name":"HUYL - Schreibtischlampe & Display f\u00fcr LEGO\u00ae 77252 F1 APXGP","isPartOf":{"@id":"https:\/\/huyl.com\/de\/#website"},"primaryImageOfPage":{"@id":"https:\/\/huyl.com\/de\/shop\/schreibtischlampe-display-fur-lego-speed-champions-77243-f1-red-bull-racing-rb20-copy\/#primaryimage"},"image":{"@id":"https:\/\/huyl.com\/de\/shop\/schreibtischlampe-display-fur-lego-speed-champions-77243-f1-red-bull-racing-rb20-copy\/#primaryimage"},"thumbnailUrl":"https:\/\/huyl.com\/wp-content\/uploads\/2026\/02\/F1_lamp_APXGP_01.jpg","datePublished":"2026-02-05T14:39:05+00:00","dateModified":"2026-02-11T15:45:25+00:00","description":"Zeigen Sie Ihre F1-Leidenschaft und stellen Sie Ihre APXGP F1 Speed Champions stilvoll auf Ihrem Wohnzimmer, Schreibtisch oder Nachttisch im Schlafzimmer aus.","breadcrumb":{"@id":"https:\/\/huyl.com\/de\/shop\/schreibtischlampe-display-fur-lego-speed-champions-77243-f1-red-bull-racing-rb20-copy\/#breadcrumb"},"inLanguage":"de","potentialAction":[{"@type":"ReadAction","target":["https:\/\/huyl.com\/de\/shop\/schreibtischlampe-display-fur-lego-speed-champions-77243-f1-red-bull-racing-rb20-copy\/"]}]},{"@type":"ImageObject","inLanguage":"de","@id":"https:\/\/huyl.com\/de\/shop\/schreibtischlampe-display-fur-lego-speed-champions-77243-f1-red-bull-racing-rb20-copy\/#primaryimage","url":"https:\/\/huyl.com\/wp-content\/uploads\/2026\/02\/F1_lamp_APXGP_01.jpg","contentUrl":"https:\/\/huyl.com\/wp-content\/uploads\/2026\/02\/F1_lamp_APXGP_01.jpg","width":1200,"height":1428},{"@type":"BreadcrumbList","@id":"https:\/\/huyl.com\/de\/shop\/schreibtischlampe-display-fur-lego-speed-champions-77243-f1-red-bull-racing-rb20-copy\/#breadcrumb","itemListElement":[{"@type":"ListItem","position":1,"name":"Shop","item":"https:\/\/huyl.com\/de\/shop\/"},{"@type":"ListItem","position":2,"name":"Schreibtischlampe &amp; Display f\u00fcr LEGO\u00ae Speed Champions 77252 F1 APXGP &#8211; F1 The Movie"}]},{"@type":"WebSite","@id":"https:\/\/huyl.com\/de\/#website","url":"https:\/\/huyl.com\/de\/","name":"HUYL","description":"Trasforma la tua collezione di mattoncini in una galleria d&#039;arte!","publisher":{"@id":"https:\/\/huyl.com\/de\/#organization"},"potentialAction":[{"@type":"SearchAction","target":{"@type":"EntryPoint","urlTemplate":"https:\/\/huyl.com\/de\/?s={search_term_string}"},"query-input":{"@type":"PropertyValueSpecification","valueRequired":true,"valueName":"search_term_string"}}],"inLanguage":"de"},{"@type":"Organization","@id":"https:\/\/huyl.com\/de\/#organization","name":"HUYL S.r.l.","url":"https:\/\/huyl.com\/de\/","logo":{"@type":"ImageObject","inLanguage":"de","@id":"https:\/\/huyl.com\/de\/#\/schema\/logo\/image\/","url":"https:\/\/huyl.com\/wp-content\/uploads\/2021\/10\/cropped-logo_squared.png","contentUrl":"https:\/\/huyl.com\/wp-content\/uploads\/2021\/10\/cropped-logo_squared.png","width":512,"height":512,"caption":"HUYL S.r.l."},"image":{"@id":"https:\/\/huyl.com\/de\/#\/schema\/logo\/image\/"}}]}},"jetpack_sharing_enabled":true,"_links":{"self":[{"href":"https:\/\/huyl.com\/de\/wp-json\/wp\/v2\/product\/17704","targetHints":{"allow":["GET"]}}],"collection":[{"href":"https:\/\/huyl.com\/de\/wp-json\/wp\/v2\/product"}],"about":[{"href":"https:\/\/huyl.com\/de\/wp-json\/wp\/v2\/types\/product"}],"wp:featuredmedia":[{"embeddable":true,"href":"https:\/\/huyl.com\/de\/wp-json\/wp\/v2\/media\/17775"}],"wp:attachment":[{"href":"https:\/\/huyl.com\/de\/wp-json\/wp\/v2\/media?parent=17704"}],"wp:term":[{"taxonomy":"product_brand","embeddable":true,"href":"https:\/\/huyl.com\/de\/wp-json\/wp\/v2\/product_brand?post=17704"},{"taxonomy":"product_cat","embeddable":true,"href":"https:\/\/huyl.com\/de\/wp-json\/wp\/v2\/product_cat?post=17704"},{"taxonomy":"product_tag","embeddable":true,"href":"https:\/\/huyl.com\/de\/wp-json\/wp\/v2\/product_tag?post=17704"}],"curies":[{"name":"wp","href":"https:\/\/api.w.org\/{rel}","templated":true}]}}