{"id":14709,"date":"2025-10-22T10:26:29","date_gmt":"2025-10-22T08:26:29","guid":{"rendered":"https:\/\/huyl.com\/sobre-nosotros\/"},"modified":"2025-10-22T10:26:42","modified_gmt":"2025-10-22T08:26:42","slug":"sobre-nosotros","status":"publish","type":"page","link":"https:\/\/huyl.com\/es\/sobre-nosotros\/","title":{"rendered":"Sobre nosotros"},"content":{"rendered":"<div class=\"wpb-content-wrapper\"><p>[vc_row full_width=\u00bbstretch_row\u00bb content_placement=\u00bbmiddle\u00bb][vc_column width=\u00bb1\/2&#8243;][vc_column_text css=\u00bb\u00bb]<\/p>\n<blockquote>\n<h2 class=\"p1\">\u00bf<b>Los ladrillos LEGO\u00ae<\/b> <b>pueden considerarse arte<\/b>?<\/h2>\n<\/blockquote>\n<p class=\"p1\">En HUYL, tambi\u00e9n conocido como Hang Up Your Lego, creemos que cada obra maestra de LEGO\u00ae merece ser m\u00e1s que simplemente almacenada: merece ser exhibida.<\/p>\n<p>[\/vc_column_text][\/vc_column][vc_column width=\u00bb1\/2&#8243;][vc_single_image image=\u00bb586&#8243; img_size=\u00bbfull\u00bb css=\u00bb\u00bb][\/vc_column][vc_column][vc_custom_heading text=\u00bbDonde todo empez\u00f3\u00bb font_container=\u00bbtag:h2|font_size:40px|text_align:left\u00bb use_theme_fonts=\u00bbyes\u00bb css=\u00bb.vc_custom_1754387609717{margin-top: 80px !important;margin-bottom: 40px !important;}\u00bb][\/vc_column][\/vc_row][vc_row full_width=\u00bbstretch_row\u00bb content_placement=\u00bbmiddle\u00bb][vc_column width=\u00bb1\/2&#8243;][vc_single_image image=\u00bb11866&#8243; img_size=\u00bbfull\u00bb alignment=\u00bbright\u00bb css=\u00bb\u00bb][\/vc_column][vc_column width=\u00bb1\/2&#8243;][vc_column_text css=\u00bb\u00bb]<\/p>\n<p class=\"p1\">It all started in our own home, with a need for space and a desire to appreciate our favorite builds daily \u2014 not hidden on shelves, but proudly showcased like true works of art.<\/p>\n<p class=\"p1\">As\u00ed naci\u00f3 la primera pantalla HUYL: de la necesidad, la curiosidad y el amor por el dise\u00f1o limpio.<\/p>\n<p>[\/vc_column_text][\/vc_column][\/vc_row][vc_row full_width=\u00bbstretch_row\u00bb content_placement=\u00bbmiddle\u00bb][vc_column width=\u00bb1\/2&#8243;][vc_column_text css=\u00bb\u00bb]<\/p>\n<p class=\"p1\">El resultado fue tan sorprendente que realmente creemos que puede inspirar a otros que, como nosotros, est\u00e1n motivados por la pasi\u00f3n por el dise\u00f1o, la funcionalidad y el arte construido con ladrillos.<\/p>\n<p class=\"p1\">Con el tiempo, dise\u00f1amos cada marco para que coincida perfectamente con su conjunto espec\u00edfico, seleccionamos los mejores proveedores de acr\u00edlico y exploramos todas las t\u00e9cnicas disponibles para mejorar el color y el brillo, todo para lograr un resultado sin igual.<\/p>\n<p>[\/vc_column_text][\/vc_column][vc_column width=\u00bb1\/2&#8243;][vc_single_image image=\u00bb11845&#8243; img_size=\u00bbfull\u00bb css=\u00bb\u00bb][\/vc_column][\/vc_row][vc_row][vc_column][vc_custom_heading text=\u00bbAdictos a la calidad &#8230;\u00bb font_container=\u00bbtag:h2|font_size:40px|text_align:left\u00bb use_theme_fonts=\u00bbyes\u00bb css=\u00bb.vc_custom_1754399711424{margin-top: 80px !important;margin-bottom: 20px !important;}\u00bb][vc_column_text css=\u00bb\u00bb]<\/p>\n<p class=\"p1\" style=\"text-align: left;\">Desde el principio, la calidad y los materiales han sido nuestros pilares fundamentales.<\/p>\n<p>[\/vc_column_text][vc_row_inner css=\u00bb.vc_custom_1754388489921{margin-top: 40px !important;}\u00bb][vc_column_inner width=\u00bb1\/3&#8243;]<div class=\"sober-icon-box icon-type-image icon-style-normal  \">\n\t\t\t\t<div class=\"box-icon\"><img decoding=\"async\" alt=\"Materiales de primera calidad\" data-src=\"https:\/\/huyl.com\/wp-content\/uploads\/2025\/08\/FB1_5518.jpg\" src=\"data:image\/svg+xml;base64,PHN2ZyB3aWR0aD0iMSIgaGVpZ2h0PSIxIiB4bWxucz0iaHR0cDovL3d3dy53My5vcmcvMjAwMC9zdmciPjwvc3ZnPg==\" class=\"lazyload\" style=\"--smush-placeholder-width: 1600px; --smush-placeholder-aspect-ratio: 1600\/1067;\"><\/div>\n\t\t\t\t<h3 class=\"box-title\">Materiales de primera calidad<\/h3>\n\t\t\t\t<div class=\"box-content\"><\/p>\n<p class=\"p1\">Utilizamos <span class=\"s1\"><b>plexigl\u00e1s (PMMA) de alta calidad<\/b><\/span>conocido por su excepcional claridad \u00f3ptica (hasta un 92% de transmisi\u00f3n de la luz) y su resistencia a los impactos y al envejecimiento, superior a la del vidrio o el poliestireno.<\/p>\n<p class=\"p1\">Siempre que es posible, elegimos <span class=\"s1\"><b>acr\u00edlicos reciclados certificados<\/b><\/span> (como Recrylic\u00ae o GreenCast\u00ae), que ofrecen las mismas prestaciones que el PMMA virgen, con un impacto medioambiental significativamente menor.<\/p>\n<p><\/div>\n\t\t\t<\/div>[\/vc_column_inner][vc_column_inner width=\u00bb1\/3&#8243;]<div class=\"sober-icon-box icon-type-image icon-style-normal  \">\n\t\t\t\t<div class=\"box-icon\"><img decoding=\"async\" alt=\"Atenci\u00f3n al detalle\" data-src=\"https:\/\/huyl.com\/wp-content\/uploads\/2025\/08\/FB1_5582.jpg\" src=\"data:image\/svg+xml;base64,PHN2ZyB3aWR0aD0iMSIgaGVpZ2h0PSIxIiB4bWxucz0iaHR0cDovL3d3dy53My5vcmcvMjAwMC9zdmciPjwvc3ZnPg==\" class=\"lazyload\" style=\"--smush-placeholder-width: 1600px; --smush-placeholder-aspect-ratio: 1600\/1067;\"><\/div>\n\t\t\t\t<h3 class=\"box-title\">Atenci\u00f3n al detalle<\/h3>\n\t\t\t\t<div class=\"box-content\"><\/p>\n<p class=\"p1\">Cada expositor est\u00e1 hecho a mano y <span class=\"s1\"><b>dise\u00f1ado con precisi\u00f3n<\/b><\/span> para garantizar una alineaci\u00f3n perfecta, cortes limpios y un ajuste perfecto.<\/p>\n<p class=\"p1\">El dise\u00f1o minimalista est\u00e1 pensado para <span class=\"s1\"><b>realzar tus sets LEGO<\/b><\/span>no distraer de ellos: l\u00edneas limpias, cierres discretos y bordes invisibles.<\/p>\n<p><\/div>\n\t\t\t<\/div>[\/vc_column_inner][vc_column_inner width=\u00bb1\/3&#8243;]<div class=\"sober-icon-box icon-type-image icon-style-normal  \">\n\t\t\t\t<div class=\"box-icon\"><img decoding=\"async\" alt=\"Opciones sostenibles\" data-src=\"https:\/\/huyl.com\/wp-content\/uploads\/2025\/08\/FB1_5789.jpg\" src=\"data:image\/svg+xml;base64,PHN2ZyB3aWR0aD0iMSIgaGVpZ2h0PSIxIiB4bWxucz0iaHR0cDovL3d3dy53My5vcmcvMjAwMC9zdmciPjwvc3ZnPg==\" class=\"lazyload\" style=\"--smush-placeholder-width: 1600px; --smush-placeholder-aspect-ratio: 1600\/1067;\"><\/div>\n\t\t\t\t<h3 class=\"box-title\">Opciones sostenibles<\/h3>\n\t\t\t\t<div class=\"box-content\"><\/p>\n<p class=\"p1\">Favorecemos los materiales que no s\u00f3lo son reciclados, sino tambi\u00e9n <span class=\"s1\"><b>totalmente reciclables<\/b><\/span>apoyando la sostenibilidad a largo plazo en el uso del acr\u00edlico.<\/p>\n<p class=\"p1\">Todos nuestros proveedores aplican <span class=\"s1\"><b>procesos de energ\u00eda verde y reciclaje interno<\/b><\/span>ayudando a reducir las emisiones de CO\u2082 durante la producci\u00f3n.<\/p>\n<p><\/div>\n\t\t\t<\/div>[\/vc_column_inner][\/vc_row_inner][vc_empty_space height=\u00bb40px\u00bb][\/vc_column][\/vc_row][vc_row][vc_column][vc_custom_heading text=\u00bb&#8230;y a la satisfacci\u00f3n del cliente\u00bb font_container=\u00bbtag:h2|font_size:40px|text_align:left\u00bb use_theme_fonts=\u00bbyes\u00bb css=\u00bb.vc_custom_1754399743243{margin-top: 80px !important;margin-bottom: 20px !important;}\u00bb][vc_column_text css=\u00bb\u00bb]<\/p>\n<p class=\"p1\" style=\"text-align: left;\">La satisfacci\u00f3n del cliente est\u00e1 por encima de todo, y es por eso que trabajamos duro cada d\u00eda para lograrlo.<\/p>\n<p>[\/vc_column_text][vc_row_inner css=\u00bb.vc_custom_1754388489921{margin-top: 40px !important;}\u00bb][vc_column_inner width=\u00bb1\/3&#8243;]<div class=\"sober-icon-box icon-type-image icon-style-normal  \">\n\t\t\t\t<div class=\"box-icon\"><img decoding=\"async\" alt=\"Env\u00edo r\u00e1pido\" data-src=\"https:\/\/huyl.com\/wp-content\/uploads\/2025\/08\/FB1_5868.jpg\" src=\"data:image\/svg+xml;base64,PHN2ZyB3aWR0aD0iMSIgaGVpZ2h0PSIxIiB4bWxucz0iaHR0cDovL3d3dy53My5vcmcvMjAwMC9zdmciPjwvc3ZnPg==\" class=\"lazyload\" style=\"--smush-placeholder-width: 1600px; --smush-placeholder-aspect-ratio: 1600\/1067;\"><\/div>\n\t\t\t\t<h3 class=\"box-title\">Env\u00edo r\u00e1pido<\/h3>\n\t\t\t\t<div class=\"box-content\"><\/p>\n<p class=\"p1\">Sabemos lo emocionante que es completar una construcci\u00f3n LEGO\u00ae, y a\u00fan m\u00e1s exhibirla.<\/p>\n<p class=\"p1\">Por eso ofrecemos <span class=\"s1\"><b>env\u00edos r\u00e1pidos y fiables<\/b><\/span> en todos nuestros productos. Tanto si haces tu pedido cerca de casa como en el extranjero, trabajamos con UPS para garantizar que tu expositor llegue <span class=\"s1\"><b>de forma r\u00e1pida y segura<\/b><\/span>. <\/p>\n<p><\/div>\n\t\t\t<\/div>[\/vc_column_inner][vc_column_inner width=\u00bb1\/3&#8243;]<div class=\"sober-icon-box icon-type-image icon-style-normal  \">\n\t\t\t\t<div class=\"box-icon\"><img decoding=\"async\" alt=\"Atenci\u00f3n al cliente\" data-src=\"https:\/\/huyl.com\/wp-content\/uploads\/2025\/08\/FB1_5900.jpg\" src=\"data:image\/svg+xml;base64,PHN2ZyB3aWR0aD0iMSIgaGVpZ2h0PSIxIiB4bWxucz0iaHR0cDovL3d3dy53My5vcmcvMjAwMC9zdmciPjwvc3ZnPg==\" class=\"lazyload\" style=\"--smush-placeholder-width: 1600px; --smush-placeholder-aspect-ratio: 1600\/1067;\"><\/div>\n\t\t\t\t<h3 class=\"box-title\">Atenci\u00f3n al cliente<\/h3>\n\t\t\t\t<div class=\"box-content\"><\/p>\n<p class=\"p1\">Tanto si es una pregunta sobre compatibilidad, como si necesitas ayuda con la instalaci\u00f3n o simplemente quieres compartir una foto de tu pantalla en acci\u00f3n, estamos aqu\u00ed para todo.<\/p>\n<p>Y si algo sale mal, no te preocupes: nos encargamos de  <span class=\"s1\"><b>atenci\u00f3n al cliente en serio<\/b><\/span>desde el momento en que entras en nuestro sitio web hasta mucho despu\u00e9s de que llegue tu pedido, porque tu satisfacci\u00f3n es lo m\u00e1s importante.<\/div>\n\t\t\t<\/div>[\/vc_column_inner][vc_column_inner width=\u00bb1\/3&#8243;]<div class=\"sober-icon-box icon-type-image icon-style-normal  \">\n\t\t\t\t<div class=\"box-icon\"><img decoding=\"async\" alt=\"Personalizaci\u00f3n\" data-src=\"https:\/\/huyl.com\/wp-content\/uploads\/2025\/08\/customs.jpg\" src=\"data:image\/svg+xml;base64,PHN2ZyB3aWR0aD0iMSIgaGVpZ2h0PSIxIiB4bWxucz0iaHR0cDovL3d3dy53My5vcmcvMjAwMC9zdmciPjwvc3ZnPg==\" class=\"lazyload\" style=\"--smush-placeholder-width: 1600px; --smush-placeholder-aspect-ratio: 1600\/1067;\"><\/div>\n\t\t\t\t<h3 class=\"box-title\">Personalizaci\u00f3n<\/h3>\n\t\t\t\t<div class=\"box-content\"><\/p>\n<p class=\"p1\">Cada colecci\u00f3n LEGO\u00ae es \u00fanica, y creemos que tu exposici\u00f3n tambi\u00e9n deber\u00eda serlo. Por eso ofrecemos <span class=\"s1\"><b>soluciones personalizadas<\/b><\/span> dise\u00f1adas en funci\u00f3n de tus necesidades espec\u00edficas. <\/p>\n<p class=\"p1\">Nos encantan los retos y las peticiones especiales: nos empujan a crear dise\u00f1os a\u00fan mejores. Dinos lo que tienes en mente y trabajaremos contigo para darle vida. <\/p>\n<p><\/div>\n\t\t\t<\/div>[\/vc_column_inner][\/vc_row_inner][vc_empty_space height=\u00bb120px\u00bb][\/vc_column][\/vc_row][vc_row full_width=\u00bbstretch_row_content_no_spaces\u00bb gap=\u00bb30&#8243; parallax=\u00bbcontent-moving\u00bb parallax_speed_bg=\u00bb1.2&#8243; css=\u00bb.vc_custom_1754386755747{padding-top: 70px !important;padding-bottom: 130px !important;background: #F2F2F2 url(https:\/\/huyl.com\/wp-content\/uploads\/2025\/08\/founders.jpg?id=11859);background-position: center;background-repeat: no-repeat !important;background-size: contain !important;}\u00bb][vc_column offset=\u00bbvc_col-lg-offset-4 vc_col-lg-8 vc_col-md-offset-0 vc_col-md-12&#8243;][vc_column_text css=\u00bb\u00bb]<\/p>\n<h4 class=\"p1\" style=\"text-align: center;\"><em>Esperamos sinceramente que estas exhibiciones caseras<br \/>encuentren un lugar en su hogar.<\/em><\/h4>\n<h4 class=\"p1\" style=\"text-align: center;\"><em>\u00a1Ciertamente lo hicieron en el nuestro!<\/em><\/h4>\n<p>[\/vc_column_text][vc_custom_heading text=\u00bbFrancesco &amp; Nicola\u00bb font_container=\u00bbtag:h2|font_size:32|text_align:center\u00bb google_fonts=\u00bbfont_family:Montez%3A400|font_style:400%20regular%3A400%3Anormal\u00bb css=\u00bb.vc_custom_1754386790378{margin-top: 50px !important;margin-bottom: 0px !important;}\u00bb][\/vc_column][\/vc_row]<\/p>\n<\/div>","protected":false},"excerpt":{"rendered":"<p>[vc_row full_width=\u00bbstretch_row\u00bb content_placement=\u00bbmiddle\u00bb][vc_column width=\u00bb1\/2&#8243;][vc_column_text css=\u00bb\u00bb] \u00bfLos ladrillos LEGO\u00ae pueden considerarse arte? En HUYL, tambi\u00e9n conocido como Hang Up Your Lego, creemos que cada obra maestra de LEGO\u00ae merece ser m\u00e1s&hellip;<\/p>\n","protected":false},"author":1,"featured_media":0,"parent":0,"menu_order":0,"comment_status":"closed","ping_status":"closed","template":"","meta":{"inline_featured_image":false,"footnotes":""},"class_list":["post-14709","page","type-page","status-publish","hentry"],"yoast_head":"<!-- This site is optimized with the Yoast SEO plugin v27.2 - https:\/\/yoast.com\/product\/yoast-seo-wordpress\/ -->\n<title>HUYL - Sobre nosotros<\/title>\n<meta name=\"description\" content=\"En HUYL, creemos que todas las obras maestras LEGO\u00ae merecen algo m\u00e1s que estar guardadas: merecen ser expuestas.\" \/>\n<meta name=\"robots\" content=\"index, follow, max-snippet:-1, max-image-preview:large, max-video-preview:-1\" \/>\n<link rel=\"canonical\" href=\"https:\/\/huyl.com\/es\/sobre-nosotros\/\" \/>\n<meta property=\"og:locale\" content=\"es_ES\" \/>\n<meta property=\"og:type\" content=\"article\" \/>\n<meta property=\"og:title\" content=\"HUYL - Sobre nosotros\" \/>\n<meta property=\"og:description\" content=\"En HUYL, creemos que todas las obras maestras LEGO\u00ae merecen algo m\u00e1s que estar guardadas: merecen ser expuestas.\" \/>\n<meta property=\"og:url\" content=\"https:\/\/huyl.com\/es\/sobre-nosotros\/\" \/>\n<meta property=\"og:site_name\" content=\"HUYL\" \/>\n<meta property=\"article:modified_time\" content=\"2025-10-22T08:26:42+00:00\" \/>\n<meta name=\"twitter:card\" content=\"summary_large_image\" \/>\n<script type=\"application\/ld+json\" class=\"yoast-schema-graph\">{\"@context\":\"https:\/\/schema.org\",\"@graph\":[{\"@type\":\"WebPage\",\"@id\":\"https:\/\/huyl.com\/es\/sobre-nosotros\/\",\"url\":\"https:\/\/huyl.com\/es\/sobre-nosotros\/\",\"name\":\"HUYL - Sobre nosotros\",\"isPartOf\":{\"@id\":\"https:\/\/huyl.com\/es\/#website\"},\"datePublished\":\"2025-10-22T08:26:29+00:00\",\"dateModified\":\"2025-10-22T08:26:42+00:00\",\"description\":\"En HUYL, creemos que todas las obras maestras LEGO\u00ae merecen algo m\u00e1s que estar guardadas: merecen ser expuestas.\",\"inLanguage\":\"es\",\"potentialAction\":[{\"@type\":\"ReadAction\",\"target\":[\"https:\/\/huyl.com\/es\/sobre-nosotros\/\"]}]},{\"@type\":\"WebSite\",\"@id\":\"https:\/\/huyl.com\/es\/#website\",\"url\":\"https:\/\/huyl.com\/es\/\",\"name\":\"HUYL\",\"description\":\"Trasforma la tua collezione di mattoncini in una galleria d&#039;arte!\",\"publisher\":{\"@id\":\"https:\/\/huyl.com\/es\/#organization\"},\"potentialAction\":[{\"@type\":\"SearchAction\",\"target\":{\"@type\":\"EntryPoint\",\"urlTemplate\":\"https:\/\/huyl.com\/es\/?s={search_term_string}\"},\"query-input\":{\"@type\":\"PropertyValueSpecification\",\"valueRequired\":true,\"valueName\":\"search_term_string\"}}],\"inLanguage\":\"es\"},{\"@type\":\"Organization\",\"@id\":\"https:\/\/huyl.com\/es\/#organization\",\"name\":\"HUYL S.r.l.\",\"url\":\"https:\/\/huyl.com\/es\/\",\"logo\":{\"@type\":\"ImageObject\",\"inLanguage\":\"es\",\"@id\":\"https:\/\/huyl.com\/es\/#\/schema\/logo\/image\/\",\"url\":\"https:\/\/huyl.com\/wp-content\/uploads\/2021\/10\/cropped-logo_squared.png\",\"contentUrl\":\"https:\/\/huyl.com\/wp-content\/uploads\/2021\/10\/cropped-logo_squared.png\",\"width\":512,\"height\":512,\"caption\":\"HUYL S.r.l.\"},\"image\":{\"@id\":\"https:\/\/huyl.com\/es\/#\/schema\/logo\/image\/\"}}]}<\/script>\n<!-- \/ Yoast SEO plugin. -->","yoast_head_json":{"title":"HUYL - Sobre nosotros","description":"En HUYL, creemos que todas las obras maestras LEGO\u00ae merecen algo m\u00e1s que estar guardadas: merecen ser expuestas.","robots":{"index":"index","follow":"follow","max-snippet":"max-snippet:-1","max-image-preview":"max-image-preview:large","max-video-preview":"max-video-preview:-1"},"canonical":"https:\/\/huyl.com\/es\/sobre-nosotros\/","og_locale":"es_ES","og_type":"article","og_title":"HUYL - Sobre nosotros","og_description":"En HUYL, creemos que todas las obras maestras LEGO\u00ae merecen algo m\u00e1s que estar guardadas: merecen ser expuestas.","og_url":"https:\/\/huyl.com\/es\/sobre-nosotros\/","og_site_name":"HUYL","article_modified_time":"2025-10-22T08:26:42+00:00","twitter_card":"summary_large_image","schema":{"@context":"https:\/\/schema.org","@graph":[{"@type":"WebPage","@id":"https:\/\/huyl.com\/es\/sobre-nosotros\/","url":"https:\/\/huyl.com\/es\/sobre-nosotros\/","name":"HUYL - Sobre nosotros","isPartOf":{"@id":"https:\/\/huyl.com\/es\/#website"},"datePublished":"2025-10-22T08:26:29+00:00","dateModified":"2025-10-22T08:26:42+00:00","description":"En HUYL, creemos que todas las obras maestras LEGO\u00ae merecen algo m\u00e1s que estar guardadas: merecen ser expuestas.","inLanguage":"es","potentialAction":[{"@type":"ReadAction","target":["https:\/\/huyl.com\/es\/sobre-nosotros\/"]}]},{"@type":"WebSite","@id":"https:\/\/huyl.com\/es\/#website","url":"https:\/\/huyl.com\/es\/","name":"HUYL","description":"Trasforma la tua collezione di mattoncini in una galleria d&#039;arte!","publisher":{"@id":"https:\/\/huyl.com\/es\/#organization"},"potentialAction":[{"@type":"SearchAction","target":{"@type":"EntryPoint","urlTemplate":"https:\/\/huyl.com\/es\/?s={search_term_string}"},"query-input":{"@type":"PropertyValueSpecification","valueRequired":true,"valueName":"search_term_string"}}],"inLanguage":"es"},{"@type":"Organization","@id":"https:\/\/huyl.com\/es\/#organization","name":"HUYL S.r.l.","url":"https:\/\/huyl.com\/es\/","logo":{"@type":"ImageObject","inLanguage":"es","@id":"https:\/\/huyl.com\/es\/#\/schema\/logo\/image\/","url":"https:\/\/huyl.com\/wp-content\/uploads\/2021\/10\/cropped-logo_squared.png","contentUrl":"https:\/\/huyl.com\/wp-content\/uploads\/2021\/10\/cropped-logo_squared.png","width":512,"height":512,"caption":"HUYL S.r.l."},"image":{"@id":"https:\/\/huyl.com\/es\/#\/schema\/logo\/image\/"}}]}},"jetpack_sharing_enabled":true,"_links":{"self":[{"href":"https:\/\/huyl.com\/es\/wp-json\/wp\/v2\/pages\/14709","targetHints":{"allow":["GET"]}}],"collection":[{"href":"https:\/\/huyl.com\/es\/wp-json\/wp\/v2\/pages"}],"about":[{"href":"https:\/\/huyl.com\/es\/wp-json\/wp\/v2\/types\/page"}],"author":[{"embeddable":true,"href":"https:\/\/huyl.com\/es\/wp-json\/wp\/v2\/users\/1"}],"replies":[{"embeddable":true,"href":"https:\/\/huyl.com\/es\/wp-json\/wp\/v2\/comments?post=14709"}],"version-history":[{"count":0,"href":"https:\/\/huyl.com\/es\/wp-json\/wp\/v2\/pages\/14709\/revisions"}],"wp:attachment":[{"href":"https:\/\/huyl.com\/es\/wp-json\/wp\/v2\/media?parent=14709"}],"curies":[{"name":"wp","href":"https:\/\/api.w.org\/{rel}","templated":true}]}}