{"id":14090,"date":"2020-10-10T11:41:25","date_gmt":"2020-10-10T10:41:26","guid":{"rendered":"https:\/\/huyl.com\/shop\/expositor-mural-de-carbono-para-lego-technic-42056-porsche-911-gt3-rs\/"},"modified":"2025-10-21T10:21:04","modified_gmt":"2025-10-21T08:21:04","slug":"expositor-mural-de-carbono-para-lego-technic-42056-porsche-911-gt3-rs","status":"publish","type":"product","link":"https:\/\/huyl.com\/es\/shop\/expositor-mural-de-carbono-para-lego-technic-42056-porsche-911-gt3-rs\/","title":{"rendered":"Expositor mural de carbono para LEGO\u00ae Technic 42056 Porsche 911 GT3 RS"},"content":{"rendered":"<h3 class=\"p1\" style=\"text-align: left;\">Expositor mural de carbono para LEGO\u00ae Technic 42056 Porsche 911 GT3 RS<\/h3>\n<p class=\"p3\" style=\"text-align: left;\">Transforma tu Porsche 911 GT3 RS LEGO\u00ae Technic en una <span class=\"s1\"><b>impresionante obra de arte mural<\/b><\/span> \u00a1ahorrando un valioso espacio!<\/p>\n<p class=\"p3\" style=\"text-align: left;\">El expositor mural HUYL te permite mostrar con orgullo tu obra maestra con un dise\u00f1o elegante y moderno, sin necesidad de voluminosas estanter\u00edas.<\/p>\n<p>&nbsp;<\/p>\n<h5 class=\"p4\" style=\"text-align: left;\"><b>Caracter\u00edsticas principales:<\/b><b><\/b><\/h5>\n<p class=\"p3\" style=\"text-align: left;\">\u2714 <span class=\"s1\"><b>Convierte los sets LEGO\u00ae en Arte<\/b><\/span> &#8211; Convierte tu Porsche 911 GT3 RS en una aut\u00e9ntica obra maestra digna de exposici\u00f3n.<\/p>\n<p class=\"p3\" style=\"text-align: left;\">\u2714 <span class=\"s1\"><b>Soluci\u00f3n que ahorra espacio<\/b><\/span> &#8211; Se monta en la pared, liberando espacio en estanter\u00edas y escritorios.<\/p>\n<p class=\"p3\" style=\"text-align: left;\">\u2714 <span class=\"s1\"><b>Est\u00e9tica Premium<\/b><\/span> &#8211; Panel de metacrilato brillante de 5 mm combinado con una pel\u00edcula de carbono de alta calidad.<\/p>\n<p class=\"p3\" style=\"text-align: left;\">\u2714 <span class=\"s1\"><b>Fuerte y seguro<\/b><\/span> &#8211; Construido con un robusto armaz\u00f3n de madera, barras de aluminio y ganchos LEGO\u00ae Technic para un soporte perfecto.<\/p>\n<p class=\"p3\" style=\"text-align: left;\">\u2714 <span class=\"s1\"><b>Instalaci\u00f3n sin esfuerzo<\/b><\/span> &#8211; Incluye toda la torniller\u00eda de montaje necesaria para una instalaci\u00f3n r\u00e1pida y sencilla.<\/p>\n<p class=\"p3\" style=\"text-align: left;\">Muestra tu colecci\u00f3n LEGO\u00ae con estilo, \u00a1porque tus construcciones merecen ser admiradas como obras de arte!<\/p>\n<p>&nbsp;<\/p>\n<p class=\"p3\" style=\"text-align: left;\"><i>(Juego LEGO\u00ae no incluido<\/i>)<\/p>\n","protected":false},"excerpt":{"rendered":"<p class=\"p1\">Convierte tu pared en un garaje de carreras, deja que la luz se extienda sobre las fibras de carbono mate para celebrar la grandeza del set LEGO\u00ae Porsche 911 GT3 RS.<\/p>\n","protected":false},"featured_media":14095,"template":"","meta":{"inline_featured_image":false},"product_brand":[],"product_cat":[362,401],"product_tag":[395,532],"class_list":{"0":"post-14090","1":"product","2":"type-product","3":"status-publish","4":"has-post-thumbnail","6":"product_cat-lego-tecnica","7":"product_cat-porsche-gt3-rs-es","8":"product_tag-fibra-de-carbono","9":"product_tag-porsche-es","11":"first","12":"outofstock","13":"taxable","14":"shipping-taxable","15":"purchasable","16":"product-type-simple","17":"layout-style-6","18":"col-md-4 col-sm-4 col-xs-6","19":"col-lg-3","20":"product-has-gallery","21":"product-style-slider"},"yoast_head":"<!-- This site is optimized with the Yoast SEO plugin v27.2 - https:\/\/yoast.com\/product\/yoast-seo-wordpress\/ -->\n<title>Expositor de pared para LEGO\u00ae Technic 42056 Porsche 911 GT3 RS<\/title>\n<meta name=\"description\" content=\"\u00a1Cuelga en la pared tu LEGO\u00ae Porsche 911 GT3 RS! Consulta todos los expositores disponibles, \u00a1y convierte tus ladrillos en una galer\u00eda de ARTE!\" \/>\n<meta name=\"robots\" content=\"index, follow, max-snippet:-1, max-image-preview:large, max-video-preview:-1\" \/>\n<link rel=\"canonical\" href=\"https:\/\/huyl.com\/es\/shop\/expositor-mural-de-carbono-para-lego-technic-42056-porsche-911-gt3-rs\/\" \/>\n<meta property=\"og:locale\" content=\"es_ES\" \/>\n<meta property=\"og:type\" content=\"article\" \/>\n<meta property=\"og:title\" content=\"Expositor de pared para LEGO\u00ae Technic 42056 Porsche 911 GT3 RS\" \/>\n<meta property=\"og:description\" content=\"\u00a1Cuelga en la pared tu LEGO\u00ae Porsche 911 GT3 RS! Consulta todos los expositores disponibles, \u00a1y convierte tus ladrillos en una galer\u00eda de ARTE!\" \/>\n<meta property=\"og:url\" content=\"https:\/\/huyl.com\/es\/shop\/expositor-mural-de-carbono-para-lego-technic-42056-porsche-911-gt3-rs\/\" \/>\n<meta property=\"og:site_name\" content=\"HUYL\" \/>\n<meta property=\"article:modified_time\" content=\"2025-10-21T08:21:04+00:00\" \/>\n<meta property=\"og:image\" content=\"https:\/\/huyl.com\/wp-content\/uploads\/2025\/03\/Porsche_gt3_rs_carbon_1.jpg\" \/>\n\t<meta property=\"og:image:width\" content=\"1200\" \/>\n\t<meta property=\"og:image:height\" content=\"1425\" \/>\n\t<meta property=\"og:image:type\" content=\"image\/jpeg\" \/>\n<meta name=\"twitter:card\" content=\"summary_large_image\" \/>\n<script type=\"application\/ld+json\" class=\"yoast-schema-graph\">{\"@context\":\"https:\/\/schema.org\",\"@graph\":[{\"@type\":\"WebPage\",\"@id\":\"https:\/\/huyl.com\/es\/shop\/expositor-mural-de-carbono-para-lego-technic-42056-porsche-911-gt3-rs\/\",\"url\":\"https:\/\/huyl.com\/es\/shop\/expositor-mural-de-carbono-para-lego-technic-42056-porsche-911-gt3-rs\/\",\"name\":\"Expositor de pared para LEGO\u00ae Technic 42056 Porsche 911 GT3 RS\",\"isPartOf\":{\"@id\":\"https:\/\/huyl.com\/es\/#website\"},\"primaryImageOfPage\":{\"@id\":\"https:\/\/huyl.com\/es\/shop\/expositor-mural-de-carbono-para-lego-technic-42056-porsche-911-gt3-rs\/#primaryimage\"},\"image\":{\"@id\":\"https:\/\/huyl.com\/es\/shop\/expositor-mural-de-carbono-para-lego-technic-42056-porsche-911-gt3-rs\/#primaryimage\"},\"thumbnailUrl\":\"https:\/\/huyl.com\/wp-content\/uploads\/2025\/03\/Porsche_gt3_rs_carbon_1.jpg\",\"datePublished\":\"2020-10-10T10:41:26+00:00\",\"dateModified\":\"2025-10-21T08:21:04+00:00\",\"description\":\"\u00a1Cuelga en la pared tu LEGO\u00ae Porsche 911 GT3 RS! Consulta todos los expositores disponibles, \u00a1y convierte tus ladrillos en una galer\u00eda de ARTE!\",\"breadcrumb\":{\"@id\":\"https:\/\/huyl.com\/es\/shop\/expositor-mural-de-carbono-para-lego-technic-42056-porsche-911-gt3-rs\/#breadcrumb\"},\"inLanguage\":\"es\",\"potentialAction\":[{\"@type\":\"ReadAction\",\"target\":[\"https:\/\/huyl.com\/es\/shop\/expositor-mural-de-carbono-para-lego-technic-42056-porsche-911-gt3-rs\/\"]}]},{\"@type\":\"ImageObject\",\"inLanguage\":\"es\",\"@id\":\"https:\/\/huyl.com\/es\/shop\/expositor-mural-de-carbono-para-lego-technic-42056-porsche-911-gt3-rs\/#primaryimage\",\"url\":\"https:\/\/huyl.com\/wp-content\/uploads\/2025\/03\/Porsche_gt3_rs_carbon_1.jpg\",\"contentUrl\":\"https:\/\/huyl.com\/wp-content\/uploads\/2025\/03\/Porsche_gt3_rs_carbon_1.jpg\",\"width\":1200,\"height\":1425},{\"@type\":\"BreadcrumbList\",\"@id\":\"https:\/\/huyl.com\/es\/shop\/expositor-mural-de-carbono-para-lego-technic-42056-porsche-911-gt3-rs\/#breadcrumb\",\"itemListElement\":[{\"@type\":\"ListItem\",\"position\":1,\"name\":\"Tienda\",\"item\":\"https:\/\/huyl.com\/es\/tienda\/\"},{\"@type\":\"ListItem\",\"position\":2,\"name\":\"Expositor mural de carbono para LEGO\u00ae Technic 42056 Porsche 911 GT3 RS\"}]},{\"@type\":\"WebSite\",\"@id\":\"https:\/\/huyl.com\/es\/#website\",\"url\":\"https:\/\/huyl.com\/es\/\",\"name\":\"HUYL\",\"description\":\"Trasforma la tua collezione di mattoncini in una galleria d&#039;arte!\",\"publisher\":{\"@id\":\"https:\/\/huyl.com\/es\/#organization\"},\"potentialAction\":[{\"@type\":\"SearchAction\",\"target\":{\"@type\":\"EntryPoint\",\"urlTemplate\":\"https:\/\/huyl.com\/es\/?s={search_term_string}\"},\"query-input\":{\"@type\":\"PropertyValueSpecification\",\"valueRequired\":true,\"valueName\":\"search_term_string\"}}],\"inLanguage\":\"es\"},{\"@type\":\"Organization\",\"@id\":\"https:\/\/huyl.com\/es\/#organization\",\"name\":\"HUYL S.r.l.\",\"url\":\"https:\/\/huyl.com\/es\/\",\"logo\":{\"@type\":\"ImageObject\",\"inLanguage\":\"es\",\"@id\":\"https:\/\/huyl.com\/es\/#\/schema\/logo\/image\/\",\"url\":\"https:\/\/huyl.com\/wp-content\/uploads\/2021\/10\/cropped-logo_squared.png\",\"contentUrl\":\"https:\/\/huyl.com\/wp-content\/uploads\/2021\/10\/cropped-logo_squared.png\",\"width\":512,\"height\":512,\"caption\":\"HUYL S.r.l.\"},\"image\":{\"@id\":\"https:\/\/huyl.com\/es\/#\/schema\/logo\/image\/\"}}]}<\/script>\n<!-- \/ Yoast SEO plugin. -->","yoast_head_json":{"title":"Expositor de pared para LEGO\u00ae Technic 42056 Porsche 911 GT3 RS","description":"\u00a1Cuelga en la pared tu LEGO\u00ae Porsche 911 GT3 RS! Consulta todos los expositores disponibles, \u00a1y convierte tus ladrillos en una galer\u00eda de ARTE!","robots":{"index":"index","follow":"follow","max-snippet":"max-snippet:-1","max-image-preview":"max-image-preview:large","max-video-preview":"max-video-preview:-1"},"canonical":"https:\/\/huyl.com\/es\/shop\/expositor-mural-de-carbono-para-lego-technic-42056-porsche-911-gt3-rs\/","og_locale":"es_ES","og_type":"article","og_title":"Expositor de pared para LEGO\u00ae Technic 42056 Porsche 911 GT3 RS","og_description":"\u00a1Cuelga en la pared tu LEGO\u00ae Porsche 911 GT3 RS! Consulta todos los expositores disponibles, \u00a1y convierte tus ladrillos en una galer\u00eda de ARTE!","og_url":"https:\/\/huyl.com\/es\/shop\/expositor-mural-de-carbono-para-lego-technic-42056-porsche-911-gt3-rs\/","og_site_name":"HUYL","article_modified_time":"2025-10-21T08:21:04+00:00","og_image":[{"width":1200,"height":1425,"url":"https:\/\/huyl.com\/wp-content\/uploads\/2025\/03\/Porsche_gt3_rs_carbon_1.jpg","type":"image\/jpeg"}],"twitter_card":"summary_large_image","schema":{"@context":"https:\/\/schema.org","@graph":[{"@type":"WebPage","@id":"https:\/\/huyl.com\/es\/shop\/expositor-mural-de-carbono-para-lego-technic-42056-porsche-911-gt3-rs\/","url":"https:\/\/huyl.com\/es\/shop\/expositor-mural-de-carbono-para-lego-technic-42056-porsche-911-gt3-rs\/","name":"Expositor de pared para LEGO\u00ae Technic 42056 Porsche 911 GT3 RS","isPartOf":{"@id":"https:\/\/huyl.com\/es\/#website"},"primaryImageOfPage":{"@id":"https:\/\/huyl.com\/es\/shop\/expositor-mural-de-carbono-para-lego-technic-42056-porsche-911-gt3-rs\/#primaryimage"},"image":{"@id":"https:\/\/huyl.com\/es\/shop\/expositor-mural-de-carbono-para-lego-technic-42056-porsche-911-gt3-rs\/#primaryimage"},"thumbnailUrl":"https:\/\/huyl.com\/wp-content\/uploads\/2025\/03\/Porsche_gt3_rs_carbon_1.jpg","datePublished":"2020-10-10T10:41:26+00:00","dateModified":"2025-10-21T08:21:04+00:00","description":"\u00a1Cuelga en la pared tu LEGO\u00ae Porsche 911 GT3 RS! Consulta todos los expositores disponibles, \u00a1y convierte tus ladrillos en una galer\u00eda de ARTE!","breadcrumb":{"@id":"https:\/\/huyl.com\/es\/shop\/expositor-mural-de-carbono-para-lego-technic-42056-porsche-911-gt3-rs\/#breadcrumb"},"inLanguage":"es","potentialAction":[{"@type":"ReadAction","target":["https:\/\/huyl.com\/es\/shop\/expositor-mural-de-carbono-para-lego-technic-42056-porsche-911-gt3-rs\/"]}]},{"@type":"ImageObject","inLanguage":"es","@id":"https:\/\/huyl.com\/es\/shop\/expositor-mural-de-carbono-para-lego-technic-42056-porsche-911-gt3-rs\/#primaryimage","url":"https:\/\/huyl.com\/wp-content\/uploads\/2025\/03\/Porsche_gt3_rs_carbon_1.jpg","contentUrl":"https:\/\/huyl.com\/wp-content\/uploads\/2025\/03\/Porsche_gt3_rs_carbon_1.jpg","width":1200,"height":1425},{"@type":"BreadcrumbList","@id":"https:\/\/huyl.com\/es\/shop\/expositor-mural-de-carbono-para-lego-technic-42056-porsche-911-gt3-rs\/#breadcrumb","itemListElement":[{"@type":"ListItem","position":1,"name":"Tienda","item":"https:\/\/huyl.com\/es\/tienda\/"},{"@type":"ListItem","position":2,"name":"Expositor mural de carbono para LEGO\u00ae Technic 42056 Porsche 911 GT3 RS"}]},{"@type":"WebSite","@id":"https:\/\/huyl.com\/es\/#website","url":"https:\/\/huyl.com\/es\/","name":"HUYL","description":"Trasforma la tua collezione di mattoncini in una galleria d&#039;arte!","publisher":{"@id":"https:\/\/huyl.com\/es\/#organization"},"potentialAction":[{"@type":"SearchAction","target":{"@type":"EntryPoint","urlTemplate":"https:\/\/huyl.com\/es\/?s={search_term_string}"},"query-input":{"@type":"PropertyValueSpecification","valueRequired":true,"valueName":"search_term_string"}}],"inLanguage":"es"},{"@type":"Organization","@id":"https:\/\/huyl.com\/es\/#organization","name":"HUYL S.r.l.","url":"https:\/\/huyl.com\/es\/","logo":{"@type":"ImageObject","inLanguage":"es","@id":"https:\/\/huyl.com\/es\/#\/schema\/logo\/image\/","url":"https:\/\/huyl.com\/wp-content\/uploads\/2021\/10\/cropped-logo_squared.png","contentUrl":"https:\/\/huyl.com\/wp-content\/uploads\/2021\/10\/cropped-logo_squared.png","width":512,"height":512,"caption":"HUYL S.r.l."},"image":{"@id":"https:\/\/huyl.com\/es\/#\/schema\/logo\/image\/"}}]}},"jetpack_sharing_enabled":true,"_links":{"self":[{"href":"https:\/\/huyl.com\/es\/wp-json\/wp\/v2\/product\/14090","targetHints":{"allow":["GET"]}}],"collection":[{"href":"https:\/\/huyl.com\/es\/wp-json\/wp\/v2\/product"}],"about":[{"href":"https:\/\/huyl.com\/es\/wp-json\/wp\/v2\/types\/product"}],"wp:featuredmedia":[{"embeddable":true,"href":"https:\/\/huyl.com\/es\/wp-json\/wp\/v2\/media\/14095"}],"wp:attachment":[{"href":"https:\/\/huyl.com\/es\/wp-json\/wp\/v2\/media?parent=14090"}],"wp:term":[{"taxonomy":"product_brand","embeddable":true,"href":"https:\/\/huyl.com\/es\/wp-json\/wp\/v2\/product_brand?post=14090"},{"taxonomy":"product_cat","embeddable":true,"href":"https:\/\/huyl.com\/es\/wp-json\/wp\/v2\/product_cat?post=14090"},{"taxonomy":"product_tag","embeddable":true,"href":"https:\/\/huyl.com\/es\/wp-json\/wp\/v2\/product_tag?post=14090"}],"curies":[{"name":"wp","href":"https:\/\/api.w.org\/{rel}","templated":true}]}}