{"id":17707,"date":"2026-02-05T16:39:05","date_gmt":"2026-02-05T14:39:05","guid":{"rendered":"https:\/\/huyl.com\/?post_type=product&#038;p=17707"},"modified":"2026-02-11T17:49:22","modified_gmt":"2026-02-11T15:49:22","slug":"lampara-de-escritorio-y-expositor-para-lego-speed-champions-77243-f1-red-bull-racing-rb20-copy","status":"publish","type":"product","link":"https:\/\/huyl.com\/es\/shop\/lampara-de-escritorio-y-expositor-para-lego-speed-champions-77243-f1-red-bull-racing-rb20-copy\/","title":{"rendered":"L\u00e1mpara de escritorio y expositor para LEGO\u00ae Speed Champions 77252 F1 APXGP &#8211; F1 La Pel\u00edcula"},"content":{"rendered":"<h3 class=\"p1\" style=\"text-align: left;\">L\u00e1mpara de escritorio y expositor para LEGO\u00ae Speed Champions 77252 F1 APXGP<\/h3>\n<p class=\"p3\" style=\"text-align: left;\">Transforma tu LEGO\u00ae Speed Champions en una <span class=\"s1\"><b>impresionante l\u00e1mpara de escritorio<\/b>, \u00a1y<\/span> en <span class=\"s1\">un<b> elegante y moderno soporte en tu estanter\u00eda<\/b><\/span>!<\/p>\n<p class=\"p3\" style=\"text-align: left;\">La pantalla HUYL te permite mostrar con orgullo tu obra maestra con un dise\u00f1o elegante y moderno, adem\u00e1s de conducir tus sue\u00f1os a la velocidad de un F1 con las luces LED integradas.<\/p>\n<p>&nbsp;<\/p>\n<h5 class=\"p4\" style=\"text-align: left;\"><b>Caracter\u00edsticas principales:<\/b><b><\/b><\/h5>\n<p>&#x2714; <span class=\"s1\"><b>Lo \u00faltimo para los fans de la F1<\/b><\/span> &#8211; tu pasi\u00f3n por la F1 merece su espacio; ll\u00e9vala cerca de ti exhibiendo a tu equipo favorito de F\u00f3rmula 1 en este flamante marco<\/p>\n<p class=\"p3\" style=\"text-align: left;\">&#x2714; <span class=\"s1\"><b>Convierte los sets LEGO\u00ae en Arte<\/b><\/span> &#8211; Haz que tu F1 APXGP pase de ser un set a una aut\u00e9ntica obra maestra digna de exposici\u00f3n; es el fondo perfecto para tu coche de F1<\/p>\n<p class=\"p3\" style=\"text-align: left;\">&#x2714; <span class=\"s1\"><b>L\u00e1mpara de escritorio<\/b><\/span> &#8211; Enciende las luces LED y descubre todos los detalles grabados; ideal para el escritorio de casa\/trabajo, la mesilla de noche del dormitorio o la estanter\u00eda del sal\u00f3n<\/p>\n<p class=\"p3\" style=\"text-align: left;\">&#x2714; <span class=\"s1\"><b>Est\u00e9tica Premium<\/b><\/span> &#8211; Panel de metacrilato brillante de 5 mm impreso por detr\u00e1s, grabado por delante para resaltar la potencia y la velocidad de un coche de F1<\/p>\n<p class=\"p3\" style=\"text-align: left;\">&#x2714; <span class=\"s1\"><b>El regalo perfecto<\/b><\/span> &#8211; Ya sea para un ni\u00f1o o para un adulto, esta pantalla es el regalo perfecto para cualquier aficionado a la F1; elige s\u00f3lo el soporte o incluye el set de LEGO para una experiencia todo en uno<\/p>\n<p class=\"p3\" style=\"text-align: left;\">Muestra tu colecci\u00f3n LEGO\u00ae con estilo, \u00a1porque tus construcciones merecen ser admiradas como obras de arte!<\/p>\n<p>&nbsp;<\/p>\n<p class=\"p3\" style=\"text-align: left;\"><i>(cargador USB no incluido<\/i>)<\/p>\n","protected":false},"excerpt":{"rendered":"<p>Expositor para el d\u00eda, l\u00e1mpara suave para la noche. Ilumina tu habitaci\u00f3n con tu equipo de F1 favorito.<\/p>\n","protected":false},"featured_media":17777,"template":"","meta":{"inline_featured_image":false},"product_brand":[309],"product_cat":[324],"product_tag":[330],"class_list":{"0":"post-17707","1":"product","2":"type-product","3":"status-publish","4":"has-post-thumbnail","6":"product_brand-huyl","7":"product_cat-campeones-de-velocidad-lego","8":"product_tag-f1-es","9":"product_shipping_class-campeones-de-velocidad-f1","11":"first","12":"instock","13":"taxable","14":"shipping-taxable","15":"purchasable","16":"product-type-variable","17":"has-default-attributes","18":"layout-style-6","19":"col-md-4 col-sm-4 col-xs-6","20":"col-lg-3","21":"product-has-gallery","22":"product-style-slider"},"yoast_head":"<!-- This site is optimized with the Yoast SEO plugin v27.2 - https:\/\/yoast.com\/product\/yoast-seo-wordpress\/ -->\n<title>HUYL - L\u00e1mpara de escritorio y expositor para LEGO\u00ae 77252 F1 APXGP<\/title>\n<meta name=\"description\" content=\"Presume de tu pasi\u00f3n por la F1, exhibe con estilo tu APXGP F1 Speed Champions en tu sal\u00f3n, escritorio o mesilla de noche del dormitorio.\" \/>\n<meta name=\"robots\" content=\"index, follow, max-snippet:-1, max-image-preview:large, max-video-preview:-1\" \/>\n<link rel=\"canonical\" href=\"https:\/\/huyl.com\/es\/shop\/lampara-de-escritorio-y-expositor-para-lego-speed-champions-77243-f1-red-bull-racing-rb20-copy\/\" \/>\n<meta property=\"og:locale\" content=\"es_ES\" \/>\n<meta property=\"og:type\" content=\"article\" \/>\n<meta property=\"og:title\" content=\"HUYL - L\u00e1mpara de escritorio y expositor para LEGO\u00ae 77252 F1 APXGP\" \/>\n<meta property=\"og:description\" content=\"Presume de tu pasi\u00f3n por la F1, exhibe con estilo tu APXGP F1 Speed Champions en tu sal\u00f3n, escritorio o mesilla de noche del dormitorio.\" \/>\n<meta property=\"og:url\" content=\"https:\/\/huyl.com\/es\/shop\/lampara-de-escritorio-y-expositor-para-lego-speed-champions-77243-f1-red-bull-racing-rb20-copy\/\" \/>\n<meta property=\"og:site_name\" content=\"HUYL\" \/>\n<meta property=\"article:modified_time\" content=\"2026-02-11T15:49:22+00:00\" \/>\n<meta property=\"og:image\" content=\"https:\/\/huyl.com\/wp-content\/uploads\/2026\/02\/F1_lamp_APXGP_01.jpg\" \/>\n\t<meta property=\"og:image:width\" content=\"1200\" \/>\n\t<meta property=\"og:image:height\" content=\"1428\" \/>\n\t<meta property=\"og:image:type\" content=\"image\/jpeg\" \/>\n<meta name=\"twitter:card\" content=\"summary_large_image\" \/>\n<script type=\"application\/ld+json\" class=\"yoast-schema-graph\">{\"@context\":\"https:\/\/schema.org\",\"@graph\":[{\"@type\":\"WebPage\",\"@id\":\"https:\/\/huyl.com\/es\/shop\/lampara-de-escritorio-y-expositor-para-lego-speed-champions-77243-f1-red-bull-racing-rb20-copy\/\",\"url\":\"https:\/\/huyl.com\/es\/shop\/lampara-de-escritorio-y-expositor-para-lego-speed-champions-77243-f1-red-bull-racing-rb20-copy\/\",\"name\":\"HUYL - L\u00e1mpara de escritorio y expositor para LEGO\u00ae 77252 F1 APXGP\",\"isPartOf\":{\"@id\":\"https:\/\/huyl.com\/es\/#website\"},\"primaryImageOfPage\":{\"@id\":\"https:\/\/huyl.com\/es\/shop\/lampara-de-escritorio-y-expositor-para-lego-speed-champions-77243-f1-red-bull-racing-rb20-copy\/#primaryimage\"},\"image\":{\"@id\":\"https:\/\/huyl.com\/es\/shop\/lampara-de-escritorio-y-expositor-para-lego-speed-champions-77243-f1-red-bull-racing-rb20-copy\/#primaryimage\"},\"thumbnailUrl\":\"https:\/\/huyl.com\/wp-content\/uploads\/2026\/02\/F1_lamp_APXGP_01.jpg\",\"datePublished\":\"2026-02-05T14:39:05+00:00\",\"dateModified\":\"2026-02-11T15:49:22+00:00\",\"description\":\"Presume de tu pasi\u00f3n por la F1, exhibe con estilo tu APXGP F1 Speed Champions en tu sal\u00f3n, escritorio o mesilla de noche del dormitorio.\",\"breadcrumb\":{\"@id\":\"https:\/\/huyl.com\/es\/shop\/lampara-de-escritorio-y-expositor-para-lego-speed-champions-77243-f1-red-bull-racing-rb20-copy\/#breadcrumb\"},\"inLanguage\":\"es\",\"potentialAction\":[{\"@type\":\"ReadAction\",\"target\":[\"https:\/\/huyl.com\/es\/shop\/lampara-de-escritorio-y-expositor-para-lego-speed-champions-77243-f1-red-bull-racing-rb20-copy\/\"]}]},{\"@type\":\"ImageObject\",\"inLanguage\":\"es\",\"@id\":\"https:\/\/huyl.com\/es\/shop\/lampara-de-escritorio-y-expositor-para-lego-speed-champions-77243-f1-red-bull-racing-rb20-copy\/#primaryimage\",\"url\":\"https:\/\/huyl.com\/wp-content\/uploads\/2026\/02\/F1_lamp_APXGP_01.jpg\",\"contentUrl\":\"https:\/\/huyl.com\/wp-content\/uploads\/2026\/02\/F1_lamp_APXGP_01.jpg\",\"width\":1200,\"height\":1428},{\"@type\":\"BreadcrumbList\",\"@id\":\"https:\/\/huyl.com\/es\/shop\/lampara-de-escritorio-y-expositor-para-lego-speed-champions-77243-f1-red-bull-racing-rb20-copy\/#breadcrumb\",\"itemListElement\":[{\"@type\":\"ListItem\",\"position\":1,\"name\":\"Tienda\",\"item\":\"https:\/\/huyl.com\/es\/tienda\/\"},{\"@type\":\"ListItem\",\"position\":2,\"name\":\"L\u00e1mpara de escritorio y expositor para LEGO\u00ae Speed Champions 77252 F1 APXGP &#8211; F1 La Pel\u00edcula\"}]},{\"@type\":\"WebSite\",\"@id\":\"https:\/\/huyl.com\/es\/#website\",\"url\":\"https:\/\/huyl.com\/es\/\",\"name\":\"HUYL\",\"description\":\"Trasforma la tua collezione di mattoncini in una galleria d&#039;arte!\",\"publisher\":{\"@id\":\"https:\/\/huyl.com\/es\/#organization\"},\"potentialAction\":[{\"@type\":\"SearchAction\",\"target\":{\"@type\":\"EntryPoint\",\"urlTemplate\":\"https:\/\/huyl.com\/es\/?s={search_term_string}\"},\"query-input\":{\"@type\":\"PropertyValueSpecification\",\"valueRequired\":true,\"valueName\":\"search_term_string\"}}],\"inLanguage\":\"es\"},{\"@type\":\"Organization\",\"@id\":\"https:\/\/huyl.com\/es\/#organization\",\"name\":\"HUYL S.r.l.\",\"url\":\"https:\/\/huyl.com\/es\/\",\"logo\":{\"@type\":\"ImageObject\",\"inLanguage\":\"es\",\"@id\":\"https:\/\/huyl.com\/es\/#\/schema\/logo\/image\/\",\"url\":\"https:\/\/huyl.com\/wp-content\/uploads\/2021\/10\/cropped-logo_squared.png\",\"contentUrl\":\"https:\/\/huyl.com\/wp-content\/uploads\/2021\/10\/cropped-logo_squared.png\",\"width\":512,\"height\":512,\"caption\":\"HUYL S.r.l.\"},\"image\":{\"@id\":\"https:\/\/huyl.com\/es\/#\/schema\/logo\/image\/\"}}]}<\/script>\n<!-- \/ Yoast SEO plugin. -->","yoast_head_json":{"title":"HUYL - L\u00e1mpara de escritorio y expositor para LEGO\u00ae 77252 F1 APXGP","description":"Presume de tu pasi\u00f3n por la F1, exhibe con estilo tu APXGP F1 Speed Champions en tu sal\u00f3n, escritorio o mesilla de noche del dormitorio.","robots":{"index":"index","follow":"follow","max-snippet":"max-snippet:-1","max-image-preview":"max-image-preview:large","max-video-preview":"max-video-preview:-1"},"canonical":"https:\/\/huyl.com\/es\/shop\/lampara-de-escritorio-y-expositor-para-lego-speed-champions-77243-f1-red-bull-racing-rb20-copy\/","og_locale":"es_ES","og_type":"article","og_title":"HUYL - L\u00e1mpara de escritorio y expositor para LEGO\u00ae 77252 F1 APXGP","og_description":"Presume de tu pasi\u00f3n por la F1, exhibe con estilo tu APXGP F1 Speed Champions en tu sal\u00f3n, escritorio o mesilla de noche del dormitorio.","og_url":"https:\/\/huyl.com\/es\/shop\/lampara-de-escritorio-y-expositor-para-lego-speed-champions-77243-f1-red-bull-racing-rb20-copy\/","og_site_name":"HUYL","article_modified_time":"2026-02-11T15:49:22+00:00","og_image":[{"width":1200,"height":1428,"url":"https:\/\/huyl.com\/wp-content\/uploads\/2026\/02\/F1_lamp_APXGP_01.jpg","type":"image\/jpeg"}],"twitter_card":"summary_large_image","schema":{"@context":"https:\/\/schema.org","@graph":[{"@type":"WebPage","@id":"https:\/\/huyl.com\/es\/shop\/lampara-de-escritorio-y-expositor-para-lego-speed-champions-77243-f1-red-bull-racing-rb20-copy\/","url":"https:\/\/huyl.com\/es\/shop\/lampara-de-escritorio-y-expositor-para-lego-speed-champions-77243-f1-red-bull-racing-rb20-copy\/","name":"HUYL - L\u00e1mpara de escritorio y expositor para LEGO\u00ae 77252 F1 APXGP","isPartOf":{"@id":"https:\/\/huyl.com\/es\/#website"},"primaryImageOfPage":{"@id":"https:\/\/huyl.com\/es\/shop\/lampara-de-escritorio-y-expositor-para-lego-speed-champions-77243-f1-red-bull-racing-rb20-copy\/#primaryimage"},"image":{"@id":"https:\/\/huyl.com\/es\/shop\/lampara-de-escritorio-y-expositor-para-lego-speed-champions-77243-f1-red-bull-racing-rb20-copy\/#primaryimage"},"thumbnailUrl":"https:\/\/huyl.com\/wp-content\/uploads\/2026\/02\/F1_lamp_APXGP_01.jpg","datePublished":"2026-02-05T14:39:05+00:00","dateModified":"2026-02-11T15:49:22+00:00","description":"Presume de tu pasi\u00f3n por la F1, exhibe con estilo tu APXGP F1 Speed Champions en tu sal\u00f3n, escritorio o mesilla de noche del dormitorio.","breadcrumb":{"@id":"https:\/\/huyl.com\/es\/shop\/lampara-de-escritorio-y-expositor-para-lego-speed-champions-77243-f1-red-bull-racing-rb20-copy\/#breadcrumb"},"inLanguage":"es","potentialAction":[{"@type":"ReadAction","target":["https:\/\/huyl.com\/es\/shop\/lampara-de-escritorio-y-expositor-para-lego-speed-champions-77243-f1-red-bull-racing-rb20-copy\/"]}]},{"@type":"ImageObject","inLanguage":"es","@id":"https:\/\/huyl.com\/es\/shop\/lampara-de-escritorio-y-expositor-para-lego-speed-champions-77243-f1-red-bull-racing-rb20-copy\/#primaryimage","url":"https:\/\/huyl.com\/wp-content\/uploads\/2026\/02\/F1_lamp_APXGP_01.jpg","contentUrl":"https:\/\/huyl.com\/wp-content\/uploads\/2026\/02\/F1_lamp_APXGP_01.jpg","width":1200,"height":1428},{"@type":"BreadcrumbList","@id":"https:\/\/huyl.com\/es\/shop\/lampara-de-escritorio-y-expositor-para-lego-speed-champions-77243-f1-red-bull-racing-rb20-copy\/#breadcrumb","itemListElement":[{"@type":"ListItem","position":1,"name":"Tienda","item":"https:\/\/huyl.com\/es\/tienda\/"},{"@type":"ListItem","position":2,"name":"L\u00e1mpara de escritorio y expositor para LEGO\u00ae Speed Champions 77252 F1 APXGP &#8211; F1 La Pel\u00edcula"}]},{"@type":"WebSite","@id":"https:\/\/huyl.com\/es\/#website","url":"https:\/\/huyl.com\/es\/","name":"HUYL","description":"Trasforma la tua collezione di mattoncini in una galleria d&#039;arte!","publisher":{"@id":"https:\/\/huyl.com\/es\/#organization"},"potentialAction":[{"@type":"SearchAction","target":{"@type":"EntryPoint","urlTemplate":"https:\/\/huyl.com\/es\/?s={search_term_string}"},"query-input":{"@type":"PropertyValueSpecification","valueRequired":true,"valueName":"search_term_string"}}],"inLanguage":"es"},{"@type":"Organization","@id":"https:\/\/huyl.com\/es\/#organization","name":"HUYL S.r.l.","url":"https:\/\/huyl.com\/es\/","logo":{"@type":"ImageObject","inLanguage":"es","@id":"https:\/\/huyl.com\/es\/#\/schema\/logo\/image\/","url":"https:\/\/huyl.com\/wp-content\/uploads\/2021\/10\/cropped-logo_squared.png","contentUrl":"https:\/\/huyl.com\/wp-content\/uploads\/2021\/10\/cropped-logo_squared.png","width":512,"height":512,"caption":"HUYL S.r.l."},"image":{"@id":"https:\/\/huyl.com\/es\/#\/schema\/logo\/image\/"}}]}},"jetpack_sharing_enabled":true,"_links":{"self":[{"href":"https:\/\/huyl.com\/es\/wp-json\/wp\/v2\/product\/17707","targetHints":{"allow":["GET"]}}],"collection":[{"href":"https:\/\/huyl.com\/es\/wp-json\/wp\/v2\/product"}],"about":[{"href":"https:\/\/huyl.com\/es\/wp-json\/wp\/v2\/types\/product"}],"wp:featuredmedia":[{"embeddable":true,"href":"https:\/\/huyl.com\/es\/wp-json\/wp\/v2\/media\/17777"}],"wp:attachment":[{"href":"https:\/\/huyl.com\/es\/wp-json\/wp\/v2\/media?parent=17707"}],"wp:term":[{"taxonomy":"product_brand","embeddable":true,"href":"https:\/\/huyl.com\/es\/wp-json\/wp\/v2\/product_brand?post=17707"},{"taxonomy":"product_cat","embeddable":true,"href":"https:\/\/huyl.com\/es\/wp-json\/wp\/v2\/product_cat?post=17707"},{"taxonomy":"product_tag","embeddable":true,"href":"https:\/\/huyl.com\/es\/wp-json\/wp\/v2\/product_tag?post=17707"}],"curies":[{"name":"wp","href":"https:\/\/api.w.org\/{rel}","templated":true}]}}