{"id":14729,"date":"2025-10-22T10:30:58","date_gmt":"2025-10-22T08:30:58","guid":{"rendered":"https:\/\/huyl.com\/a-propos-de-nous\/"},"modified":"2025-10-22T10:31:02","modified_gmt":"2025-10-22T08:31:02","slug":"a-propos-de-nous","status":"publish","type":"page","link":"https:\/\/huyl.com\/fr\/a-propos-de-nous\/","title":{"rendered":"A propos de nous"},"content":{"rendered":"<div class=\"wpb-content-wrapper\"><p>[vc_row full_width=\u00a0\u00bbstretch_row\u00a0\u00bb content_placement=\u00a0\u00bbmiddle\u00a0\u00bb][vc_column width=\u00a0\u00bb1\/2&Prime;][vc_column_text css=\u00a0\u00bb\u00a0\u00bb]<\/p>\n<blockquote>\n<h2 class=\"p1\"><b>Les briques LEGO\u00ae peuvent-elles<\/b> <b>\u00eatre consid\u00e9r\u00e9es comme de l&rsquo;art ?<\/b><\/h2>\n<\/blockquote>\n<p class=\"p1\">At <span class=\"s1\">HUYL, as known also as Hang Up Your Lego<\/span>, we believe that every LEGO\u00ae masterpiece deserves to be more than just stored \u2014 it deserves to be <strong>displayed<\/strong>.<\/p>\n<p>[\/vc_column_text][\/vc_column][vc_column width=\u00a0\u00bb1\/2&Prime;][vc_single_image image=\u00a0\u00bb586&Prime; img_size=\u00a0\u00bbfull\u00a0\u00bb css=\u00a0\u00bb\u00a0\u00bb][\/vc_column][vc_column][vc_custom_heading text=\u00a0\u00bbL\u00e0 o\u00f9 tout a commenc\u00e9\u00a0\u00bb font_container=\u00a0\u00bbtag:h2|font_size:40px|text_align:left\u00a0\u00bb use_theme_fonts=\u00a0\u00bbyes\u00a0\u00bb css=\u00a0\u00bb.vc_custom_1754387609717{margin-top: 80px !important;margin-bottom: 40px !important;}\u00a0\u00bb][\/vc_column][\/vc_row][vc_row full_width=\u00a0\u00bbstretch_row\u00a0\u00bb content_placement=\u00a0\u00bbmiddle\u00a0\u00bb][vc_column width=\u00a0\u00bb1\/2&Prime;][vc_single_image image=\u00a0\u00bb11866&Prime; img_size=\u00a0\u00bbfull\u00a0\u00bb alignment=\u00a0\u00bbright\u00a0\u00bb css=\u00a0\u00bb\u00a0\u00bb][\/vc_column][vc_column width=\u00a0\u00bb1\/2&Prime;][vc_column_text css=\u00a0\u00bb\u00a0\u00bb]<\/p>\n<p class=\"p1\">Tout a commenc\u00e9 dans notre propre maison, avec un besoin d&rsquo;espace et un d\u00e9sir d&rsquo;appr\u00e9cier quotidiennement nos constructions pr\u00e9f\u00e9r\u00e9es &#8211; non pas cach\u00e9es sur des \u00e9tag\u00e8res, mais fi\u00e8rement expos\u00e9es comme de v\u00e9ritables \u0153uvres d&rsquo;art.<\/p>\n<p class=\"p1\">C&rsquo;est ainsi qu&rsquo;est n\u00e9 le premier \u00e9cran HUYL : par n\u00e9cessit\u00e9, par curiosit\u00e9 et par amour du design \u00e9pur\u00e9.<\/p>\n<p>[\/vc_column_text][\/vc_column][\/vc_row][vc_row full_width=\u00a0\u00bbstretch_row\u00a0\u00bb content_placement=\u00a0\u00bbmiddle\u00a0\u00bb][vc_column width=\u00a0\u00bb1\/2&Prime;][vc_column_text css=\u00a0\u00bb\u00a0\u00bb]<\/p>\n<p class=\"p1\">Le r\u00e9sultat est si \u00e9tonnant que nous sommes convaincus qu&rsquo;il peut inspirer d&rsquo;autres personnes qui, comme nous, sont anim\u00e9es par une passion pour le design, la fonctionnalit\u00e9 et l&rsquo;art de la construction en briques.<\/p>\n<p class=\"p1\">Au fil du temps, nous avons con\u00e7u chaque cadre pour qu&rsquo;il corresponde parfaitement \u00e0 son ensemble sp\u00e9cifique, nous avons s\u00e9lectionn\u00e9 les meilleurs fournisseurs d&rsquo;acrylique et nous avons explor\u00e9 toutes les techniques disponibles pour rehausser la couleur et la brillance &#8211; tout cela pour obtenir un r\u00e9sultat qui n&rsquo;a pas d&rsquo;\u00e9gal.<\/p>\n<p>[\/vc_column_text][\/vc_column][vc_column width=\u00a0\u00bb1\/2&Prime;][vc_single_image image=\u00a0\u00bb11845&Prime; img_size=\u00a0\u00bbfull\u00a0\u00bb css=\u00a0\u00bb\u00a0\u00bb][\/vc_column][\/vc_row][vc_row][vc_column][vc_custom_heading text=\u00a0\u00bbAccro \u00e0 la qualit\u00e9&#8230;\u00a0\u00bb font_container=\u00a0\u00bbtag:h2|font_size:40px|text_align:left\u00a0\u00bb use_theme_fonts=\u00a0\u00bbyes\u00a0\u00bb css=\u00a0\u00bb.vc_custom_1754399711424{margin-top: 80px !important;margin-bottom: 20px !important;}\u00a0\u00bb][vc_column_text css=\u00a0\u00bb\u00a0\u00bb]<\/p>\n<p class=\"p1\" style=\"text-align: left;\">Depuis le d\u00e9but, la qualit\u00e9 et les mat\u00e9riaux sont nos principaux piliers.<\/p>\n<p>[\/vc_column_text][vc_row_inner css=\u00a0\u00bb.vc_custom_1754388489921{margin-top: 40px !important;}\u00a0\u00bb][vc_column_inner width=\u00a0\u00bb1\/3&Prime;]<div class=\"sober-icon-box icon-type-image icon-style-normal  \">\n\t\t\t\t<div class=\"box-icon\"><img decoding=\"async\" alt=\"Mat\u00e9riaux de premi\u00e8re qualit\u00e9\" data-src=\"https:\/\/huyl.com\/wp-content\/uploads\/2025\/08\/FB1_5518.jpg\" src=\"data:image\/svg+xml;base64,PHN2ZyB3aWR0aD0iMSIgaGVpZ2h0PSIxIiB4bWxucz0iaHR0cDovL3d3dy53My5vcmcvMjAwMC9zdmciPjwvc3ZnPg==\" class=\"lazyload\" style=\"--smush-placeholder-width: 1600px; --smush-placeholder-aspect-ratio: 1600\/1067;\"><\/div>\n\t\t\t\t<h3 class=\"box-title\">Mat\u00e9riaux de premi\u00e8re qualit\u00e9<\/h3>\n\t\t\t\t<div class=\"box-content\"><\/p>\n<p class=\"p1\">Nous utilisons <span class=\"s1\"><b>du plexiglas de haute qualit\u00e9 (PMMA)<\/b><\/span>connu pour sa clart\u00e9 optique exceptionnelle (jusqu&rsquo;\u00e0 92 % de transmission de la lumi\u00e8re) et sa r\u00e9sistance aux chocs et au vieillissement, sup\u00e9rieure \u00e0 celle du verre ou du polystyr\u00e8ne.<\/p>\n<p class=\"p1\">Dans la mesure du possible, nous choisissons <span class=\"s1\"><b>des acryliques recycl\u00e9s certifi\u00e9s<\/b><\/span> (tels que Recrylic\u00ae ou GreenCast\u00ae), qui offrent les m\u00eames performances que le PMMA vierge, tout en ayant un impact environnemental nettement plus faible.<\/p>\n<p><\/div>\n\t\t\t<\/div>[\/vc_column_inner][vc_column_inner width=\u00a0\u00bb1\/3&Prime;]<div class=\"sober-icon-box icon-type-image icon-style-normal  \">\n\t\t\t\t<div class=\"box-icon\"><img decoding=\"async\" alt=\"Le souci du d\u00e9tail\" data-src=\"https:\/\/huyl.com\/wp-content\/uploads\/2025\/08\/FB1_5582.jpg\" src=\"data:image\/svg+xml;base64,PHN2ZyB3aWR0aD0iMSIgaGVpZ2h0PSIxIiB4bWxucz0iaHR0cDovL3d3dy53My5vcmcvMjAwMC9zdmciPjwvc3ZnPg==\" class=\"lazyload\" style=\"--smush-placeholder-width: 1600px; --smush-placeholder-aspect-ratio: 1600\/1067;\"><\/div>\n\t\t\t\t<h3 class=\"box-title\">Le souci du d\u00e9tail<\/h3>\n\t\t\t\t<div class=\"box-content\"><\/p>\n<p class=\"p1\">Chaque pr\u00e9sentoir est fabriqu\u00e9 \u00e0 la main et <span class=\"s1\"><b>con\u00e7u avec pr\u00e9cision<\/b><\/span> pour garantir un alignement parfait, des coupes nettes et un ajustement parfait.<\/p>\n<p class=\"p1\">Le design minimaliste est destin\u00e9 \u00e0 <span class=\"s1\"><b>mettre en valeur vos ensembles LEGO<\/b><\/span>et non les distraire : lignes \u00e9pur\u00e9es, attaches discr\u00e8tes et bords invisibles.<\/p>\n<p><\/div>\n\t\t\t<\/div>[\/vc_column_inner][vc_column_inner width=\u00a0\u00bb1\/3&Prime;]<div class=\"sober-icon-box icon-type-image icon-style-normal  \">\n\t\t\t\t<div class=\"box-icon\"><img decoding=\"async\" alt=\"Choix durables\" data-src=\"https:\/\/huyl.com\/wp-content\/uploads\/2025\/08\/FB1_5789.jpg\" src=\"data:image\/svg+xml;base64,PHN2ZyB3aWR0aD0iMSIgaGVpZ2h0PSIxIiB4bWxucz0iaHR0cDovL3d3dy53My5vcmcvMjAwMC9zdmciPjwvc3ZnPg==\" class=\"lazyload\" style=\"--smush-placeholder-width: 1600px; --smush-placeholder-aspect-ratio: 1600\/1067;\"><\/div>\n\t\t\t\t<h3 class=\"box-title\">Choix durables<\/h3>\n\t\t\t\t<div class=\"box-content\"><\/p>\n<p class=\"p1\">Nous privil\u00e9gions les mat\u00e9riaux qui sont non seulement recycl\u00e9s mais aussi <span class=\"s1\"><b>enti\u00e8rement recyclables<\/b><\/span>Nous privil\u00e9gions les mat\u00e9riaux qui sont non seulement recycl\u00e9s mais aussi enti\u00e8rement recyclables, ce qui favorise la durabilit\u00e9 \u00e0 long terme de l&rsquo;utilisation de l&rsquo;acrylique.<\/p>\n<p class=\"p1\">Tous nos fournisseurs mettent en \u0153uvre <span class=\"s1\"><b>des processus d&rsquo;\u00e9nergie verte et de recyclage interne<\/b><\/span>contribuant ainsi \u00e0 r\u00e9duire les \u00e9missions de CO\u2082 lors de la production.<\/p>\n<p><\/div>\n\t\t\t<\/div>[\/vc_column_inner][\/vc_row_inner][vc_empty_space height=\u00a0\u00bb40px\u00a0\u00bb][\/vc_column][\/vc_row][vc_row][vc_column][vc_custom_heading text=\u00a0\u00bb&#8230;et \u00e0 la satisfaction du client\u00a0\u00bb font_container=\u00a0\u00bbtag:h2|font_size:40px|text_align:left\u00a0\u00bb use_theme_fonts=\u00a0\u00bbyes\u00a0\u00bb css=\u00a0\u00bb.vc_custom_1754399743243{margin-top: 80px !important;margin-bottom: 20px !important;}\u00a0\u00bb][vc_column_text css=\u00a0\u00bb\u00a0\u00bb]<\/p>\n<p class=\"p1\" style=\"text-align: left;\">La satisfaction du client passe avant tout, et c&rsquo;est pourquoi nous travaillons dur chaque jour pour y parvenir.<\/p>\n<p>[\/vc_column_text][vc_row_inner css=\u00a0\u00bb.vc_custom_1754388489921{margin-top: 40px !important;}\u00a0\u00bb][vc_column_inner width=\u00a0\u00bb1\/3&Prime;]<div class=\"sober-icon-box icon-type-image icon-style-normal  \">\n\t\t\t\t<div class=\"box-icon\"><img decoding=\"async\" alt=\"Livraison rapide\" data-src=\"https:\/\/huyl.com\/wp-content\/uploads\/2025\/08\/FB1_5868.jpg\" src=\"data:image\/svg+xml;base64,PHN2ZyB3aWR0aD0iMSIgaGVpZ2h0PSIxIiB4bWxucz0iaHR0cDovL3d3dy53My5vcmcvMjAwMC9zdmciPjwvc3ZnPg==\" class=\"lazyload\" style=\"--smush-placeholder-width: 1600px; --smush-placeholder-aspect-ratio: 1600\/1067;\"><\/div>\n\t\t\t\t<h3 class=\"box-title\">Livraison rapide<\/h3>\n\t\t\t\t<div class=\"box-content\"><\/p>\n<p class=\"p1\">Nous savons \u00e0 quel point il est excitant de terminer une construction LEGO\u00ae &#8211; et encore plus de l&rsquo;exposer.<\/p>\n<p class=\"p1\">C&rsquo;est pourquoi nous vous proposons <span class=\"s1\"><b>une livraison rapide et fiable<\/b><\/span> sur tous nos produits. Que vous commandiez \u00e0 proximit\u00e9 ou \u00e0 l&rsquo;\u00e9tranger, nous travaillons avec UPS pour garantir que votre pr\u00e9sentoir arrive <span class=\"s1\"><b>rapidement et en toute s\u00e9curit\u00e9<\/b><\/span>. <\/p>\n<p><\/div>\n\t\t\t<\/div>[\/vc_column_inner][vc_column_inner width=\u00a0\u00bb1\/3&Prime;]<div class=\"sober-icon-box icon-type-image icon-style-normal  \">\n\t\t\t\t<div class=\"box-icon\"><img decoding=\"async\" alt=\"Soutien \u00e0 la client\u00e8le\" data-src=\"https:\/\/huyl.com\/wp-content\/uploads\/2025\/08\/FB1_5900.jpg\" src=\"data:image\/svg+xml;base64,PHN2ZyB3aWR0aD0iMSIgaGVpZ2h0PSIxIiB4bWxucz0iaHR0cDovL3d3dy53My5vcmcvMjAwMC9zdmciPjwvc3ZnPg==\" class=\"lazyload\" style=\"--smush-placeholder-width: 1600px; --smush-placeholder-aspect-ratio: 1600\/1067;\"><\/div>\n\t\t\t\t<h3 class=\"box-title\">Soutien \u00e0 la client\u00e8le<\/h3>\n\t\t\t\t<div class=\"box-content\"><\/p>\n<p class=\"p1\">Qu&rsquo;il s&rsquo;agisse d&rsquo;une question sur la compatibilit\u00e9, d&rsquo;une aide \u00e0 l&rsquo;installation ou d&rsquo;une simple photo de votre \u00e9cran en action, nous sommes l\u00e0 pour vous aider.<\/p>\n<p>Et si quelque chose ne va pas, ne vous inqui\u00e9tez pas : nous prenons en charge les frais de transport.  <span class=\"s1\"><b>un soutien \u00e0 la client\u00e8le s\u00e9rieux<\/b><\/span>Nous vous garantissons un service de qualit\u00e9, du moment o\u00f9 vous arrivez sur notre site jusqu&rsquo;\u00e0 la livraison de votre commande &#8211; parce que votre satisfaction est ce qui compte le plus.<\/div>\n\t\t\t<\/div>[\/vc_column_inner][vc_column_inner width=\u00a0\u00bb1\/3&Prime;]<div class=\"sober-icon-box icon-type-image icon-style-normal  \">\n\t\t\t\t<div class=\"box-icon\"><img decoding=\"async\" alt=\"Personnalisation\" data-src=\"https:\/\/huyl.com\/wp-content\/uploads\/2025\/08\/customs.jpg\" src=\"data:image\/svg+xml;base64,PHN2ZyB3aWR0aD0iMSIgaGVpZ2h0PSIxIiB4bWxucz0iaHR0cDovL3d3dy53My5vcmcvMjAwMC9zdmciPjwvc3ZnPg==\" class=\"lazyload\" style=\"--smush-placeholder-width: 1600px; --smush-placeholder-aspect-ratio: 1600\/1067;\"><\/div>\n\t\t\t\t<h3 class=\"box-title\">Personnalisation<\/h3>\n\t\t\t\t<div class=\"box-content\"><\/p>\n<p class=\"p1\">Chaque collection LEGO\u00ae est unique, et nous pensons que votre exposition doit l&rsquo;\u00eatre aussi. C&rsquo;est pourquoi nous vous proposons <span class=\"s1\"><b>des solutions personnalis\u00e9es<\/b><\/span> con\u00e7ues en fonction de vos besoins sp\u00e9cifiques. <\/p>\n<p class=\"p1\">Nous aimons les d\u00e9fis et les demandes sp\u00e9ciales &#8211; ils nous poussent \u00e0 cr\u00e9er des designs encore meilleurs. Dites-nous ce que vous avez en t\u00eate et nous travaillerons avec vous pour lui donner vie. <\/p>\n<p><\/div>\n\t\t\t<\/div>[\/vc_column_inner][\/vc_row_inner][vc_empty_space height=\u00a0\u00bb120px\u00a0\u00bb][\/vc_column][\/vc_row][vc_row full_width=\u00a0\u00bbstretch_row_content_no_spaces\u00a0\u00bb gap=\u00a0\u00bb30&Prime; parallax=\u00a0\u00bbcontent-moving\u00a0\u00bb parallax_speed_bg=\u00a0\u00bb1.2&Prime; css=\u00a0\u00bb.vc_custom_1754386755747{padding-top: 70px !important;padding-bottom: 130px !important;background: #F2F2F2 url(https:\/\/huyl.com\/wp-content\/uploads\/2025\/08\/founders.jpg?id=11859);background-position: center;background-repeat: no-repeat !important;background-size: contain !important;}\u00a0\u00bb][vc_column offset=\u00a0\u00bbvc_col-lg-offset-4 vc_col-lg-8 vc_col-md-offset-0 vc_col-md-12&Prime;][vc_column_text css=\u00a0\u00bb\u00a0\u00bb]<\/p>\n<h4 class=\"p1\" style=\"text-align: center;\"><em>Nous esp\u00e9rons vraiment que ces pr\u00e9sentoirs faits maison<br \/>\ntrouveront leur place dans votre maison.<\/em><\/h4>\n<h4 class=\"p1\" style=\"text-align: center;\"><em>C&rsquo;est en tout cas ce qui s&rsquo;est pass\u00e9 dans la n\u00f4tre !<\/em><\/h4>\n<p>[\/vc_column_text][vc_custom_heading text=\u00a0\u00bbFrancesco &amp; Nicola\u00a0\u00bb font_container=\u00a0\u00bbtag:h2|font_size:32|text_align:center\u00a0\u00bb google_fonts=\u00a0\u00bbfont_family:Montez%3A400|font_style:400%20regular%3A400%3Anormal\u00a0\u00bb css=\u00a0\u00bb.vc_custom_1754386790378{margin-top: 50px !important;margin-bottom: 0px !important;}\u00a0\u00bb][\/vc_column][\/vc_row]<\/p>\n<\/div>","protected":false},"excerpt":{"rendered":"<p>[vc_row full_width=\u00a0\u00bbstretch_row\u00a0\u00bb content_placement=\u00a0\u00bbmiddle\u00a0\u00bb][vc_column width=\u00a0\u00bb1\/2&Prime;][vc_column_text css=\u00a0\u00bb\u00a0\u00bb] Les briques LEGO\u00ae peuvent-elles \u00eatre consid\u00e9r\u00e9es comme de l&rsquo;art ? At HUYL, as known also as Hang Up Your Lego, we believe that every LEGO\u00ae&hellip;<\/p>\n","protected":false},"author":1,"featured_media":0,"parent":0,"menu_order":0,"comment_status":"closed","ping_status":"closed","template":"","meta":{"inline_featured_image":false,"footnotes":""},"class_list":["post-14729","page","type-page","status-publish","hentry"],"yoast_head":"<!-- This site is optimized with the Yoast SEO plugin v27.2 - https:\/\/yoast.com\/product\/yoast-seo-wordpress\/ -->\n<title>HUYL - \u00c0 propos de nous<\/title>\n<meta name=\"description\" content=\"Chez HUYL, nous pensons que chaque chef-d&#039;\u0153uvre LEGO\u00ae m\u00e9rite d&#039;\u00eatre plus que stock\u00e9 - il m\u00e9rite d&#039;\u00eatre expos\u00e9.\" \/>\n<meta name=\"robots\" content=\"index, follow, max-snippet:-1, max-image-preview:large, max-video-preview:-1\" \/>\n<link rel=\"canonical\" href=\"https:\/\/huyl.com\/fr\/a-propos-de-nous\/\" \/>\n<meta property=\"og:locale\" content=\"fr_FR\" \/>\n<meta property=\"og:type\" content=\"article\" \/>\n<meta property=\"og:title\" content=\"HUYL - \u00c0 propos de nous\" \/>\n<meta property=\"og:description\" content=\"Chez HUYL, nous pensons que chaque chef-d&#039;\u0153uvre LEGO\u00ae m\u00e9rite d&#039;\u00eatre plus que stock\u00e9 - il m\u00e9rite d&#039;\u00eatre expos\u00e9.\" \/>\n<meta property=\"og:url\" content=\"https:\/\/huyl.com\/fr\/a-propos-de-nous\/\" \/>\n<meta property=\"og:site_name\" content=\"HUYL\" \/>\n<meta property=\"article:modified_time\" content=\"2025-10-22T08:31:02+00:00\" \/>\n<meta name=\"twitter:card\" content=\"summary_large_image\" \/>\n<script type=\"application\/ld+json\" class=\"yoast-schema-graph\">{\"@context\":\"https:\/\/schema.org\",\"@graph\":[{\"@type\":\"WebPage\",\"@id\":\"https:\/\/huyl.com\/fr\/a-propos-de-nous\/\",\"url\":\"https:\/\/huyl.com\/fr\/a-propos-de-nous\/\",\"name\":\"HUYL - \u00c0 propos de nous\",\"isPartOf\":{\"@id\":\"https:\/\/huyl.com\/fr\/#website\"},\"datePublished\":\"2025-10-22T08:30:58+00:00\",\"dateModified\":\"2025-10-22T08:31:02+00:00\",\"description\":\"Chez HUYL, nous pensons que chaque chef-d'\u0153uvre LEGO\u00ae m\u00e9rite d'\u00eatre plus que stock\u00e9 - il m\u00e9rite d'\u00eatre expos\u00e9.\",\"inLanguage\":\"fr-FR\",\"potentialAction\":[{\"@type\":\"ReadAction\",\"target\":[\"https:\/\/huyl.com\/fr\/a-propos-de-nous\/\"]}]},{\"@type\":\"WebSite\",\"@id\":\"https:\/\/huyl.com\/fr\/#website\",\"url\":\"https:\/\/huyl.com\/fr\/\",\"name\":\"HUYL\",\"description\":\"Trasforma la tua collezione di mattoncini in una galleria d&#039;arte!\",\"publisher\":{\"@id\":\"https:\/\/huyl.com\/fr\/#organization\"},\"potentialAction\":[{\"@type\":\"SearchAction\",\"target\":{\"@type\":\"EntryPoint\",\"urlTemplate\":\"https:\/\/huyl.com\/fr\/?s={search_term_string}\"},\"query-input\":{\"@type\":\"PropertyValueSpecification\",\"valueRequired\":true,\"valueName\":\"search_term_string\"}}],\"inLanguage\":\"fr-FR\"},{\"@type\":\"Organization\",\"@id\":\"https:\/\/huyl.com\/fr\/#organization\",\"name\":\"HUYL S.r.l.\",\"url\":\"https:\/\/huyl.com\/fr\/\",\"logo\":{\"@type\":\"ImageObject\",\"inLanguage\":\"fr-FR\",\"@id\":\"https:\/\/huyl.com\/fr\/#\/schema\/logo\/image\/\",\"url\":\"https:\/\/huyl.com\/wp-content\/uploads\/2021\/10\/cropped-logo_squared.png\",\"contentUrl\":\"https:\/\/huyl.com\/wp-content\/uploads\/2021\/10\/cropped-logo_squared.png\",\"width\":512,\"height\":512,\"caption\":\"HUYL S.r.l.\"},\"image\":{\"@id\":\"https:\/\/huyl.com\/fr\/#\/schema\/logo\/image\/\"}}]}<\/script>\n<!-- \/ Yoast SEO plugin. -->","yoast_head_json":{"title":"HUYL - \u00c0 propos de nous","description":"Chez HUYL, nous pensons que chaque chef-d'\u0153uvre LEGO\u00ae m\u00e9rite d'\u00eatre plus que stock\u00e9 - il m\u00e9rite d'\u00eatre expos\u00e9.","robots":{"index":"index","follow":"follow","max-snippet":"max-snippet:-1","max-image-preview":"max-image-preview:large","max-video-preview":"max-video-preview:-1"},"canonical":"https:\/\/huyl.com\/fr\/a-propos-de-nous\/","og_locale":"fr_FR","og_type":"article","og_title":"HUYL - \u00c0 propos de nous","og_description":"Chez HUYL, nous pensons que chaque chef-d'\u0153uvre LEGO\u00ae m\u00e9rite d'\u00eatre plus que stock\u00e9 - il m\u00e9rite d'\u00eatre expos\u00e9.","og_url":"https:\/\/huyl.com\/fr\/a-propos-de-nous\/","og_site_name":"HUYL","article_modified_time":"2025-10-22T08:31:02+00:00","twitter_card":"summary_large_image","schema":{"@context":"https:\/\/schema.org","@graph":[{"@type":"WebPage","@id":"https:\/\/huyl.com\/fr\/a-propos-de-nous\/","url":"https:\/\/huyl.com\/fr\/a-propos-de-nous\/","name":"HUYL - \u00c0 propos de nous","isPartOf":{"@id":"https:\/\/huyl.com\/fr\/#website"},"datePublished":"2025-10-22T08:30:58+00:00","dateModified":"2025-10-22T08:31:02+00:00","description":"Chez HUYL, nous pensons que chaque chef-d'\u0153uvre LEGO\u00ae m\u00e9rite d'\u00eatre plus que stock\u00e9 - il m\u00e9rite d'\u00eatre expos\u00e9.","inLanguage":"fr-FR","potentialAction":[{"@type":"ReadAction","target":["https:\/\/huyl.com\/fr\/a-propos-de-nous\/"]}]},{"@type":"WebSite","@id":"https:\/\/huyl.com\/fr\/#website","url":"https:\/\/huyl.com\/fr\/","name":"HUYL","description":"Trasforma la tua collezione di mattoncini in una galleria d&#039;arte!","publisher":{"@id":"https:\/\/huyl.com\/fr\/#organization"},"potentialAction":[{"@type":"SearchAction","target":{"@type":"EntryPoint","urlTemplate":"https:\/\/huyl.com\/fr\/?s={search_term_string}"},"query-input":{"@type":"PropertyValueSpecification","valueRequired":true,"valueName":"search_term_string"}}],"inLanguage":"fr-FR"},{"@type":"Organization","@id":"https:\/\/huyl.com\/fr\/#organization","name":"HUYL S.r.l.","url":"https:\/\/huyl.com\/fr\/","logo":{"@type":"ImageObject","inLanguage":"fr-FR","@id":"https:\/\/huyl.com\/fr\/#\/schema\/logo\/image\/","url":"https:\/\/huyl.com\/wp-content\/uploads\/2021\/10\/cropped-logo_squared.png","contentUrl":"https:\/\/huyl.com\/wp-content\/uploads\/2021\/10\/cropped-logo_squared.png","width":512,"height":512,"caption":"HUYL S.r.l."},"image":{"@id":"https:\/\/huyl.com\/fr\/#\/schema\/logo\/image\/"}}]}},"jetpack_sharing_enabled":true,"_links":{"self":[{"href":"https:\/\/huyl.com\/fr\/wp-json\/wp\/v2\/pages\/14729","targetHints":{"allow":["GET"]}}],"collection":[{"href":"https:\/\/huyl.com\/fr\/wp-json\/wp\/v2\/pages"}],"about":[{"href":"https:\/\/huyl.com\/fr\/wp-json\/wp\/v2\/types\/page"}],"author":[{"embeddable":true,"href":"https:\/\/huyl.com\/fr\/wp-json\/wp\/v2\/users\/1"}],"replies":[{"embeddable":true,"href":"https:\/\/huyl.com\/fr\/wp-json\/wp\/v2\/comments?post=14729"}],"version-history":[{"count":0,"href":"https:\/\/huyl.com\/fr\/wp-json\/wp\/v2\/pages\/14729\/revisions"}],"wp:attachment":[{"href":"https:\/\/huyl.com\/fr\/wp-json\/wp\/v2\/media?parent=14729"}],"curies":[{"name":"wp","href":"https:\/\/api.w.org\/{rel}","templated":true}]}}