{"id":19206,"date":"2026-03-25T11:56:04","date_gmt":"2026-03-25T09:56:04","guid":{"rendered":"https:\/\/huyl.com\/faq\/"},"modified":"2026-03-25T16:54:34","modified_gmt":"2026-03-25T14:54:34","slug":"faq-fr","status":"publish","type":"page","link":"https:\/\/huyl.com\/fr\/faq-fr\/","title":{"rendered":"FAQ"},"content":{"rendered":"<div class=\"wpb-content-wrapper\"><p>[vc_row css=\u00a0\u00bb.vc_custom_1480660608661{margin-bottom: 70px !important;}\u00a0\u00bb][vc_column width=\u00a0\u00bb2\/3&Prime; offset=\u00a0\u00bbvc_col-lg-offset-2 vc_col-lg-8 vc_col-md-offset-0 vc_col-md-12&Prime;][vc_column_text css=\u00a0\u00bb\u00a0\u00bb]<\/p>\n<p style=\"color: #23232c; font-size: 22px; line-height: 34px; font-weight: 500;\">FAQ<\/p>\n<p class=\"p1\">Si vous avez des questions, voici quelques r\u00e9ponses utiles.<\/p>\n<p>[\/vc_column_text][\/vc_column][\/vc_row][vc_row][vc_column]<div class=\"sober-faq   open\">\n\t\t\t\t<div class=\"question\">\n\t\t\t\t\t<span class=\"question-label\">Question<\/span>\n\t\t\t\t\t<span class=\"question-icon\"><span class=\"toggle-icon\"><\/span><\/span>\n\t\t\t\t\t<span class=\"question-title\">Qui est HUYL ?<\/span>\n\t\t\t\t<\/div>\n\t\t\t\t<div class=\"answer\"><span class=\"answer-label\">Answer<\/span>Aka \u00ab\u00a0Hang Up Your Lego\u00a0\u00bb, HUYL est une soci\u00e9t\u00e9 italienne fond\u00e9e par nous, Nicola et Francesco. En 2020, nous avons <strong>invent\u00e9 le<\/strong> support mural, et depuis cette ann\u00e9e-l\u00e0, nous avons expos\u00e9 des milliers d&rsquo;ensembles LEGO dans des salons, des studios et des garages du monde entier &#x2764;&#xfe0f;<\/div>\n\t\t\t<\/div><div class=\"sober-faq   open\">\n\t\t\t\t<div class=\"question\">\n\t\t\t\t\t<span class=\"question-label\">Question<\/span>\n\t\t\t\t\t<span class=\"question-icon\"><span class=\"toggle-icon\"><\/span><\/span>\n\t\t\t\t\t<span class=\"question-title\">Que font-ils ?<\/span>\n\t\t\t\t<\/div>\n\t\t\t\t<div class=\"answer\"><span class=\"answer-label\">Answer<\/span><\/p>\n<p class=\"p1\">Nous produisons et vendons des supports muraux pour sets LEGO, principalement pour les voitures. Chaque support est fabriqu\u00e9 \u00e0 la main, en utilisant les meilleurs mat\u00e9riaux que nous s\u00e9lectionnons aupr\u00e8s de nos fournisseurs italiens. Une fois r\u00e9alis\u00e9, chaque support est soigneusement emball\u00e9 pour atteindre (presque) toutes les r\u00e9gions du monde &#x1f30d;<\/p>\n<p><\/div>\n\t\t\t<\/div><div class=\"sober-faq   open\">\n\t\t\t\t<div class=\"question\">\n\t\t\t\t\t<span class=\"question-label\">Question<\/span>\n\t\t\t\t\t<span class=\"question-icon\"><span class=\"toggle-icon\"><\/span><\/span>\n\t\t\t\t\t<span class=\"question-title\">Pourquoi diable mettrais-je un jeu sur le mur ?<\/span>\n\t\t\t\t<\/div>\n\t\t\t\t<div class=\"answer\"><span class=\"answer-label\">Answer<\/span><\/p>\n<p class=\"p1\">Nous avons principalement deux raisons:<\/p>\n<ul>\n<li>\n<p class=\"p1\"><span class=\"s1\"><b>Beaut\u00e9 pure :<\/b><\/span> oubliez les vitrines ennuyeuses, exposez fi\u00e8rement votre set comme une v\u00e9ritable \u0153uvre d\u2019art que tout le monde peut admirer &#x2728;<\/p>\n<\/li>\n<li>\n<p class=\"p1\"><span class=\"s1\"><b>Gain de place :<\/b><\/span> vous avez commenc\u00e9 il y a quelques ann\u00e9es \u00e0 collectionner vos sets LEGO pr\u00e9f\u00e9r\u00e9s ; vous avez achet\u00e9 une biblioth\u00e8que ou plusieurs vitrines en acrylique, mais l\u2019espace ne suffit plus.<\/p>\n<p class=\"p1\">Avec les supports HUYL, vous r\u00e9soudrez ce probl\u00e8me &#x1f61c;<\/p>\n<\/li>\n<\/ul>\n<p><\/div>\n\t\t\t<\/div><div class=\"sober-faq   open\">\n\t\t\t\t<div class=\"question\">\n\t\t\t\t\t<span class=\"question-label\">Question<\/span>\n\t\t\t\t\t<span class=\"question-icon\"><span class=\"toggle-icon\"><\/span><\/span>\n\t\t\t\t\t<span class=\"question-title\">D&#039;accord, mais qu&#039;en est-il de la poussi\u00e8re ?<\/span>\n\t\t\t\t<\/div>\n\t\t\t\t<div class=\"answer\"><span class=\"answer-label\">Answer<\/span><\/p>\n<p class=\"p1\">Here we are, tackling the one problem every collector obsesses over. Dust exists, sure, but since the sets are vertical, you&rsquo;ll find it only on the top.<\/p>\n<p class=\"p1\">We&rsquo;ve both allergic to dust, so we know the matter, but dust is not an issue at all with this king of display; we can garantee &#x1f44a;&#x1f3fb;<\/p>\n<p><\/div>\n\t\t\t<\/div><div class=\"sober-faq   open\">\n\t\t\t\t<div class=\"question\">\n\t\t\t\t\t<span class=\"question-label\">Question<\/span>\n\t\t\t\t\t<span class=\"question-icon\"><span class=\"toggle-icon\"><\/span><\/span>\n\t\t\t\t\t<span class=\"question-title\">Si j&#039;ai un probl\u00e8me apr\u00e8s l&#039;achat ?<\/span>\n\t\t\t\t<\/div>\n\t\t\t\t<div class=\"answer\"><span class=\"answer-label\">Answer<\/span><\/p>\n<p class=\"p1\">Des choses inattendues se produisent, mais nous sommes toujours l\u00e0 pour la r\u00e9parer. Parfois, le transport peut causer des fissures ou des d\u00e9fauts, mais ne vous inqui\u00e9tez pas : contactez-nous et nous serons heureux de vous aider, y compris en vous envoyant des \u00e9crans de remplacement si n\u00e9cessaire &#x2705;<\/p>\n<p><\/div>\n\t\t\t<\/div><div class=\"sober-faq   open\">\n\t\t\t\t<div class=\"question\">\n\t\t\t\t\t<span class=\"question-label\">Question<\/span>\n\t\t\t\t\t<span class=\"question-icon\"><span class=\"toggle-icon\"><\/span><\/span>\n\t\t\t\t\t<span class=\"question-title\">Pourquoi choisir HUYL<\/span>\n\t\t\t\t<\/div>\n\t\t\t\t<div class=\"answer\"><span class=\"answer-label\">Answer<\/span><\/p>\n<p class=\"p1\">Pendant ces derni\u00e8res ann\u00e9es, plusieurs concurrents proposent des produits similaires aux n\u00f4tres. Oui, ils permettent d\u2019accrocher votre set au mur, mais voici pourquoi choisir HUYL:<\/p>\n<ul>\n<li class=\"p1\"><span class=\"s1\"><b>Qualit\u00e9 sup\u00e9rieure :<\/b><\/span> des mat\u00e9riaux \u00e0 l\u2019emballage, nous portons une attention particuli\u00e8re \u00e0 chaque d\u00e9tail pour vous offrir le meilleur support mural possible &#x1f51d;<\/li>\n<li class=\"p1\"><span class=\"s1\"><b>Fixations s\u00e9curis\u00e9es :<\/b><\/span> pas de crochets m\u00e9talliques, mais un syst\u00e8me solide bas\u00e9 sur des \u00e9l\u00e9ments LEGO Technic pour pr\u00e9server l\u2019int\u00e9grit\u00e9 de votre set ; et tout est d\u00e9j\u00e0 mont\u00e9<\/li>\n<li class=\"p1\"><span class=\"s1\"><b>Service premium :<\/b><\/span> de l\u2019achat jusqu\u2019\u00e0 l\u2019installation, notre service client vous accompagne \u00e0 chaque \u00e9tape &#x1f6df;<\/li>\n<li class=\"p1\"><span class=\"s1\"><b>Livraison rapide :<\/b><\/span> exp\u00e9dition sous 1 jour ouvr\u00e9, avec UPS pour une livraison plus rapide que jamais &#x1f680;<\/li>\n<\/ul>\n<p><\/div>\n\t\t\t<\/div>[\/vc_column][\/vc_row]<\/p>\n<\/div>","protected":false},"excerpt":{"rendered":"<p>[vc_row css=\u00a0\u00bb.vc_custom_1480660608661{margin-bottom: 70px !important;}\u00a0\u00bb][vc_column width=\u00a0\u00bb2\/3&Prime; offset=\u00a0\u00bbvc_col-lg-offset-2 vc_col-lg-8 vc_col-md-offset-0 vc_col-md-12&Prime;][vc_column_text css=\u00a0\u00bb\u00a0\u00bb] FAQ Si vous avez des questions, voici quelques r\u00e9ponses utiles. [\/vc_column_text][\/vc_column][\/vc_row][vc_row][vc_column][\/vc_column][\/vc_row]<\/p>\n","protected":false},"author":1,"featured_media":0,"parent":0,"menu_order":0,"comment_status":"closed","ping_status":"closed","template":"","meta":{"inline_featured_image":false,"footnotes":""},"class_list":["post-19206","page","type-page","status-publish","hentry"],"yoast_head":"<!-- This site is optimized with the Yoast SEO plugin v27.5 - https:\/\/yoast.com\/product\/yoast-seo-wordpress\/ -->\n<title>HUYL - FAQ<\/title>\n<meta name=\"robots\" content=\"index, follow, max-snippet:-1, max-image-preview:large, max-video-preview:-1\" \/>\n<link rel=\"canonical\" href=\"https:\/\/huyl.com\/fr\/faq-fr\/\" \/>\n<meta property=\"og:locale\" content=\"fr_FR\" \/>\n<meta property=\"og:type\" content=\"article\" \/>\n<meta property=\"og:title\" content=\"HUYL - FAQ\" \/>\n<meta property=\"og:description\" content=\"[vc_row css=\u00a0\u00bb.vc_custom_1480660608661{margin-bottom: 70px !important;}\u00a0\u00bb][vc_column width=\u00a0\u00bb2\/3&Prime; offset=\u00a0\u00bbvc_col-lg-offset-2 vc_col-lg-8 vc_col-md-offset-0 vc_col-md-12&Prime;][vc_column_text css=\u00a0\u00bb\u00a0\u00bb] FAQ Si vous avez des questions, voici quelques r\u00e9ponses utiles. [\/vc_column_text][\/vc_column][\/vc_row][vc_row][vc_column][\/vc_column][\/vc_row]\" \/>\n<meta property=\"og:url\" content=\"https:\/\/huyl.com\/fr\/faq-fr\/\" \/>\n<meta property=\"og:site_name\" content=\"HUYL\" \/>\n<meta property=\"article:modified_time\" content=\"2026-03-25T14:54:34+00:00\" \/>\n<meta name=\"twitter:card\" content=\"summary_large_image\" \/>\n<script type=\"application\/ld+json\" class=\"yoast-schema-graph\">{\"@context\":\"https:\\\/\\\/schema.org\",\"@graph\":[{\"@type\":\"WebPage\",\"@id\":\"https:\\\/\\\/huyl.com\\\/fr\\\/faq-fr\\\/\",\"url\":\"https:\\\/\\\/huyl.com\\\/fr\\\/faq-fr\\\/\",\"name\":\"HUYL - FAQ\",\"isPartOf\":{\"@id\":\"https:\\\/\\\/huyl.com\\\/fr\\\/#website\"},\"datePublished\":\"2026-03-25T09:56:04+00:00\",\"dateModified\":\"2026-03-25T14:54:34+00:00\",\"inLanguage\":\"fr-FR\",\"potentialAction\":[{\"@type\":\"ReadAction\",\"target\":[\"https:\\\/\\\/huyl.com\\\/fr\\\/faq-fr\\\/\"]}]},{\"@type\":\"WebSite\",\"@id\":\"https:\\\/\\\/huyl.com\\\/fr\\\/#website\",\"url\":\"https:\\\/\\\/huyl.com\\\/fr\\\/\",\"name\":\"HUYL\",\"description\":\"Trasforma la tua collezione di mattoncini in una galleria d&#039;arte!\",\"publisher\":{\"@id\":\"https:\\\/\\\/huyl.com\\\/fr\\\/#organization\"},\"potentialAction\":[{\"@type\":\"SearchAction\",\"target\":{\"@type\":\"EntryPoint\",\"urlTemplate\":\"https:\\\/\\\/huyl.com\\\/fr\\\/?s={search_term_string}\"},\"query-input\":{\"@type\":\"PropertyValueSpecification\",\"valueRequired\":true,\"valueName\":\"search_term_string\"}}],\"inLanguage\":\"fr-FR\"},{\"@type\":\"Organization\",\"@id\":\"https:\\\/\\\/huyl.com\\\/fr\\\/#organization\",\"name\":\"HUYL S.r.l.\",\"url\":\"https:\\\/\\\/huyl.com\\\/fr\\\/\",\"logo\":{\"@type\":\"ImageObject\",\"inLanguage\":\"fr-FR\",\"@id\":\"https:\\\/\\\/huyl.com\\\/fr\\\/#\\\/schema\\\/logo\\\/image\\\/\",\"url\":\"https:\\\/\\\/huyl.com\\\/wp-content\\\/uploads\\\/2021\\\/10\\\/cropped-logo_squared.png\",\"contentUrl\":\"https:\\\/\\\/huyl.com\\\/wp-content\\\/uploads\\\/2021\\\/10\\\/cropped-logo_squared.png\",\"width\":512,\"height\":512,\"caption\":\"HUYL S.r.l.\"},\"image\":{\"@id\":\"https:\\\/\\\/huyl.com\\\/fr\\\/#\\\/schema\\\/logo\\\/image\\\/\"}}]}<\/script>\n<!-- \/ Yoast SEO plugin. -->","yoast_head_json":{"title":"HUYL - FAQ","robots":{"index":"index","follow":"follow","max-snippet":"max-snippet:-1","max-image-preview":"max-image-preview:large","max-video-preview":"max-video-preview:-1"},"canonical":"https:\/\/huyl.com\/fr\/faq-fr\/","og_locale":"fr_FR","og_type":"article","og_title":"HUYL - FAQ","og_description":"[vc_row css=\u00a0\u00bb.vc_custom_1480660608661{margin-bottom: 70px !important;}\u00a0\u00bb][vc_column width=\u00a0\u00bb2\/3&Prime; offset=\u00a0\u00bbvc_col-lg-offset-2 vc_col-lg-8 vc_col-md-offset-0 vc_col-md-12&Prime;][vc_column_text css=\u00a0\u00bb\u00a0\u00bb] FAQ Si vous avez des questions, voici quelques r\u00e9ponses utiles. [\/vc_column_text][\/vc_column][\/vc_row][vc_row][vc_column][\/vc_column][\/vc_row]","og_url":"https:\/\/huyl.com\/fr\/faq-fr\/","og_site_name":"HUYL","article_modified_time":"2026-03-25T14:54:34+00:00","twitter_card":"summary_large_image","schema":{"@context":"https:\/\/schema.org","@graph":[{"@type":"WebPage","@id":"https:\/\/huyl.com\/fr\/faq-fr\/","url":"https:\/\/huyl.com\/fr\/faq-fr\/","name":"HUYL - FAQ","isPartOf":{"@id":"https:\/\/huyl.com\/fr\/#website"},"datePublished":"2026-03-25T09:56:04+00:00","dateModified":"2026-03-25T14:54:34+00:00","inLanguage":"fr-FR","potentialAction":[{"@type":"ReadAction","target":["https:\/\/huyl.com\/fr\/faq-fr\/"]}]},{"@type":"WebSite","@id":"https:\/\/huyl.com\/fr\/#website","url":"https:\/\/huyl.com\/fr\/","name":"HUYL","description":"Trasforma la tua collezione di mattoncini in una galleria d&#039;arte!","publisher":{"@id":"https:\/\/huyl.com\/fr\/#organization"},"potentialAction":[{"@type":"SearchAction","target":{"@type":"EntryPoint","urlTemplate":"https:\/\/huyl.com\/fr\/?s={search_term_string}"},"query-input":{"@type":"PropertyValueSpecification","valueRequired":true,"valueName":"search_term_string"}}],"inLanguage":"fr-FR"},{"@type":"Organization","@id":"https:\/\/huyl.com\/fr\/#organization","name":"HUYL S.r.l.","url":"https:\/\/huyl.com\/fr\/","logo":{"@type":"ImageObject","inLanguage":"fr-FR","@id":"https:\/\/huyl.com\/fr\/#\/schema\/logo\/image\/","url":"https:\/\/huyl.com\/wp-content\/uploads\/2021\/10\/cropped-logo_squared.png","contentUrl":"https:\/\/huyl.com\/wp-content\/uploads\/2021\/10\/cropped-logo_squared.png","width":512,"height":512,"caption":"HUYL S.r.l."},"image":{"@id":"https:\/\/huyl.com\/fr\/#\/schema\/logo\/image\/"}}]}},"jetpack_sharing_enabled":true,"_links":{"self":[{"href":"https:\/\/huyl.com\/fr\/wp-json\/wp\/v2\/pages\/19206","targetHints":{"allow":["GET"]}}],"collection":[{"href":"https:\/\/huyl.com\/fr\/wp-json\/wp\/v2\/pages"}],"about":[{"href":"https:\/\/huyl.com\/fr\/wp-json\/wp\/v2\/types\/page"}],"author":[{"embeddable":true,"href":"https:\/\/huyl.com\/fr\/wp-json\/wp\/v2\/users\/1"}],"replies":[{"embeddable":true,"href":"https:\/\/huyl.com\/fr\/wp-json\/wp\/v2\/comments?post=19206"}],"version-history":[{"count":0,"href":"https:\/\/huyl.com\/fr\/wp-json\/wp\/v2\/pages\/19206\/revisions"}],"wp:attachment":[{"href":"https:\/\/huyl.com\/fr\/wp-json\/wp\/v2\/media?parent=19206"}],"curies":[{"name":"wp","href":"https:\/\/api.w.org\/{rel}","templated":true}]}}