{"id":13448,"date":"2025-03-13T11:04:18","date_gmt":"2025-03-13T09:04:18","guid":{"rendered":"https:\/\/huyl.com\/shop\/presentoir-mural-pour-lego-technic-42141-mclaren-f1-tone-on-tone-ton-sur-ton\/"},"modified":"2025-10-21T10:11:15","modified_gmt":"2025-10-21T08:11:15","slug":"presentoir-mural-pour-lego-technic-42141-mclaren-f1-tone-on-tone-ton-sur-ton","status":"publish","type":"product","link":"https:\/\/huyl.com\/fr\/shop\/presentoir-mural-pour-lego-technic-42141-mclaren-f1-tone-on-tone-ton-sur-ton\/","title":{"rendered":"Pr\u00e9sentoir mural pour LEGO\u00ae Technic 42141 McLaren F1 \u00ab\u00a0Tone-On-Tone\u00a0\u00bb (ton sur ton)"},"content":{"rendered":"<h3 class=\"p1\" style=\"text-align: left;\">Pr\u00e9sentoir mural pour LEGO\u00ae Technic 42141 McLaren Formula 1\u2122<\/h3>\n<p class=\"p3\" style=\"text-align: left;\">Transformez votre LEGO\u00ae Technic McLaren F1 MCL36 en une <span class=\"s1\"><b>superbe \u0153uvre d&rsquo;art murale<\/b><\/span> tout en \u00e9conomisant de l&rsquo;espace !<\/p>\n<p class=\"p3\" style=\"text-align: left;\">Le pr\u00e9sentoir mural HUYL vous permet d&rsquo;exposer fi\u00e8rement votre chef-d&rsquo;\u0153uvre dans un design \u00e9l\u00e9gant et moderne &#8211; plus besoin d&rsquo;\u00e9tag\u00e8res encombrantes.<\/p>\n<p>&nbsp;<\/p>\n<h5 class=\"p4\" style=\"text-align: left;\"><b>Caract\u00e9ristiques principales :<\/b><b><\/b><\/h5>\n<p class=\"p3\" style=\"text-align: left;\">\u2714 <span class=\"s1\"><b>Transforme les ensembles LEGO\u00ae en art<\/b><\/span> &#8211; Faites passer votre McLaren F1 d&rsquo;un ensemble \u00e0 un v\u00e9ritable chef-d&rsquo;\u0153uvre digne d&rsquo;\u00eatre expos\u00e9.<\/p>\n<p class=\"p3\" style=\"text-align: left;\">\u2714 <span class=\"s1\"><b>Une solution peu encombrante<\/b><\/span> &#8211; Se fixe au mur, lib\u00e9rant ainsi de l&rsquo;espace sur les \u00e9tag\u00e8res et les bureaux.<\/p>\n<p class=\"p3\" style=\"text-align: left;\">\u2714 <span class=\"s1\"><b>Esth\u00e9tique haut de gamme<\/b><\/span> &#8211; Panneau Perspex brillant de 5 mm associ\u00e9 \u00e0 un film orange clair de haute qualit\u00e9, ainsi qu&rsquo;\u00e0 des autocollants mats exclusifs.<\/p>\n<p class=\"p3\" style=\"text-align: left;\">\u2714 <span class=\"s1\"><b>Solide et s\u00fbr<\/b><\/span> &#8211; Construit avec un cadre en bois robuste, des barres en aluminium et des crochets LEGO\u00ae Technic pour un soutien parfait.<\/p>\n<p class=\"p3\" style=\"text-align: left;\">\u2714 <span class=\"s1\"><b>Installation facile<\/b><\/span> &#8211; Comprend tout le mat\u00e9riel de montage n\u00e9cessaire pour une installation rapide et facile.<\/p>\n<p class=\"p3\" style=\"text-align: left;\">Montrez votre collection LEGO\u00ae avec style, car vos constructions m\u00e9ritent d&rsquo;\u00eatre admir\u00e9es comme des \u0153uvres d&rsquo;art !<\/p>\n<p>&nbsp;<\/p>\n<p class=\"p3\" style=\"text-align: left;\"><i>(jeu LEGO\u00ae non inclus<\/i>)<\/p>\n","protected":false},"excerpt":{"rendered":"<p>Un design minimaliste, un impact maximal. Voici le nouvel ajout orange et vibrant \u00e0 la collection de pr\u00e9sentoirs F1, mettant en valeur votre McLaren Formula 1\u2122 sur une combinaison mate et brillante. <\/p>\n","protected":false},"featured_media":7518,"template":"","meta":{"inline_featured_image":false},"product_brand":[309],"product_cat":[352,385],"product_tag":[331,525,428],"class_list":{"0":"post-13448","1":"product","2":"type-product","3":"status-publish","4":"has-post-thumbnail","6":"product_brand-huyl","7":"product_cat-lego-technic-fr","8":"product_cat-mclaren-f1-fr","9":"product_tag-f1-fr","10":"product_tag-mclaren-fr","11":"product_tag-ton-sur-ton","13":"first","14":"instock","15":"featured","16":"taxable","17":"shipping-taxable","18":"purchasable","19":"product-type-simple","20":"layout-style-6","21":"col-md-4 col-sm-4 col-xs-6","22":"col-lg-3","23":"product-style-slider"},"yoast_head":"<!-- This site is optimized with the Yoast SEO plugin v27.2 - https:\/\/yoast.com\/product\/yoast-seo-wordpress\/ -->\n<title>Pr\u00e9sentoir mural pour LEGO\u00ae Technic 42141 McLaren Formula 1<\/title>\n<meta name=\"description\" content=\"Accrochez au mur votre LEGO\u00ae McLaren F1 ! Consultez tous les pr\u00e9sentoirs disponibles et transformez vos briques en galerie d&#039;art !\" \/>\n<meta name=\"robots\" content=\"index, follow, max-snippet:-1, max-image-preview:large, max-video-preview:-1\" \/>\n<link rel=\"canonical\" href=\"https:\/\/huyl.com\/fr\/shop\/presentoir-mural-pour-lego-technic-42141-mclaren-f1-tone-on-tone-ton-sur-ton\/\" \/>\n<meta property=\"og:locale\" content=\"fr_FR\" \/>\n<meta property=\"og:type\" content=\"article\" \/>\n<meta property=\"og:title\" content=\"Pr\u00e9sentoir mural pour LEGO\u00ae Technic 42141 McLaren Formula 1\" \/>\n<meta property=\"og:description\" content=\"Accrochez au mur votre LEGO\u00ae McLaren F1 ! Consultez tous les pr\u00e9sentoirs disponibles et transformez vos briques en galerie d&#039;art !\" \/>\n<meta property=\"og:url\" content=\"https:\/\/huyl.com\/fr\/shop\/presentoir-mural-pour-lego-technic-42141-mclaren-f1-tone-on-tone-ton-sur-ton\/\" \/>\n<meta property=\"og:site_name\" content=\"HUYL\" \/>\n<meta property=\"article:modified_time\" content=\"2025-10-21T08:11:15+00:00\" \/>\n<meta property=\"og:image\" content=\"https:\/\/huyl.com\/wp-content\/uploads\/2025\/03\/McLaren_F1_tot_1.jpg\" \/>\n\t<meta property=\"og:image:width\" content=\"1200\" \/>\n\t<meta property=\"og:image:height\" content=\"1425\" \/>\n\t<meta property=\"og:image:type\" content=\"image\/jpeg\" \/>\n<meta name=\"twitter:card\" content=\"summary_large_image\" \/>\n<script type=\"application\/ld+json\" class=\"yoast-schema-graph\">{\"@context\":\"https:\/\/schema.org\",\"@graph\":[{\"@type\":\"WebPage\",\"@id\":\"https:\/\/huyl.com\/fr\/shop\/presentoir-mural-pour-lego-technic-42141-mclaren-f1-tone-on-tone-ton-sur-ton\/\",\"url\":\"https:\/\/huyl.com\/fr\/shop\/presentoir-mural-pour-lego-technic-42141-mclaren-f1-tone-on-tone-ton-sur-ton\/\",\"name\":\"Pr\u00e9sentoir mural pour LEGO\u00ae Technic 42141 McLaren Formula 1\",\"isPartOf\":{\"@id\":\"https:\/\/huyl.com\/fr\/#website\"},\"primaryImageOfPage\":{\"@id\":\"https:\/\/huyl.com\/fr\/shop\/presentoir-mural-pour-lego-technic-42141-mclaren-f1-tone-on-tone-ton-sur-ton\/#primaryimage\"},\"image\":{\"@id\":\"https:\/\/huyl.com\/fr\/shop\/presentoir-mural-pour-lego-technic-42141-mclaren-f1-tone-on-tone-ton-sur-ton\/#primaryimage\"},\"thumbnailUrl\":\"https:\/\/huyl.com\/wp-content\/uploads\/2025\/03\/McLaren_F1_tot_1.jpg\",\"datePublished\":\"2025-03-13T09:04:18+00:00\",\"dateModified\":\"2025-10-21T08:11:15+00:00\",\"description\":\"Accrochez au mur votre LEGO\u00ae McLaren F1 ! Consultez tous les pr\u00e9sentoirs disponibles et transformez vos briques en galerie d'art !\",\"breadcrumb\":{\"@id\":\"https:\/\/huyl.com\/fr\/shop\/presentoir-mural-pour-lego-technic-42141-mclaren-f1-tone-on-tone-ton-sur-ton\/#breadcrumb\"},\"inLanguage\":\"fr-FR\",\"potentialAction\":[{\"@type\":\"ReadAction\",\"target\":[\"https:\/\/huyl.com\/fr\/shop\/presentoir-mural-pour-lego-technic-42141-mclaren-f1-tone-on-tone-ton-sur-ton\/\"]}]},{\"@type\":\"ImageObject\",\"inLanguage\":\"fr-FR\",\"@id\":\"https:\/\/huyl.com\/fr\/shop\/presentoir-mural-pour-lego-technic-42141-mclaren-f1-tone-on-tone-ton-sur-ton\/#primaryimage\",\"url\":\"https:\/\/huyl.com\/wp-content\/uploads\/2025\/03\/McLaren_F1_tot_1.jpg\",\"contentUrl\":\"https:\/\/huyl.com\/wp-content\/uploads\/2025\/03\/McLaren_F1_tot_1.jpg\",\"width\":1200,\"height\":1425},{\"@type\":\"BreadcrumbList\",\"@id\":\"https:\/\/huyl.com\/fr\/shop\/presentoir-mural-pour-lego-technic-42141-mclaren-f1-tone-on-tone-ton-sur-ton\/#breadcrumb\",\"itemListElement\":[{\"@type\":\"ListItem\",\"position\":1,\"name\":\"Boutique\",\"item\":\"https:\/\/huyl.com\/fr\/boutique\/\"},{\"@type\":\"ListItem\",\"position\":2,\"name\":\"Pr\u00e9sentoir mural pour LEGO\u00ae Technic 42141 McLaren F1 &#8220;Tone-On-Tone&#8221; (ton sur ton)\"}]},{\"@type\":\"WebSite\",\"@id\":\"https:\/\/huyl.com\/fr\/#website\",\"url\":\"https:\/\/huyl.com\/fr\/\",\"name\":\"HUYL\",\"description\":\"Trasforma la tua collezione di mattoncini in una galleria d&#039;arte!\",\"publisher\":{\"@id\":\"https:\/\/huyl.com\/fr\/#organization\"},\"potentialAction\":[{\"@type\":\"SearchAction\",\"target\":{\"@type\":\"EntryPoint\",\"urlTemplate\":\"https:\/\/huyl.com\/fr\/?s={search_term_string}\"},\"query-input\":{\"@type\":\"PropertyValueSpecification\",\"valueRequired\":true,\"valueName\":\"search_term_string\"}}],\"inLanguage\":\"fr-FR\"},{\"@type\":\"Organization\",\"@id\":\"https:\/\/huyl.com\/fr\/#organization\",\"name\":\"HUYL S.r.l.\",\"url\":\"https:\/\/huyl.com\/fr\/\",\"logo\":{\"@type\":\"ImageObject\",\"inLanguage\":\"fr-FR\",\"@id\":\"https:\/\/huyl.com\/fr\/#\/schema\/logo\/image\/\",\"url\":\"https:\/\/huyl.com\/wp-content\/uploads\/2021\/10\/cropped-logo_squared.png\",\"contentUrl\":\"https:\/\/huyl.com\/wp-content\/uploads\/2021\/10\/cropped-logo_squared.png\",\"width\":512,\"height\":512,\"caption\":\"HUYL S.r.l.\"},\"image\":{\"@id\":\"https:\/\/huyl.com\/fr\/#\/schema\/logo\/image\/\"}}]}<\/script>\n<!-- \/ Yoast SEO plugin. -->","yoast_head_json":{"title":"Pr\u00e9sentoir mural pour LEGO\u00ae Technic 42141 McLaren Formula 1","description":"Accrochez au mur votre LEGO\u00ae McLaren F1 ! Consultez tous les pr\u00e9sentoirs disponibles et transformez vos briques en galerie d'art !","robots":{"index":"index","follow":"follow","max-snippet":"max-snippet:-1","max-image-preview":"max-image-preview:large","max-video-preview":"max-video-preview:-1"},"canonical":"https:\/\/huyl.com\/fr\/shop\/presentoir-mural-pour-lego-technic-42141-mclaren-f1-tone-on-tone-ton-sur-ton\/","og_locale":"fr_FR","og_type":"article","og_title":"Pr\u00e9sentoir mural pour LEGO\u00ae Technic 42141 McLaren Formula 1","og_description":"Accrochez au mur votre LEGO\u00ae McLaren F1 ! Consultez tous les pr\u00e9sentoirs disponibles et transformez vos briques en galerie d'art !","og_url":"https:\/\/huyl.com\/fr\/shop\/presentoir-mural-pour-lego-technic-42141-mclaren-f1-tone-on-tone-ton-sur-ton\/","og_site_name":"HUYL","article_modified_time":"2025-10-21T08:11:15+00:00","og_image":[{"width":1200,"height":1425,"url":"https:\/\/huyl.com\/wp-content\/uploads\/2025\/03\/McLaren_F1_tot_1.jpg","type":"image\/jpeg"}],"twitter_card":"summary_large_image","schema":{"@context":"https:\/\/schema.org","@graph":[{"@type":"WebPage","@id":"https:\/\/huyl.com\/fr\/shop\/presentoir-mural-pour-lego-technic-42141-mclaren-f1-tone-on-tone-ton-sur-ton\/","url":"https:\/\/huyl.com\/fr\/shop\/presentoir-mural-pour-lego-technic-42141-mclaren-f1-tone-on-tone-ton-sur-ton\/","name":"Pr\u00e9sentoir mural pour LEGO\u00ae Technic 42141 McLaren Formula 1","isPartOf":{"@id":"https:\/\/huyl.com\/fr\/#website"},"primaryImageOfPage":{"@id":"https:\/\/huyl.com\/fr\/shop\/presentoir-mural-pour-lego-technic-42141-mclaren-f1-tone-on-tone-ton-sur-ton\/#primaryimage"},"image":{"@id":"https:\/\/huyl.com\/fr\/shop\/presentoir-mural-pour-lego-technic-42141-mclaren-f1-tone-on-tone-ton-sur-ton\/#primaryimage"},"thumbnailUrl":"https:\/\/huyl.com\/wp-content\/uploads\/2025\/03\/McLaren_F1_tot_1.jpg","datePublished":"2025-03-13T09:04:18+00:00","dateModified":"2025-10-21T08:11:15+00:00","description":"Accrochez au mur votre LEGO\u00ae McLaren F1 ! Consultez tous les pr\u00e9sentoirs disponibles et transformez vos briques en galerie d'art !","breadcrumb":{"@id":"https:\/\/huyl.com\/fr\/shop\/presentoir-mural-pour-lego-technic-42141-mclaren-f1-tone-on-tone-ton-sur-ton\/#breadcrumb"},"inLanguage":"fr-FR","potentialAction":[{"@type":"ReadAction","target":["https:\/\/huyl.com\/fr\/shop\/presentoir-mural-pour-lego-technic-42141-mclaren-f1-tone-on-tone-ton-sur-ton\/"]}]},{"@type":"ImageObject","inLanguage":"fr-FR","@id":"https:\/\/huyl.com\/fr\/shop\/presentoir-mural-pour-lego-technic-42141-mclaren-f1-tone-on-tone-ton-sur-ton\/#primaryimage","url":"https:\/\/huyl.com\/wp-content\/uploads\/2025\/03\/McLaren_F1_tot_1.jpg","contentUrl":"https:\/\/huyl.com\/wp-content\/uploads\/2025\/03\/McLaren_F1_tot_1.jpg","width":1200,"height":1425},{"@type":"BreadcrumbList","@id":"https:\/\/huyl.com\/fr\/shop\/presentoir-mural-pour-lego-technic-42141-mclaren-f1-tone-on-tone-ton-sur-ton\/#breadcrumb","itemListElement":[{"@type":"ListItem","position":1,"name":"Boutique","item":"https:\/\/huyl.com\/fr\/boutique\/"},{"@type":"ListItem","position":2,"name":"Pr\u00e9sentoir mural pour LEGO\u00ae Technic 42141 McLaren F1 &#8220;Tone-On-Tone&#8221; (ton sur ton)"}]},{"@type":"WebSite","@id":"https:\/\/huyl.com\/fr\/#website","url":"https:\/\/huyl.com\/fr\/","name":"HUYL","description":"Trasforma la tua collezione di mattoncini in una galleria d&#039;arte!","publisher":{"@id":"https:\/\/huyl.com\/fr\/#organization"},"potentialAction":[{"@type":"SearchAction","target":{"@type":"EntryPoint","urlTemplate":"https:\/\/huyl.com\/fr\/?s={search_term_string}"},"query-input":{"@type":"PropertyValueSpecification","valueRequired":true,"valueName":"search_term_string"}}],"inLanguage":"fr-FR"},{"@type":"Organization","@id":"https:\/\/huyl.com\/fr\/#organization","name":"HUYL S.r.l.","url":"https:\/\/huyl.com\/fr\/","logo":{"@type":"ImageObject","inLanguage":"fr-FR","@id":"https:\/\/huyl.com\/fr\/#\/schema\/logo\/image\/","url":"https:\/\/huyl.com\/wp-content\/uploads\/2021\/10\/cropped-logo_squared.png","contentUrl":"https:\/\/huyl.com\/wp-content\/uploads\/2021\/10\/cropped-logo_squared.png","width":512,"height":512,"caption":"HUYL S.r.l."},"image":{"@id":"https:\/\/huyl.com\/fr\/#\/schema\/logo\/image\/"}}]}},"jetpack_sharing_enabled":true,"_links":{"self":[{"href":"https:\/\/huyl.com\/fr\/wp-json\/wp\/v2\/product\/13448","targetHints":{"allow":["GET"]}}],"collection":[{"href":"https:\/\/huyl.com\/fr\/wp-json\/wp\/v2\/product"}],"about":[{"href":"https:\/\/huyl.com\/fr\/wp-json\/wp\/v2\/types\/product"}],"wp:featuredmedia":[{"embeddable":true,"href":"https:\/\/huyl.com\/fr\/wp-json\/wp\/v2\/media\/7518"}],"wp:attachment":[{"href":"https:\/\/huyl.com\/fr\/wp-json\/wp\/v2\/media?parent=13448"}],"wp:term":[{"taxonomy":"product_brand","embeddable":true,"href":"https:\/\/huyl.com\/fr\/wp-json\/wp\/v2\/product_brand?post=13448"},{"taxonomy":"product_cat","embeddable":true,"href":"https:\/\/huyl.com\/fr\/wp-json\/wp\/v2\/product_cat?post=13448"},{"taxonomy":"product_tag","embeddable":true,"href":"https:\/\/huyl.com\/fr\/wp-json\/wp\/v2\/product_tag?post=13448"}],"curies":[{"name":"wp","href":"https:\/\/api.w.org\/{rel}","templated":true}]}}