{"id":13905,"date":"2021-03-11T21:39:05","date_gmt":"2021-03-11T20:39:06","guid":{"rendered":"https:\/\/huyl.com\/shop\/presentoir-mural-pour-lego-dc-76139-batman-1989-batmobile\/"},"modified":"2025-10-21T10:19:17","modified_gmt":"2025-10-21T08:19:17","slug":"presentoir-mural-pour-lego-dc-76139-batman-1989-batmobile","status":"publish","type":"product","link":"https:\/\/huyl.com\/fr\/shop\/presentoir-mural-pour-lego-dc-76139-batman-1989-batmobile\/","title":{"rendered":"Pr\u00e9sentoir mural pour LEGO\u00ae DC 76139 Batman\u2122 1989 Batmobile\u2122"},"content":{"rendered":"<p class=\"p1\">Pr\u00e9sentoir mural HUYL pour l&rsquo;ensemble LEGO\u00ae DC 76139 Batman\u2122 1989 Batmobile\u2122. La couleur m\u00e9tallique apporte une touche d&rsquo;\u00e9l\u00e9gance ; le support de plaque compl\u00e8te l&rsquo;\u0153uvre. <\/p>\n<p class=\"p1\">Le panneau en plexiglas de 5 mm, le cadre en bois robuste, les barres en aluminium et les crochets LEGO\u00ae Technic soutiennent votre ensemble en toute s\u00e9curit\u00e9.<\/p>\n<p>&nbsp;<\/p>\n<p class=\"p1\">Dimensions : 70&#215;40 cm (27.5&#215;15.7 inch)<\/p>\n<p class=\"p1\">\u00c9paisseur du cadre : 2 cm (0,7 pouce)<\/p>\n<p class=\"p1\">Profondeur maximale (crochets inclus) : 5 cm (2 pouces) <\/p>\n<p class=\"p1\"><strong>Vis, vis \u00e0 cheville et goupille LEGO\u00ae suppl\u00e9mentaire incluses.<\/strong><\/p>\n<p>&nbsp;<\/p>\n<p class=\"p1\">*L&rsquo;ensemble LEGO\u00ae n&rsquo;est pas inclus.<\/p>\n","protected":false},"excerpt":{"rendered":"<p class=\"p1\">Pr\u00e9sentoir mural HUYL pour l&rsquo;ensemble LEGO\u00ae DC 76139 Batman\u2122 1989 Batmobile\u2122. La couleur m\u00e9tallique apporte une touche d&rsquo;\u00e9l\u00e9gance ; le support de plaque compl\u00e8te l&rsquo;\u0153uvre. <\/p>\n<p class=\"p1\">Le panneau en plexiglas de 5 mm, le cadre en bois robuste, les barres en aluminium et les crochets LEGO\u00ae Technic soutiennent votre ensemble en toute s\u00e9curit\u00e9.<\/p>\n","protected":false},"featured_media":13912,"template":"","meta":{"inline_featured_image":false},"product_brand":[],"product_cat":[483,374],"product_tag":[379,360],"class_list":{"0":"post-13905","1":"product","2":"type-product","3":"status-publish","4":"has-post-thumbnail","6":"product_cat-batman-1989-batmobile-fr","7":"product_cat-lego-dc-super-heroes-fr","8":"product_tag-batman-fr","9":"product_tag-pur-gris-fr","11":"first","12":"instock","13":"taxable","14":"shipping-taxable","15":"purchasable","16":"product-type-simple","17":"layout-style-6","18":"col-md-4 col-sm-4 col-xs-6","19":"col-lg-3","20":"product-has-gallery","21":"product-style-slider"},"yoast_head":"<!-- This site is optimized with the Yoast SEO plugin v27.2 - https:\/\/yoast.com\/product\/yoast-seo-wordpress\/ -->\n<title>Pr\u00e9sentoir mural pour LEGO\u00ae DC 76139 Batman\u2122 1989 Batmobile\u2122<\/title>\n<meta name=\"description\" content=\"Accrochez au mur votre LEGO\u00ae Batmobile\u2122 ! Consultez tous les pr\u00e9sentoirs disponibles, et transformez vos briques en une galerie d&#039;ART !\" \/>\n<meta name=\"robots\" content=\"index, follow, max-snippet:-1, max-image-preview:large, max-video-preview:-1\" \/>\n<link rel=\"canonical\" href=\"https:\/\/huyl.com\/fr\/shop\/presentoir-mural-pour-lego-dc-76139-batman-1989-batmobile\/\" \/>\n<meta property=\"og:locale\" content=\"fr_FR\" \/>\n<meta property=\"og:type\" content=\"article\" \/>\n<meta property=\"og:title\" content=\"Pr\u00e9sentoir mural pour LEGO\u00ae DC 76139 Batman\u2122 1989 Batmobile\u2122\" \/>\n<meta property=\"og:description\" content=\"Accrochez au mur votre LEGO\u00ae Batmobile\u2122 ! Consultez tous les pr\u00e9sentoirs disponibles, et transformez vos briques en une galerie d&#039;ART !\" \/>\n<meta property=\"og:url\" content=\"https:\/\/huyl.com\/fr\/shop\/presentoir-mural-pour-lego-dc-76139-batman-1989-batmobile\/\" \/>\n<meta property=\"og:site_name\" content=\"HUYL\" \/>\n<meta property=\"article:modified_time\" content=\"2025-10-21T08:19:17+00:00\" \/>\n<meta property=\"og:image\" content=\"https:\/\/huyl.com\/wp-content\/uploads\/2021\/03\/Batmobile_1.jpg\" \/>\n\t<meta property=\"og:image:width\" content=\"1200\" \/>\n\t<meta property=\"og:image:height\" content=\"1425\" \/>\n\t<meta property=\"og:image:type\" content=\"image\/jpeg\" \/>\n<meta name=\"twitter:card\" content=\"summary_large_image\" \/>\n<script type=\"application\/ld+json\" class=\"yoast-schema-graph\">{\"@context\":\"https:\/\/schema.org\",\"@graph\":[{\"@type\":\"WebPage\",\"@id\":\"https:\/\/huyl.com\/fr\/shop\/presentoir-mural-pour-lego-dc-76139-batman-1989-batmobile\/\",\"url\":\"https:\/\/huyl.com\/fr\/shop\/presentoir-mural-pour-lego-dc-76139-batman-1989-batmobile\/\",\"name\":\"Pr\u00e9sentoir mural pour LEGO\u00ae DC 76139 Batman\u2122 1989 Batmobile\u2122\",\"isPartOf\":{\"@id\":\"https:\/\/huyl.com\/fr\/#website\"},\"primaryImageOfPage\":{\"@id\":\"https:\/\/huyl.com\/fr\/shop\/presentoir-mural-pour-lego-dc-76139-batman-1989-batmobile\/#primaryimage\"},\"image\":{\"@id\":\"https:\/\/huyl.com\/fr\/shop\/presentoir-mural-pour-lego-dc-76139-batman-1989-batmobile\/#primaryimage\"},\"thumbnailUrl\":\"https:\/\/huyl.com\/wp-content\/uploads\/2021\/03\/Batmobile_1.jpg\",\"datePublished\":\"2021-03-11T20:39:06+00:00\",\"dateModified\":\"2025-10-21T08:19:17+00:00\",\"description\":\"Accrochez au mur votre LEGO\u00ae Batmobile\u2122 ! Consultez tous les pr\u00e9sentoirs disponibles, et transformez vos briques en une galerie d'ART !\",\"breadcrumb\":{\"@id\":\"https:\/\/huyl.com\/fr\/shop\/presentoir-mural-pour-lego-dc-76139-batman-1989-batmobile\/#breadcrumb\"},\"inLanguage\":\"fr-FR\",\"potentialAction\":[{\"@type\":\"ReadAction\",\"target\":[\"https:\/\/huyl.com\/fr\/shop\/presentoir-mural-pour-lego-dc-76139-batman-1989-batmobile\/\"]}]},{\"@type\":\"ImageObject\",\"inLanguage\":\"fr-FR\",\"@id\":\"https:\/\/huyl.com\/fr\/shop\/presentoir-mural-pour-lego-dc-76139-batman-1989-batmobile\/#primaryimage\",\"url\":\"https:\/\/huyl.com\/wp-content\/uploads\/2021\/03\/Batmobile_1.jpg\",\"contentUrl\":\"https:\/\/huyl.com\/wp-content\/uploads\/2021\/03\/Batmobile_1.jpg\",\"width\":1200,\"height\":1425},{\"@type\":\"BreadcrumbList\",\"@id\":\"https:\/\/huyl.com\/fr\/shop\/presentoir-mural-pour-lego-dc-76139-batman-1989-batmobile\/#breadcrumb\",\"itemListElement\":[{\"@type\":\"ListItem\",\"position\":1,\"name\":\"Boutique\",\"item\":\"https:\/\/huyl.com\/fr\/boutique\/\"},{\"@type\":\"ListItem\",\"position\":2,\"name\":\"Pr\u00e9sentoir mural pour LEGO\u00ae DC 76139 Batman\u2122 1989 Batmobile\u2122\"}]},{\"@type\":\"WebSite\",\"@id\":\"https:\/\/huyl.com\/fr\/#website\",\"url\":\"https:\/\/huyl.com\/fr\/\",\"name\":\"HUYL\",\"description\":\"Trasforma la tua collezione di mattoncini in una galleria d&#039;arte!\",\"publisher\":{\"@id\":\"https:\/\/huyl.com\/fr\/#organization\"},\"potentialAction\":[{\"@type\":\"SearchAction\",\"target\":{\"@type\":\"EntryPoint\",\"urlTemplate\":\"https:\/\/huyl.com\/fr\/?s={search_term_string}\"},\"query-input\":{\"@type\":\"PropertyValueSpecification\",\"valueRequired\":true,\"valueName\":\"search_term_string\"}}],\"inLanguage\":\"fr-FR\"},{\"@type\":\"Organization\",\"@id\":\"https:\/\/huyl.com\/fr\/#organization\",\"name\":\"HUYL S.r.l.\",\"url\":\"https:\/\/huyl.com\/fr\/\",\"logo\":{\"@type\":\"ImageObject\",\"inLanguage\":\"fr-FR\",\"@id\":\"https:\/\/huyl.com\/fr\/#\/schema\/logo\/image\/\",\"url\":\"https:\/\/huyl.com\/wp-content\/uploads\/2021\/10\/cropped-logo_squared.png\",\"contentUrl\":\"https:\/\/huyl.com\/wp-content\/uploads\/2021\/10\/cropped-logo_squared.png\",\"width\":512,\"height\":512,\"caption\":\"HUYL S.r.l.\"},\"image\":{\"@id\":\"https:\/\/huyl.com\/fr\/#\/schema\/logo\/image\/\"}}]}<\/script>\n<!-- \/ Yoast SEO plugin. -->","yoast_head_json":{"title":"Pr\u00e9sentoir mural pour LEGO\u00ae DC 76139 Batman\u2122 1989 Batmobile\u2122","description":"Accrochez au mur votre LEGO\u00ae Batmobile\u2122 ! Consultez tous les pr\u00e9sentoirs disponibles, et transformez vos briques en une galerie d'ART !","robots":{"index":"index","follow":"follow","max-snippet":"max-snippet:-1","max-image-preview":"max-image-preview:large","max-video-preview":"max-video-preview:-1"},"canonical":"https:\/\/huyl.com\/fr\/shop\/presentoir-mural-pour-lego-dc-76139-batman-1989-batmobile\/","og_locale":"fr_FR","og_type":"article","og_title":"Pr\u00e9sentoir mural pour LEGO\u00ae DC 76139 Batman\u2122 1989 Batmobile\u2122","og_description":"Accrochez au mur votre LEGO\u00ae Batmobile\u2122 ! Consultez tous les pr\u00e9sentoirs disponibles, et transformez vos briques en une galerie d'ART !","og_url":"https:\/\/huyl.com\/fr\/shop\/presentoir-mural-pour-lego-dc-76139-batman-1989-batmobile\/","og_site_name":"HUYL","article_modified_time":"2025-10-21T08:19:17+00:00","og_image":[{"width":1200,"height":1425,"url":"https:\/\/huyl.com\/wp-content\/uploads\/2021\/03\/Batmobile_1.jpg","type":"image\/jpeg"}],"twitter_card":"summary_large_image","schema":{"@context":"https:\/\/schema.org","@graph":[{"@type":"WebPage","@id":"https:\/\/huyl.com\/fr\/shop\/presentoir-mural-pour-lego-dc-76139-batman-1989-batmobile\/","url":"https:\/\/huyl.com\/fr\/shop\/presentoir-mural-pour-lego-dc-76139-batman-1989-batmobile\/","name":"Pr\u00e9sentoir mural pour LEGO\u00ae DC 76139 Batman\u2122 1989 Batmobile\u2122","isPartOf":{"@id":"https:\/\/huyl.com\/fr\/#website"},"primaryImageOfPage":{"@id":"https:\/\/huyl.com\/fr\/shop\/presentoir-mural-pour-lego-dc-76139-batman-1989-batmobile\/#primaryimage"},"image":{"@id":"https:\/\/huyl.com\/fr\/shop\/presentoir-mural-pour-lego-dc-76139-batman-1989-batmobile\/#primaryimage"},"thumbnailUrl":"https:\/\/huyl.com\/wp-content\/uploads\/2021\/03\/Batmobile_1.jpg","datePublished":"2021-03-11T20:39:06+00:00","dateModified":"2025-10-21T08:19:17+00:00","description":"Accrochez au mur votre LEGO\u00ae Batmobile\u2122 ! Consultez tous les pr\u00e9sentoirs disponibles, et transformez vos briques en une galerie d'ART !","breadcrumb":{"@id":"https:\/\/huyl.com\/fr\/shop\/presentoir-mural-pour-lego-dc-76139-batman-1989-batmobile\/#breadcrumb"},"inLanguage":"fr-FR","potentialAction":[{"@type":"ReadAction","target":["https:\/\/huyl.com\/fr\/shop\/presentoir-mural-pour-lego-dc-76139-batman-1989-batmobile\/"]}]},{"@type":"ImageObject","inLanguage":"fr-FR","@id":"https:\/\/huyl.com\/fr\/shop\/presentoir-mural-pour-lego-dc-76139-batman-1989-batmobile\/#primaryimage","url":"https:\/\/huyl.com\/wp-content\/uploads\/2021\/03\/Batmobile_1.jpg","contentUrl":"https:\/\/huyl.com\/wp-content\/uploads\/2021\/03\/Batmobile_1.jpg","width":1200,"height":1425},{"@type":"BreadcrumbList","@id":"https:\/\/huyl.com\/fr\/shop\/presentoir-mural-pour-lego-dc-76139-batman-1989-batmobile\/#breadcrumb","itemListElement":[{"@type":"ListItem","position":1,"name":"Boutique","item":"https:\/\/huyl.com\/fr\/boutique\/"},{"@type":"ListItem","position":2,"name":"Pr\u00e9sentoir mural pour LEGO\u00ae DC 76139 Batman\u2122 1989 Batmobile\u2122"}]},{"@type":"WebSite","@id":"https:\/\/huyl.com\/fr\/#website","url":"https:\/\/huyl.com\/fr\/","name":"HUYL","description":"Trasforma la tua collezione di mattoncini in una galleria d&#039;arte!","publisher":{"@id":"https:\/\/huyl.com\/fr\/#organization"},"potentialAction":[{"@type":"SearchAction","target":{"@type":"EntryPoint","urlTemplate":"https:\/\/huyl.com\/fr\/?s={search_term_string}"},"query-input":{"@type":"PropertyValueSpecification","valueRequired":true,"valueName":"search_term_string"}}],"inLanguage":"fr-FR"},{"@type":"Organization","@id":"https:\/\/huyl.com\/fr\/#organization","name":"HUYL S.r.l.","url":"https:\/\/huyl.com\/fr\/","logo":{"@type":"ImageObject","inLanguage":"fr-FR","@id":"https:\/\/huyl.com\/fr\/#\/schema\/logo\/image\/","url":"https:\/\/huyl.com\/wp-content\/uploads\/2021\/10\/cropped-logo_squared.png","contentUrl":"https:\/\/huyl.com\/wp-content\/uploads\/2021\/10\/cropped-logo_squared.png","width":512,"height":512,"caption":"HUYL S.r.l."},"image":{"@id":"https:\/\/huyl.com\/fr\/#\/schema\/logo\/image\/"}}]}},"jetpack_sharing_enabled":true,"_links":{"self":[{"href":"https:\/\/huyl.com\/fr\/wp-json\/wp\/v2\/product\/13905","targetHints":{"allow":["GET"]}}],"collection":[{"href":"https:\/\/huyl.com\/fr\/wp-json\/wp\/v2\/product"}],"about":[{"href":"https:\/\/huyl.com\/fr\/wp-json\/wp\/v2\/types\/product"}],"wp:featuredmedia":[{"embeddable":true,"href":"https:\/\/huyl.com\/fr\/wp-json\/wp\/v2\/media\/13912"}],"wp:attachment":[{"href":"https:\/\/huyl.com\/fr\/wp-json\/wp\/v2\/media?parent=13905"}],"wp:term":[{"taxonomy":"product_brand","embeddable":true,"href":"https:\/\/huyl.com\/fr\/wp-json\/wp\/v2\/product_brand?post=13905"},{"taxonomy":"product_cat","embeddable":true,"href":"https:\/\/huyl.com\/fr\/wp-json\/wp\/v2\/product_cat?post=13905"},{"taxonomy":"product_tag","embeddable":true,"href":"https:\/\/huyl.com\/fr\/wp-json\/wp\/v2\/product_tag?post=13905"}],"curies":[{"name":"wp","href":"https:\/\/api.w.org\/{rel}","templated":true}]}}