{"id":17710,"date":"2026-02-05T16:39:05","date_gmt":"2026-02-05T14:39:05","guid":{"rendered":"https:\/\/huyl.com\/?post_type=product&#038;p=17710"},"modified":"2026-02-11T17:42:47","modified_gmt":"2026-02-11T15:42:47","slug":"lampe-de-bureau-et-presentoir-pour-lego-speed-champions-77243-f1-red-bull-racing-rb20-copy","status":"publish","type":"product","link":"https:\/\/huyl.com\/fr\/shop\/lampe-de-bureau-et-presentoir-pour-lego-speed-champions-77243-f1-red-bull-racing-rb20-copy\/","title":{"rendered":"Lampe de bureau et pr\u00e9sentoir pour LEGO\u00ae Speed Champions 77252 F1 APXGP &#8211; F1 The Movie"},"content":{"rendered":"<h3 class=\"p1\" style=\"text-align: left;\">Lampe de bureau et pr\u00e9sentoir pour LEGO\u00ae Speed Champions 77252 F1 APXGP<\/h3>\n<p class=\"p3\" style=\"text-align: left;\">Transformez votre LEGO\u00ae Speed Champions en une <span class=\"s1\"><b>superbe lampe de bureau<\/b> et en un<b> support moderne et \u00e9l\u00e9gant sur votre \u00e9tag\u00e8re<\/b><\/span>!<\/p>\n<p class=\"p3\" style=\"text-align: left;\">L&rsquo;\u00e9cran HUYL vous permet d&rsquo;exposer fi\u00e8rement votre chef-d&rsquo;\u0153uvre dans un design \u00e9l\u00e9gant et moderne &#8211; et de conduire vos r\u00eaves \u00e0 la vitesse d&rsquo;une voiture de F1 gr\u00e2ce aux lumi\u00e8res LED int\u00e9gr\u00e9es.<\/p>\n<p>&nbsp;<\/p>\n<h5 class=\"p4\" style=\"text-align: left;\"><b>Caract\u00e9ristiques principales :<\/b><b><\/b><\/h5>\n<p>&#x2714; <span class=\"s1\"><b>L&rsquo;affichage ultime pour les fans de F1<\/b><\/span> &#8211; votre passion pour la F1 m\u00e9rite son espace ; rapprochez-la de vous en affichant votre \u00e9quipe pr\u00e9f\u00e9r\u00e9e de Formule 1 sur ce tout nouveau cadre<\/p>\n<p class=\"p3\" style=\"text-align: left;\">&#x2714; <span class=\"s1\"><b>Transforme les ensembles LEGO\u00ae en art<\/b><\/span> &#8211; Faites passer votre F1 APXGP d&rsquo;un set \u00e0 un v\u00e9ritable chef-d&rsquo;\u0153uvre digne d&rsquo;\u00eatre expos\u00e9 ; c&rsquo;est l&rsquo;arri\u00e8re-plan parfait pour votre voiture de F1.<\/p>\n<p class=\"p3\" style=\"text-align: left;\">&#x2714; <span class=\"s1\"><b>Lampe de bureau<\/b><\/span> &#8211; Allumez les lumi\u00e8res LED et d\u00e9couvrez tous les d\u00e9tails grav\u00e9s ; id\u00e9al pour le bureau \u00e0 la maison\/au travail, la table de chevet de la chambre ou les \u00e9tag\u00e8res du salon.<\/p>\n<p class=\"p3\" style=\"text-align: left;\">&#x2714; <span class=\"s1\"><b>Esth\u00e9tique haut de gamme<\/b><\/span> &#8211; Panneau en Perspex brillant de 5 mm imprim\u00e9 au dos, grav\u00e9 au recto pour mettre en valeur la puissance et la vitesse d&rsquo;une F1.<\/p>\n<p class=\"p3\" style=\"text-align: left;\">&#x2714; <span class=\"s1\"><b>Le cadeau id\u00e9al<\/b><\/span> &#8211; Que ce soit pour un enfant ou un adulte, ce pr\u00e9sentoir est le cadeau id\u00e9al pour tout fan de F1 ; choisissez le support seul, ou incluez l&rsquo;ensemble LEGO pour une exp\u00e9rience tout-en-un.<\/p>\n<p class=\"p3\" style=\"text-align: left;\">Montrez votre collection LEGO\u00ae avec style, car vos constructions m\u00e9ritent d&rsquo;\u00eatre admir\u00e9es comme des \u0153uvres d&rsquo;art !<\/p>\n<p>&nbsp;<\/p>\n<p class=\"p3\" style=\"text-align: left;\"><i>(chargeur USB non inclus<\/i>)<\/p>\n","protected":false},"excerpt":{"rendered":"<p>Pr\u00e9sentoir pour le jour, lampe douce pour la nuit. Illuminez votre chambre \u00e0 l&rsquo;effigie de votre \u00e9quipe de F1 pr\u00e9f\u00e9r\u00e9e.<\/p>\n","protected":false},"featured_media":17774,"template":"","meta":{"inline_featured_image":false},"product_brand":[309],"product_cat":[322],"product_tag":[331],"class_list":{"0":"post-17710","1":"product","2":"type-product","3":"status-publish","4":"has-post-thumbnail","6":"product_brand-huyl","7":"product_cat-champions-de-vitesse-lego","8":"product_tag-f1-fr","9":"product_shipping_class-f1-speed-champions","11":"first","12":"instock","13":"taxable","14":"shipping-taxable","15":"purchasable","16":"product-type-variable","17":"has-default-attributes","18":"layout-style-6","19":"col-md-4 col-sm-4 col-xs-6","20":"col-lg-3","21":"product-has-gallery","22":"product-style-slider"},"yoast_head":"<!-- This site is optimized with the Yoast SEO plugin v27.2 - https:\/\/yoast.com\/product\/yoast-seo-wordpress\/ -->\n<title>HUYL - Lampe de bureau &amp; Pr\u00e9sentoir pour LEGO\u00ae 77252 F1 APXGP<\/title>\n<meta name=\"description\" content=\"Affichez votre passion pour la F1, pr\u00e9sentez vos champions de vitesse APXGP F1 avec style dans votre salon, sur votre bureau ou sur la table de nuit de votre chambre.\" \/>\n<meta name=\"robots\" content=\"index, follow, max-snippet:-1, max-image-preview:large, max-video-preview:-1\" \/>\n<link rel=\"canonical\" href=\"https:\/\/huyl.com\/fr\/shop\/lampe-de-bureau-et-presentoir-pour-lego-speed-champions-77243-f1-red-bull-racing-rb20-copy\/\" \/>\n<meta property=\"og:locale\" content=\"fr_FR\" \/>\n<meta property=\"og:type\" content=\"article\" \/>\n<meta property=\"og:title\" content=\"HUYL - Lampe de bureau &amp; Pr\u00e9sentoir pour LEGO\u00ae 77252 F1 APXGP\" \/>\n<meta property=\"og:description\" content=\"Affichez votre passion pour la F1, pr\u00e9sentez vos champions de vitesse APXGP F1 avec style dans votre salon, sur votre bureau ou sur la table de nuit de votre chambre.\" \/>\n<meta property=\"og:url\" content=\"https:\/\/huyl.com\/fr\/shop\/lampe-de-bureau-et-presentoir-pour-lego-speed-champions-77243-f1-red-bull-racing-rb20-copy\/\" \/>\n<meta property=\"og:site_name\" content=\"HUYL\" \/>\n<meta property=\"article:modified_time\" content=\"2026-02-11T15:42:47+00:00\" \/>\n<meta property=\"og:image\" content=\"https:\/\/huyl.com\/wp-content\/uploads\/2026\/02\/F1_lamp_APXGP_01.jpg\" \/>\n\t<meta property=\"og:image:width\" content=\"1200\" \/>\n\t<meta property=\"og:image:height\" content=\"1428\" \/>\n\t<meta property=\"og:image:type\" content=\"image\/jpeg\" \/>\n<meta name=\"twitter:card\" content=\"summary_large_image\" \/>\n<script type=\"application\/ld+json\" class=\"yoast-schema-graph\">{\"@context\":\"https:\/\/schema.org\",\"@graph\":[{\"@type\":\"WebPage\",\"@id\":\"https:\/\/huyl.com\/fr\/shop\/lampe-de-bureau-et-presentoir-pour-lego-speed-champions-77243-f1-red-bull-racing-rb20-copy\/\",\"url\":\"https:\/\/huyl.com\/fr\/shop\/lampe-de-bureau-et-presentoir-pour-lego-speed-champions-77243-f1-red-bull-racing-rb20-copy\/\",\"name\":\"HUYL - Lampe de bureau & Pr\u00e9sentoir pour LEGO\u00ae 77252 F1 APXGP\",\"isPartOf\":{\"@id\":\"https:\/\/huyl.com\/fr\/#website\"},\"primaryImageOfPage\":{\"@id\":\"https:\/\/huyl.com\/fr\/shop\/lampe-de-bureau-et-presentoir-pour-lego-speed-champions-77243-f1-red-bull-racing-rb20-copy\/#primaryimage\"},\"image\":{\"@id\":\"https:\/\/huyl.com\/fr\/shop\/lampe-de-bureau-et-presentoir-pour-lego-speed-champions-77243-f1-red-bull-racing-rb20-copy\/#primaryimage\"},\"thumbnailUrl\":\"https:\/\/huyl.com\/wp-content\/uploads\/2026\/02\/F1_lamp_APXGP_01.jpg\",\"datePublished\":\"2026-02-05T14:39:05+00:00\",\"dateModified\":\"2026-02-11T15:42:47+00:00\",\"description\":\"Affichez votre passion pour la F1, pr\u00e9sentez vos champions de vitesse APXGP F1 avec style dans votre salon, sur votre bureau ou sur la table de nuit de votre chambre.\",\"breadcrumb\":{\"@id\":\"https:\/\/huyl.com\/fr\/shop\/lampe-de-bureau-et-presentoir-pour-lego-speed-champions-77243-f1-red-bull-racing-rb20-copy\/#breadcrumb\"},\"inLanguage\":\"fr-FR\",\"potentialAction\":[{\"@type\":\"ReadAction\",\"target\":[\"https:\/\/huyl.com\/fr\/shop\/lampe-de-bureau-et-presentoir-pour-lego-speed-champions-77243-f1-red-bull-racing-rb20-copy\/\"]}]},{\"@type\":\"ImageObject\",\"inLanguage\":\"fr-FR\",\"@id\":\"https:\/\/huyl.com\/fr\/shop\/lampe-de-bureau-et-presentoir-pour-lego-speed-champions-77243-f1-red-bull-racing-rb20-copy\/#primaryimage\",\"url\":\"https:\/\/huyl.com\/wp-content\/uploads\/2026\/02\/F1_lamp_APXGP_01.jpg\",\"contentUrl\":\"https:\/\/huyl.com\/wp-content\/uploads\/2026\/02\/F1_lamp_APXGP_01.jpg\",\"width\":1200,\"height\":1428},{\"@type\":\"BreadcrumbList\",\"@id\":\"https:\/\/huyl.com\/fr\/shop\/lampe-de-bureau-et-presentoir-pour-lego-speed-champions-77243-f1-red-bull-racing-rb20-copy\/#breadcrumb\",\"itemListElement\":[{\"@type\":\"ListItem\",\"position\":1,\"name\":\"Boutique\",\"item\":\"https:\/\/huyl.com\/fr\/boutique\/\"},{\"@type\":\"ListItem\",\"position\":2,\"name\":\"Lampe de bureau et pr\u00e9sentoir pour LEGO\u00ae Speed Champions 77252 F1 APXGP &#8211; F1 The Movie\"}]},{\"@type\":\"WebSite\",\"@id\":\"https:\/\/huyl.com\/fr\/#website\",\"url\":\"https:\/\/huyl.com\/fr\/\",\"name\":\"HUYL\",\"description\":\"Trasforma la tua collezione di mattoncini in una galleria d&#039;arte!\",\"publisher\":{\"@id\":\"https:\/\/huyl.com\/fr\/#organization\"},\"potentialAction\":[{\"@type\":\"SearchAction\",\"target\":{\"@type\":\"EntryPoint\",\"urlTemplate\":\"https:\/\/huyl.com\/fr\/?s={search_term_string}\"},\"query-input\":{\"@type\":\"PropertyValueSpecification\",\"valueRequired\":true,\"valueName\":\"search_term_string\"}}],\"inLanguage\":\"fr-FR\"},{\"@type\":\"Organization\",\"@id\":\"https:\/\/huyl.com\/fr\/#organization\",\"name\":\"HUYL S.r.l.\",\"url\":\"https:\/\/huyl.com\/fr\/\",\"logo\":{\"@type\":\"ImageObject\",\"inLanguage\":\"fr-FR\",\"@id\":\"https:\/\/huyl.com\/fr\/#\/schema\/logo\/image\/\",\"url\":\"https:\/\/huyl.com\/wp-content\/uploads\/2021\/10\/cropped-logo_squared.png\",\"contentUrl\":\"https:\/\/huyl.com\/wp-content\/uploads\/2021\/10\/cropped-logo_squared.png\",\"width\":512,\"height\":512,\"caption\":\"HUYL S.r.l.\"},\"image\":{\"@id\":\"https:\/\/huyl.com\/fr\/#\/schema\/logo\/image\/\"}}]}<\/script>\n<!-- \/ Yoast SEO plugin. -->","yoast_head_json":{"title":"HUYL - Lampe de bureau & Pr\u00e9sentoir pour LEGO\u00ae 77252 F1 APXGP","description":"Affichez votre passion pour la F1, pr\u00e9sentez vos champions de vitesse APXGP F1 avec style dans votre salon, sur votre bureau ou sur la table de nuit de votre chambre.","robots":{"index":"index","follow":"follow","max-snippet":"max-snippet:-1","max-image-preview":"max-image-preview:large","max-video-preview":"max-video-preview:-1"},"canonical":"https:\/\/huyl.com\/fr\/shop\/lampe-de-bureau-et-presentoir-pour-lego-speed-champions-77243-f1-red-bull-racing-rb20-copy\/","og_locale":"fr_FR","og_type":"article","og_title":"HUYL - Lampe de bureau & Pr\u00e9sentoir pour LEGO\u00ae 77252 F1 APXGP","og_description":"Affichez votre passion pour la F1, pr\u00e9sentez vos champions de vitesse APXGP F1 avec style dans votre salon, sur votre bureau ou sur la table de nuit de votre chambre.","og_url":"https:\/\/huyl.com\/fr\/shop\/lampe-de-bureau-et-presentoir-pour-lego-speed-champions-77243-f1-red-bull-racing-rb20-copy\/","og_site_name":"HUYL","article_modified_time":"2026-02-11T15:42:47+00:00","og_image":[{"width":1200,"height":1428,"url":"https:\/\/huyl.com\/wp-content\/uploads\/2026\/02\/F1_lamp_APXGP_01.jpg","type":"image\/jpeg"}],"twitter_card":"summary_large_image","schema":{"@context":"https:\/\/schema.org","@graph":[{"@type":"WebPage","@id":"https:\/\/huyl.com\/fr\/shop\/lampe-de-bureau-et-presentoir-pour-lego-speed-champions-77243-f1-red-bull-racing-rb20-copy\/","url":"https:\/\/huyl.com\/fr\/shop\/lampe-de-bureau-et-presentoir-pour-lego-speed-champions-77243-f1-red-bull-racing-rb20-copy\/","name":"HUYL - Lampe de bureau & Pr\u00e9sentoir pour LEGO\u00ae 77252 F1 APXGP","isPartOf":{"@id":"https:\/\/huyl.com\/fr\/#website"},"primaryImageOfPage":{"@id":"https:\/\/huyl.com\/fr\/shop\/lampe-de-bureau-et-presentoir-pour-lego-speed-champions-77243-f1-red-bull-racing-rb20-copy\/#primaryimage"},"image":{"@id":"https:\/\/huyl.com\/fr\/shop\/lampe-de-bureau-et-presentoir-pour-lego-speed-champions-77243-f1-red-bull-racing-rb20-copy\/#primaryimage"},"thumbnailUrl":"https:\/\/huyl.com\/wp-content\/uploads\/2026\/02\/F1_lamp_APXGP_01.jpg","datePublished":"2026-02-05T14:39:05+00:00","dateModified":"2026-02-11T15:42:47+00:00","description":"Affichez votre passion pour la F1, pr\u00e9sentez vos champions de vitesse APXGP F1 avec style dans votre salon, sur votre bureau ou sur la table de nuit de votre chambre.","breadcrumb":{"@id":"https:\/\/huyl.com\/fr\/shop\/lampe-de-bureau-et-presentoir-pour-lego-speed-champions-77243-f1-red-bull-racing-rb20-copy\/#breadcrumb"},"inLanguage":"fr-FR","potentialAction":[{"@type":"ReadAction","target":["https:\/\/huyl.com\/fr\/shop\/lampe-de-bureau-et-presentoir-pour-lego-speed-champions-77243-f1-red-bull-racing-rb20-copy\/"]}]},{"@type":"ImageObject","inLanguage":"fr-FR","@id":"https:\/\/huyl.com\/fr\/shop\/lampe-de-bureau-et-presentoir-pour-lego-speed-champions-77243-f1-red-bull-racing-rb20-copy\/#primaryimage","url":"https:\/\/huyl.com\/wp-content\/uploads\/2026\/02\/F1_lamp_APXGP_01.jpg","contentUrl":"https:\/\/huyl.com\/wp-content\/uploads\/2026\/02\/F1_lamp_APXGP_01.jpg","width":1200,"height":1428},{"@type":"BreadcrumbList","@id":"https:\/\/huyl.com\/fr\/shop\/lampe-de-bureau-et-presentoir-pour-lego-speed-champions-77243-f1-red-bull-racing-rb20-copy\/#breadcrumb","itemListElement":[{"@type":"ListItem","position":1,"name":"Boutique","item":"https:\/\/huyl.com\/fr\/boutique\/"},{"@type":"ListItem","position":2,"name":"Lampe de bureau et pr\u00e9sentoir pour LEGO\u00ae Speed Champions 77252 F1 APXGP &#8211; F1 The Movie"}]},{"@type":"WebSite","@id":"https:\/\/huyl.com\/fr\/#website","url":"https:\/\/huyl.com\/fr\/","name":"HUYL","description":"Trasforma la tua collezione di mattoncini in una galleria d&#039;arte!","publisher":{"@id":"https:\/\/huyl.com\/fr\/#organization"},"potentialAction":[{"@type":"SearchAction","target":{"@type":"EntryPoint","urlTemplate":"https:\/\/huyl.com\/fr\/?s={search_term_string}"},"query-input":{"@type":"PropertyValueSpecification","valueRequired":true,"valueName":"search_term_string"}}],"inLanguage":"fr-FR"},{"@type":"Organization","@id":"https:\/\/huyl.com\/fr\/#organization","name":"HUYL S.r.l.","url":"https:\/\/huyl.com\/fr\/","logo":{"@type":"ImageObject","inLanguage":"fr-FR","@id":"https:\/\/huyl.com\/fr\/#\/schema\/logo\/image\/","url":"https:\/\/huyl.com\/wp-content\/uploads\/2021\/10\/cropped-logo_squared.png","contentUrl":"https:\/\/huyl.com\/wp-content\/uploads\/2021\/10\/cropped-logo_squared.png","width":512,"height":512,"caption":"HUYL S.r.l."},"image":{"@id":"https:\/\/huyl.com\/fr\/#\/schema\/logo\/image\/"}}]}},"jetpack_sharing_enabled":true,"_links":{"self":[{"href":"https:\/\/huyl.com\/fr\/wp-json\/wp\/v2\/product\/17710","targetHints":{"allow":["GET"]}}],"collection":[{"href":"https:\/\/huyl.com\/fr\/wp-json\/wp\/v2\/product"}],"about":[{"href":"https:\/\/huyl.com\/fr\/wp-json\/wp\/v2\/types\/product"}],"wp:featuredmedia":[{"embeddable":true,"href":"https:\/\/huyl.com\/fr\/wp-json\/wp\/v2\/media\/17774"}],"wp:attachment":[{"href":"https:\/\/huyl.com\/fr\/wp-json\/wp\/v2\/media?parent=17710"}],"wp:term":[{"taxonomy":"product_brand","embeddable":true,"href":"https:\/\/huyl.com\/fr\/wp-json\/wp\/v2\/product_brand?post=17710"},{"taxonomy":"product_cat","embeddable":true,"href":"https:\/\/huyl.com\/fr\/wp-json\/wp\/v2\/product_cat?post=17710"},{"taxonomy":"product_tag","embeddable":true,"href":"https:\/\/huyl.com\/fr\/wp-json\/wp\/v2\/product_tag?post=17710"}],"curies":[{"name":"wp","href":"https:\/\/api.w.org\/{rel}","templated":true}]}}