{"id":1014,"date":"2021-03-23T18:02:13","date_gmt":"2021-03-23T17:02:13","guid":{"rendered":"https:\/\/huyl.it\/?page_id=1014"},"modified":"2025-05-09T10:37:02","modified_gmt":"2025-05-09T08:37:02","slug":"termini-e-condizioni","status":"publish","type":"page","link":"https:\/\/huyl.com\/it\/termini-e-condizioni\/","title":{"rendered":"Termini e condizioni"},"content":{"rendered":"\n<p>Le presenti condizioni generali hanno per oggetto l&#8217;acquisto di prodotti, effettuato a distanza per mezzo di rete telematica tramite il sito huyl.com di propriet\u00e0 di HUYL S.r.l. con sede legale in Piazza della Serenissima 60, 31033 Castelfranco Veneto, Italia.<br>Le operazioni di acquisto saranno regolate dal codice del consumo Dlgs n.206\/2005, mentre la tutela della riservatezza sar\u00e0 sottoposta alla disciplina del Dlgs 196\/03.<\/p>\n\n\n\n<p>Le modalit\u00e0 di vendita previste attualmente per gli acquisti dei prodotti presenti nel catalogo huyl.com sono le seguenti:<\/p>\n\n\n\n<p>Spedizioni in: Italia, Austria, Belgio, Germania, Francia, Lussemburgo, Monaco, Paesi Bassi, Spagna, Regno Unito, Portogallo, Svezia, Danimarca, Finland, Croatia, Ireland, Greece, Hungary, Malta, Slovakia, Slovenia, Lithuania, Lettonia, Cyprus, Czech Republic, Estonia, Bulgaria, Romania, Poland, Switzerland, Norway, Iceland, Moldova, Canada e Stati Uniti D&#8217;America, Bahrain, Kuwait, Qatar, Saudi Arabia, Emirati Arabi, Israele, Giappone, Sudafrica.<\/p>\n\n\n\n<p>Condizioni per la fatturazione:<br>Per le Aziende che necessitano di fattura \u00e8 necessario essere in possesso di P.IVA e compilare tutti i campi richiesti.<\/p>\n\n\n\n<h3 class=\"wp-block-heading\" id=\"accettazione-delle-condizioni-di-vendita\">ACCETTAZIONE DELLE CONDIZIONI DI VENDITA<\/h3>\n\n\n\n<p>Le condizioni previste nella premessa sono parte integrante ed essenziale del presente contratto.<br>Tutti i contratti saranno conclusi direttamente mediante l&#8217;accesso da parte del consumatore cliente al sito Internet corrispondente all&#8217;indirizzo huyl.com, ove, il cliente potr\u00e0, infatti, concludere il contratto per l&#8217;acquisto del prodotto desiderato seguendo attentamente le indicazioni e le procedure previste.<br>Le presenti condizioni generali di vendita devono essere esaminate &#8220;on line&#8221; dal cliente, prima del completamento della procedura di acquisto. L&#8217;inoltro della conferma d&#8217;ordine pertanto implica totale conoscenza delle stesse e loro integrale accettazione.<\/p>\n\n\n\n<p>A norma dall\u2019art 66 bis D.Lgs 206\/2005 il foro di competenza sar\u00e0 quello di residenza o domicilio del consumatore se ubicato in territorio italiano.<\/p>\n\n\n\n<h3 class=\"wp-block-heading\" id=\"prezzi-di-vendita-e-modalita-d-acquisto\">PREZZI DI VENDITA E MODALIT\u00c0 D&#8217;ACQUISTO<\/h3>\n\n\n\n<p>I prezzi di vendita indicati all&#8217;interno del sito huyl.com sono sempre espressi in \u20ac(euro) e comprensivi di tasse.<br>Tutti i prezzi non comprendono n\u00e8 spese di spedizione n\u00e8 eventuali costi aggiuntivi.<br>Il costo totale della spedizione sar\u00e0 reso noto al cliente prima della conferma dell&#8217;acquisto.<br>Il contratto di acquisto si perfeziona mediante l&#8217;esatta compilazione e il consenso all&#8217;acquisto manifestato tramite l&#8217;adesione data &#8220;on line&#8221;. Il cliente pu\u00f2 pagare la merce ordinata utilizzando le modalit\u00e0 di pagamento indicate &#8220;on line&#8221; all&#8217;atto dell&#8217;acquisto.<\/p>\n\n\n\n<h3 class=\"wp-block-heading\" id=\"consegna\">CONSEGNA<\/h3>\n\n\n\n<p>HUYL S.r.l. proprietaria del sito huyl.com provveder\u00e0 a recapitare ai clienti, presso l&#8217;indirizzo indicato dal cliente, i prodotti selezionati ed ordinati, con le modalit\u00e0 previste dal precedente articolo, mediante corrieri.<\/p>\n\n\n\n<p>Il rischio di danneggiamento e perimento dei beni \u00e8 sempre a carico di HUYL S.r.l. durante la spedizione e il trasporto, e si trasferisce al consumatore solo nel momento in cui quest\u2019ultimo \u2013 o un terzo da lui designato e diverso dal vettore \u2013 entra materialmente in possesso dei beni. L\u2019unica eccezione, stabilita dall\u2019art. 63 D.Lgs. 206\/2005, \u00e8 il caso in cui il vettore sia stato scelto dal consumatore al di fuori di quelli proposti da HUYL S.r.l.: in questa ipotesi, il rischio si trasferisce al consumatore gi\u00e0 nel momento della consegna del bene al vettore.<\/p>\n\n\n\n<h3 class=\"wp-block-heading\" id=\"responsabilita\">RESPONSABILIT\u00c0<\/h3>\n\n\n\n<p>HUYL S.r.l. non assume responsabilit\u00e0 per i disservizi imputabili a causa di forza maggiore quali incidenti, esplosioni, incendi, scioperi e\/o serrate, terremoti, alluvioni ed altri similari eventi che impedissero, in tutto o in parte, di dare esecuzione nei tempi concordati al contratto.<\/p>\n\n\n\n<p>HUYL S.r.l. non \u00e8 responsabile dell&#8217;eventuale uso fraudolento ed illecito che possa essere fatto da parte di terzi, di carte di credito, assegni ed altri mezzi di pagamento, all&#8217;atto del pagamento dei prodotti acquistati. HUYL S.r.l., infatti, in nessun momento della procedura d&#8217;acquisto \u00e8 in grado di conoscere il numero di carta di credito dell&#8217;acquirente che, tramite una connessione protetta, viene trasmesso direttamente al gestore del servizio bancario.<\/p>\n\n\n\n<h3 class=\"wp-block-heading\" id=\"obblighi-dell-acquirente\">OBBLIGHI DELL&#8217;ACQUIRENTE<\/h3>\n\n\n\n<p>E&#8217; fatto severo divieto all&#8217;acquirente di inserire dati falsi, e\/o inventati, e\/o di fantasia, nella procedura di registrazione necessaria ad attivare l&#8217;iter per l&#8217;esecuzione del presente contratto e le relative ulteriori comunicazioni.<br>Il Cliente manleva HUYL S.r.l. da ogni responsabilit\u00e0 derivante dall&#8217;emissione di documenti fiscali errati a causa di errori relativi ai dati forniti dal Cliente, essendone il Cliente stesso unico responsabile del corretto inserimento.<\/p>\n\n\n\n<h3 class=\"wp-block-heading\" id=\"diritto-di-recesso\">DIRITTO DI RECESSO<\/h3>\n\n\n\n<p>Il cliente pu\u00f2 esercitare il diritto di recesso, restituendo il bene ricevuto e ottenendo il rimborso del prezzo pagato. Verificare le condizioni per il diritto di recesso<\/p>\n\n\n\n<h3 class=\"wp-block-heading\" id=\"risoluzione-delle-controversie\">RISOLUZIONE DELLE CONTROVERSIE<\/h3>\n\n\n\n<p>Si informa il Consumatore residente in Europa che la Commissione Europea ha istituito una piattaforma online che fornisce uno strumento di risoluzione alternativa delle controversie.<br>Tale strumento pu\u00f2 essere utilizzato dal Consumatore europeo per risolvere in via non giudiziale ogni controversia relativa a contratti di vendita di beni e servizi stipulati in rete e\/o derivante dagli stessi.<br>Di conseguenza, se Lei \u00e8 un Consumatore stabilito in Europa, pu\u00f2 usare tale piattaforma per la risoluzione di ogni disputa nascente dal contratto online stipulato su questo sito.<br>La piattaforma Europea ODR \u00e8 disponibile al seguente link: <a href=\"https:\/\/webgate.ec.europa.eu\/odr\">https:\/\/webgate.ec.europa.eu\/odr<\/a><\/p>\n","protected":false},"excerpt":{"rendered":"<p>Le presenti condizioni generali hanno per oggetto l&#8217;acquisto di prodotti, effettuato a distanza per mezzo di rete telematica tramite il sito huyl.com di propriet\u00e0 di HUYL S.r.l. con sede legale&hellip;<\/p>\n","protected":false},"author":1,"featured_media":0,"parent":0,"menu_order":0,"comment_status":"closed","ping_status":"open","template":"","meta":{"inline_featured_image":false,"footnotes":""},"class_list":["post-1014","page","type-page","status-publish","hentry"],"yoast_head":"<!-- This site is optimized with the Yoast SEO plugin v27.5 - https:\/\/yoast.com\/product\/yoast-seo-wordpress\/ -->\n<title>Termini e condizioni - HUYL<\/title>\n<meta name=\"description\" content=\"Condizioni general per l&#039;acquisto di prodotti, effettuato a distanza per mezzo di rete telematica tramite il sito huyl.com.\" \/>\n<meta name=\"robots\" content=\"index, follow, max-snippet:-1, max-image-preview:large, max-video-preview:-1\" \/>\n<link rel=\"canonical\" href=\"https:\/\/huyl.com\/it\/termini-e-condizioni\/\" \/>\n<meta property=\"og:locale\" content=\"it_IT\" \/>\n<meta property=\"og:type\" content=\"article\" \/>\n<meta property=\"og:title\" content=\"Termini e condizioni - HUYL\" \/>\n<meta property=\"og:description\" content=\"Condizioni general per l&#039;acquisto di prodotti, effettuato a distanza per mezzo di rete telematica tramite il sito huyl.com.\" \/>\n<meta property=\"og:url\" content=\"https:\/\/huyl.com\/it\/termini-e-condizioni\/\" \/>\n<meta property=\"og:site_name\" content=\"HUYL\" \/>\n<meta property=\"article:modified_time\" content=\"2025-05-09T08:37:02+00:00\" \/>\n<meta name=\"twitter:card\" content=\"summary_large_image\" \/>\n<script type=\"application\/ld+json\" class=\"yoast-schema-graph\">{\"@context\":\"https:\\\/\\\/schema.org\",\"@graph\":[{\"@type\":\"WebPage\",\"@id\":\"https:\\\/\\\/huyl.com\\\/it\\\/termini-e-condizioni\\\/\",\"url\":\"https:\\\/\\\/huyl.com\\\/it\\\/termini-e-condizioni\\\/\",\"name\":\"Termini e condizioni - HUYL\",\"isPartOf\":{\"@id\":\"https:\\\/\\\/huyl.com\\\/it\\\/#website\"},\"datePublished\":\"2021-03-23T17:02:13+00:00\",\"dateModified\":\"2025-05-09T08:37:02+00:00\",\"description\":\"Condizioni general per l'acquisto di prodotti, effettuato a distanza per mezzo di rete telematica tramite il sito huyl.com.\",\"inLanguage\":\"it-IT\",\"potentialAction\":[{\"@type\":\"ReadAction\",\"target\":[\"https:\\\/\\\/huyl.com\\\/it\\\/termini-e-condizioni\\\/\"]}]},{\"@type\":\"WebSite\",\"@id\":\"https:\\\/\\\/huyl.com\\\/it\\\/#website\",\"url\":\"https:\\\/\\\/huyl.com\\\/it\\\/\",\"name\":\"HUYL\",\"description\":\"Trasforma la tua collezione di mattoncini in una galleria d&#039;arte!\",\"publisher\":{\"@id\":\"https:\\\/\\\/huyl.com\\\/it\\\/#organization\"},\"potentialAction\":[{\"@type\":\"SearchAction\",\"target\":{\"@type\":\"EntryPoint\",\"urlTemplate\":\"https:\\\/\\\/huyl.com\\\/it\\\/?s={search_term_string}\"},\"query-input\":{\"@type\":\"PropertyValueSpecification\",\"valueRequired\":true,\"valueName\":\"search_term_string\"}}],\"inLanguage\":\"it-IT\"},{\"@type\":\"Organization\",\"@id\":\"https:\\\/\\\/huyl.com\\\/it\\\/#organization\",\"name\":\"HUYL S.r.l.\",\"url\":\"https:\\\/\\\/huyl.com\\\/it\\\/\",\"logo\":{\"@type\":\"ImageObject\",\"inLanguage\":\"it-IT\",\"@id\":\"https:\\\/\\\/huyl.com\\\/it\\\/#\\\/schema\\\/logo\\\/image\\\/\",\"url\":\"https:\\\/\\\/huyl.com\\\/wp-content\\\/uploads\\\/2021\\\/10\\\/cropped-logo_squared.png\",\"contentUrl\":\"https:\\\/\\\/huyl.com\\\/wp-content\\\/uploads\\\/2021\\\/10\\\/cropped-logo_squared.png\",\"width\":512,\"height\":512,\"caption\":\"HUYL S.r.l.\"},\"image\":{\"@id\":\"https:\\\/\\\/huyl.com\\\/it\\\/#\\\/schema\\\/logo\\\/image\\\/\"}}]}<\/script>\n<!-- \/ Yoast SEO plugin. -->","yoast_head_json":{"title":"Termini e condizioni - HUYL","description":"Condizioni general per l'acquisto di prodotti, effettuato a distanza per mezzo di rete telematica tramite il sito huyl.com.","robots":{"index":"index","follow":"follow","max-snippet":"max-snippet:-1","max-image-preview":"max-image-preview:large","max-video-preview":"max-video-preview:-1"},"canonical":"https:\/\/huyl.com\/it\/termini-e-condizioni\/","og_locale":"it_IT","og_type":"article","og_title":"Termini e condizioni - HUYL","og_description":"Condizioni general per l'acquisto di prodotti, effettuato a distanza per mezzo di rete telematica tramite il sito huyl.com.","og_url":"https:\/\/huyl.com\/it\/termini-e-condizioni\/","og_site_name":"HUYL","article_modified_time":"2025-05-09T08:37:02+00:00","twitter_card":"summary_large_image","schema":{"@context":"https:\/\/schema.org","@graph":[{"@type":"WebPage","@id":"https:\/\/huyl.com\/it\/termini-e-condizioni\/","url":"https:\/\/huyl.com\/it\/termini-e-condizioni\/","name":"Termini e condizioni - HUYL","isPartOf":{"@id":"https:\/\/huyl.com\/it\/#website"},"datePublished":"2021-03-23T17:02:13+00:00","dateModified":"2025-05-09T08:37:02+00:00","description":"Condizioni general per l'acquisto di prodotti, effettuato a distanza per mezzo di rete telematica tramite il sito huyl.com.","inLanguage":"it-IT","potentialAction":[{"@type":"ReadAction","target":["https:\/\/huyl.com\/it\/termini-e-condizioni\/"]}]},{"@type":"WebSite","@id":"https:\/\/huyl.com\/it\/#website","url":"https:\/\/huyl.com\/it\/","name":"HUYL","description":"Trasforma la tua collezione di mattoncini in una galleria d&#039;arte!","publisher":{"@id":"https:\/\/huyl.com\/it\/#organization"},"potentialAction":[{"@type":"SearchAction","target":{"@type":"EntryPoint","urlTemplate":"https:\/\/huyl.com\/it\/?s={search_term_string}"},"query-input":{"@type":"PropertyValueSpecification","valueRequired":true,"valueName":"search_term_string"}}],"inLanguage":"it-IT"},{"@type":"Organization","@id":"https:\/\/huyl.com\/it\/#organization","name":"HUYL S.r.l.","url":"https:\/\/huyl.com\/it\/","logo":{"@type":"ImageObject","inLanguage":"it-IT","@id":"https:\/\/huyl.com\/it\/#\/schema\/logo\/image\/","url":"https:\/\/huyl.com\/wp-content\/uploads\/2021\/10\/cropped-logo_squared.png","contentUrl":"https:\/\/huyl.com\/wp-content\/uploads\/2021\/10\/cropped-logo_squared.png","width":512,"height":512,"caption":"HUYL S.r.l."},"image":{"@id":"https:\/\/huyl.com\/it\/#\/schema\/logo\/image\/"}}]}},"jetpack_sharing_enabled":true,"_links":{"self":[{"href":"https:\/\/huyl.com\/it\/wp-json\/wp\/v2\/pages\/1014","targetHints":{"allow":["GET"]}}],"collection":[{"href":"https:\/\/huyl.com\/it\/wp-json\/wp\/v2\/pages"}],"about":[{"href":"https:\/\/huyl.com\/it\/wp-json\/wp\/v2\/types\/page"}],"author":[{"embeddable":true,"href":"https:\/\/huyl.com\/it\/wp-json\/wp\/v2\/users\/1"}],"replies":[{"embeddable":true,"href":"https:\/\/huyl.com\/it\/wp-json\/wp\/v2\/comments?post=1014"}],"version-history":[{"count":0,"href":"https:\/\/huyl.com\/it\/wp-json\/wp\/v2\/pages\/1014\/revisions"}],"wp:attachment":[{"href":"https:\/\/huyl.com\/it\/wp-json\/wp\/v2\/media?parent=1014"}],"curies":[{"name":"wp","href":"https:\/\/api.w.org\/{rel}","templated":true}]}}