{"id":11909,"date":"2025-08-05T16:35:37","date_gmt":"2025-08-05T14:35:37","guid":{"rendered":"https:\/\/huyl.com\/chi-siamo\/"},"modified":"2025-08-05T16:44:22","modified_gmt":"2025-08-05T14:44:22","slug":"chi-siamo","status":"publish","type":"page","link":"https:\/\/huyl.com\/it\/chi-siamo\/","title":{"rendered":"Chi siamo"},"content":{"rendered":"<div class=\"wpb-content-wrapper\"><p>[vc_row full_width=&#8221;stretch_row&#8221; content_placement=&#8221;middle&#8221;][vc_column width=&#8221;1\/2&#8243;][vc_column_text css=&#8221;&#8221;]<\/p>\n<blockquote>\n<h2 class=\"p1\"><b>I mattoncini LEGO\u00ae <\/b><b>possono essere considerati arte?<\/b><\/h2>\n<\/blockquote>\n<p class=\"p1\">Noi di <span class=\"s1\">HUYL, conosciuti anche come Hang Up Your Lego<\/span>, crediamo che ogni capolavoro LEGO\u00ae meriti di essere pi\u00f9 che conservato: merita di essere <strong>esposto<\/strong>.<\/p>\n<p>[\/vc_column_text][\/vc_column][vc_column width=&#8221;1\/2&#8243;][vc_single_image image=&#8221;388&#8243; img_size=&#8221;full&#8221; css=&#8221;&#8221;][\/vc_column][vc_column][vc_custom_heading text=&#8221;Dove tutto \u00e8 iniziato&#8221; font_container=&#8221;tag:h2|font_size:40px|text_align:left&#8221; use_theme_fonts=&#8221;yes&#8221; css=&#8221;.vc_custom_1754387609717{margin-top: 80px !important;margin-bottom: 40px !important;}&#8221;][\/vc_column][\/vc_row][vc_row full_width=&#8221;stretch_row&#8221; content_placement=&#8221;middle&#8221;][vc_column width=&#8221;1\/2&#8243;][vc_single_image image=&#8221;11867&#8243; img_size=&#8221;full&#8221; alignment=&#8221;right&#8221; css=&#8221;&#8221;][\/vc_column][vc_column width=&#8221;1\/2&#8243;][vc_column_text css=&#8221;&#8221;]<\/p>\n<p class=\"p1\">Tutto \u00e8 iniziato a casa nostra, con l&#8217;esigenza di spazio e il desiderio di apprezzare quotidianamente i nostri set preferiti, non nascosti su scaffali, ma esposti con orgoglio come vere e proprie opere d&#8217;arte.<\/p>\n<p class=\"p1\">\u00c8 cos\u00ec che \u00e8 nato il primo display HUYL: per necessit\u00e0, curiosit\u00e0 e amore per il design.<\/p>\n<p>[\/vc_column_text][\/vc_column][\/vc_row][vc_row full_width=&#8221;stretch_row&#8221; content_placement=&#8221;middle&#8221;][vc_column width=&#8221;1\/2&#8243;][vc_column_text css=&#8221;&#8221;]<\/p>\n<p class=\"p1\">Il risultato \u00e8 stato cos\u00ec sorprendente che crediamo davvero che possa ispirare altri che, come noi, sono guidati dalla passione per il design, la funzionalit\u00e0 e l&#8217;arte dei mattoncini.<\/p>\n<p class=\"p1\">Nel corso del tempo, abbiamo progettato ogni cornice in modo che si adattasse perfettamente al suo set specifico, abbiamo selezionato i migliori fornitori di acrilico e abbiamo esplorato ogni tecnica disponibile per migliorare il colore e la brillantezza, il tutto per ottenere un risultato che non ha eguali.<\/p>\n<p>[\/vc_column_text][\/vc_column][vc_column width=&#8221;1\/2&#8243;][vc_single_image image=&#8221;11846&#8243; img_size=&#8221;full&#8221; css=&#8221;&#8221;][\/vc_column][\/vc_row][vc_row][vc_column][vc_custom_heading text=&#8221;Attenti alla qualit\u00e0&#8230;&#8221; font_container=&#8221;tag:h2|font_size:40px|text_align:left&#8221; use_theme_fonts=&#8221;yes&#8221; css=&#8221;.vc_custom_1754399711424{margin-top: 80px !important;margin-bottom: 20px !important;}&#8221;][vc_column_text css=&#8221;&#8221;]<\/p>\n<p class=\"p1\" style=\"text-align: left;\">Fin dall&#8217;inizio, la qualit\u00e0 e la ricerca dei materiali sono stati i nostri pilastri fondamentali.<\/p>\n<p>[\/vc_column_text][vc_row_inner css=&#8221;.vc_custom_1754388489921{margin-top: 40px !important;}&#8221;][vc_column_inner width=&#8221;1\/3&#8243;]<div class=\"sober-icon-box icon-type-image icon-style-normal  \">\n\t\t\t\t<div class=\"box-icon\"><img decoding=\"async\" alt=\"Materiali Premium\" data-src=\"https:\/\/huyl.com\/wp-content\/uploads\/2025\/08\/FB1_5518.jpg\" src=\"data:image\/svg+xml;base64,PHN2ZyB3aWR0aD0iMSIgaGVpZ2h0PSIxIiB4bWxucz0iaHR0cDovL3d3dy53My5vcmcvMjAwMC9zdmciPjwvc3ZnPg==\" class=\"lazyload\" style=\"--smush-placeholder-width: 1600px; --smush-placeholder-aspect-ratio: 1600\/1067;\"><\/div>\n\t\t\t\t<h3 class=\"box-title\">Materiali Premium<\/h3>\n\t\t\t\t<div class=\"box-content\"><\/p>\n<p class=\"p1\">Utilizziamo <span class=\"s1\"><b>plexiglass di alta qualit\u00e0 (PMMA)<\/b><\/span>noto per la sua eccezionale chiarezza ottica (fino al 92% di trasmissione della luce) e per la sua resistenza agli urti e all&#8217;invecchiamento, superiore a quella del vetro o del polistirolo.<\/p>\n<p class=\"p1\">Quando possibile, scegliamo <span class=\"s1\"><b>acrilici riciclati certificati<\/b><\/span> (come Recrylic\u00ae o GreenCast\u00ae), che offrono le stesse prestazioni del PMMA vergine, con un impatto ambientale significativamente inferiore.<\/p>\n<p><\/div>\n\t\t\t<\/div>[\/vc_column_inner][vc_column_inner width=&#8221;1\/3&#8243;]<div class=\"sober-icon-box icon-type-image icon-style-normal  \">\n\t\t\t\t<div class=\"box-icon\"><img decoding=\"async\" alt=\"Attenzione ai dettagli\" data-src=\"https:\/\/huyl.com\/wp-content\/uploads\/2025\/08\/FB1_5582.jpg\" src=\"data:image\/svg+xml;base64,PHN2ZyB3aWR0aD0iMSIgaGVpZ2h0PSIxIiB4bWxucz0iaHR0cDovL3d3dy53My5vcmcvMjAwMC9zdmciPjwvc3ZnPg==\" class=\"lazyload\" style=\"--smush-placeholder-width: 1600px; --smush-placeholder-aspect-ratio: 1600\/1067;\"><\/div>\n\t\t\t\t<h3 class=\"box-title\">Attenzione ai dettagli<\/h3>\n\t\t\t\t<div class=\"box-content\"><\/p>\n<p class=\"p1\">Ogni espositore \u00e8 realizzato a mano e <span class=\"s1\"><b>progettato con precisione<\/b><\/span> per garantire un allineamento, tagli netti e un montaggio perfetti.<\/p>\n<p class=\"p1\">Il design minimalista \u00e8 pensato per <span class=\"s1\"><b>valorizzare i tuoi set LEGO<\/b><\/span>e non distrarli: linee pulite e bordi invisibili.<\/p>\n<p><\/div>\n\t\t\t<\/div>[\/vc_column_inner][vc_column_inner width=&#8221;1\/3&#8243;]<div class=\"sober-icon-box icon-type-image icon-style-normal  \">\n\t\t\t\t<div class=\"box-icon\"><img decoding=\"async\" alt=\"Scelte sostenibili\" data-src=\"https:\/\/huyl.com\/wp-content\/uploads\/2025\/08\/FB1_5789.jpg\" src=\"data:image\/svg+xml;base64,PHN2ZyB3aWR0aD0iMSIgaGVpZ2h0PSIxIiB4bWxucz0iaHR0cDovL3d3dy53My5vcmcvMjAwMC9zdmciPjwvc3ZnPg==\" class=\"lazyload\" style=\"--smush-placeholder-width: 1600px; --smush-placeholder-aspect-ratio: 1600\/1067;\"><\/div>\n\t\t\t\t<h3 class=\"box-title\">Scelte sostenibili<\/h3>\n\t\t\t\t<div class=\"box-content\"><\/p>\n<p class=\"p1\">Privilegiamo i materiali che non solo sono riciclati ma anche <span class=\"s1\"><b>completamente riciclabili, <\/b><\/span>sostenendo cos\u00ec la sostenibilit\u00e0 a lungo termine dell&#8217;uso dell&#8217;acrilico.<\/p>\n<p class=\"p1\">Tutti i nostri fornitori implementano <span class=\"s1\"><b>processi di riciclaggio interno e di energia verde<\/b><\/span> contribuendo a ridurre le emissioni di CO\u2082 durante la produzione.<\/p>\n<p><\/div>\n\t\t\t<\/div>[\/vc_column_inner][\/vc_row_inner][vc_empty_space height=&#8221;40px&#8221;][\/vc_column][\/vc_row][vc_row][vc_column][vc_custom_heading text=&#8221;&#8230;e alla soddisfazione del cliente&#8221; font_container=&#8221;tag:h2|font_size:40px|text_align:left&#8221; use_theme_fonts=&#8221;yes&#8221; css=&#8221;.vc_custom_1754399743243{margin-top: 80px !important;margin-bottom: 20px !important;}&#8221;][vc_column_text css=&#8221;&#8221;]<\/p>\n<p class=\"p1\" style=\"text-align: left;\">La soddisfazione del cliente viene prima di tutto, ed \u00e8 per questo che lavoriamo duramente ogni giorno per realizzarla.<\/p>\n<p>[\/vc_column_text][vc_row_inner css=&#8221;.vc_custom_1754388489921{margin-top: 40px !important;}&#8221;][vc_column_inner width=&#8221;1\/3&#8243;]<div class=\"sober-icon-box icon-type-image icon-style-normal  \">\n\t\t\t\t<div class=\"box-icon\"><img decoding=\"async\" alt=\"Spedizione veloce\" data-src=\"https:\/\/huyl.com\/wp-content\/uploads\/2025\/08\/FB1_5868.jpg\" src=\"data:image\/svg+xml;base64,PHN2ZyB3aWR0aD0iMSIgaGVpZ2h0PSIxIiB4bWxucz0iaHR0cDovL3d3dy53My5vcmcvMjAwMC9zdmciPjwvc3ZnPg==\" class=\"lazyload\" style=\"--smush-placeholder-width: 1600px; --smush-placeholder-aspect-ratio: 1600\/1067;\"><\/div>\n\t\t\t\t<h3 class=\"box-title\">Spedizione veloce<\/h3>\n\t\t\t\t<div class=\"box-content\"><\/p>\n<p class=\"p1\">Sappiamo quanto sia emozionante completare una costruzione LEGO\u00ae \u2014 ancora di pi\u00f9 esporla.<\/p>\n<p class=\"p1\">Ecco perch\u00e9 offriamo <span class=\"s1\"><b>spedizioni veloci e affidabili<\/b><\/span> su tutti i nostri prodotti. Sia che tu stia ordinando nelle vicinanze o all&#8217;estero, lavoriamo con UPS per garantire che il tuo espositore arrivi <span class=\"s1\"><b>in modo rapido e sicuro<\/b><\/span>. <\/p>\n<p><\/div>\n\t\t\t<\/div>[\/vc_column_inner][vc_column_inner width=&#8221;1\/3&#8243;]<div class=\"sober-icon-box icon-type-image icon-style-normal  \">\n\t\t\t\t<div class=\"box-icon\"><img decoding=\"async\" alt=\"Assistenza clienti\" data-src=\"https:\/\/huyl.com\/wp-content\/uploads\/2025\/08\/FB1_5900.jpg\" src=\"data:image\/svg+xml;base64,PHN2ZyB3aWR0aD0iMSIgaGVpZ2h0PSIxIiB4bWxucz0iaHR0cDovL3d3dy53My5vcmcvMjAwMC9zdmciPjwvc3ZnPg==\" class=\"lazyload\" style=\"--smush-placeholder-width: 1600px; --smush-placeholder-aspect-ratio: 1600\/1067;\"><\/div>\n\t\t\t\t<h3 class=\"box-title\">Assistenza clienti<\/h3>\n\t\t\t\t<div class=\"box-content\"><\/p>\n<p class=\"p1\">Sia che si tratti di una domanda sulla compatibilit\u00e0, sia che tu abbia bisogno di aiuto per l&#8217;installazione, sia che tu voglia semplicemente condividere una foto del tuo display, siamo qui per tutto questo.<\/p>\n<p>E se qualcosa non dovesse andare per il verso giusto, non preoccuparti: prendiamo l&#8217;assistenza clienti molto <span class=\"s1\"><b>seriamente<\/b><\/span>dal momento in cui arrivi sul nostro sito fino a molto tempo dopo l&#8217;arrivo del tuo ordine \u2014 perch\u00e9 la tua soddisfazione \u00e8 ci\u00f2 che conta di pi\u00f9.<\/div>\n\t\t\t<\/div>[\/vc_column_inner][vc_column_inner width=&#8221;1\/3&#8243;]<div class=\"sober-icon-box icon-type-image icon-style-normal  \">\n\t\t\t\t<div class=\"box-icon\"><img decoding=\"async\" alt=\"Personalizzazione\" data-src=\"https:\/\/huyl.com\/wp-content\/uploads\/2025\/08\/customs.jpg\" src=\"data:image\/svg+xml;base64,PHN2ZyB3aWR0aD0iMSIgaGVpZ2h0PSIxIiB4bWxucz0iaHR0cDovL3d3dy53My5vcmcvMjAwMC9zdmciPjwvc3ZnPg==\" class=\"lazyload\" style=\"--smush-placeholder-width: 1600px; --smush-placeholder-aspect-ratio: 1600\/1067;\"><\/div>\n\t\t\t\t<h3 class=\"box-title\">Personalizzazione<\/h3>\n\t\t\t\t<div class=\"box-content\"><\/p>\n<p class=\"p1\">Ogni collezione LEGO\u00ae \u00e8 unica e crediamo che anche la tua esposizione debba esserlo. Ecco perch\u00e9 offriamo <span class=\"s1\"><b>soluzioni personalizzate<\/b><\/span> progettate in base alle tue specifiche esigenze. <\/p>\n<p class=\"p1\">Amiamo le sfide e le richieste speciali: ci spingono a creare design sempre migliori. Dicci cosa hai in mente e lavoreremo con te per dare vita al tuo progetto. <\/p>\n<p><\/div>\n\t\t\t<\/div>[\/vc_column_inner][\/vc_row_inner][vc_empty_space height=&#8221;120px&#8221;][\/vc_column][\/vc_row][vc_row full_width=&#8221;stretch_row_content_no_spaces&#8221; gap=&#8221;30&#8243; parallax=&#8221;content-moving&#8221; parallax_speed_bg=&#8221;1.2&#8243; css=&#8221;.vc_custom_1754386755747{padding-top: 70px !important;padding-bottom: 130px !important;background: #F2F2F2 url(https:\/\/huyl.com\/wp-content\/uploads\/2025\/08\/founders.jpg?id=11859);background-position: center;background-repeat: no-repeat !important;background-size: contain !important;}&#8221;][vc_column offset=&#8221;vc_col-lg-offset-4 vc_col-lg-8 vc_col-md-offset-0 vc_col-md-12&#8243;][vc_column_text css=&#8221;&#8221;]<\/p>\n<h4 class=\"p1\" style=\"text-align: center;\"><em>Ci auguriamo che questi espositori fatti a mano<br \/>\ntrovino posto nella tua casa.<\/em><\/h4>\n<h4 class=\"p1\" style=\"text-align: center;\"><em>Nella nostra lo hanno fatto di sicuro!<\/em><\/h4>\n<p>[\/vc_column_text][vc_custom_heading text=&#8221;Francesco &amp; Nicola&#8221; font_container=&#8221;tag:h2|font_size:32|text_align:center&#8221; google_fonts=&#8221;font_family:Montez%3A400|font_style:400%20regular%3A400%3Anormal&#8221; css=&#8221;.vc_custom_1754386790378{margin-top: 50px !important;margin-bottom: 0px !important;}&#8221;][\/vc_column][\/vc_row]<\/p>\n<\/div>","protected":false},"excerpt":{"rendered":"<p>[vc_row full_width=&#8221;stretch_row&#8221; content_placement=&#8221;middle&#8221;][vc_column width=&#8221;1\/2&#8243;][vc_column_text css=&#8221;&#8221;] I mattoncini LEGO\u00ae possono essere considerati arte? Noi di HUYL, conosciuti anche come Hang Up Your Lego, crediamo che ogni capolavoro LEGO\u00ae meriti di essere&hellip;<\/p>\n","protected":false},"author":1,"featured_media":0,"parent":0,"menu_order":0,"comment_status":"closed","ping_status":"closed","template":"","meta":{"inline_featured_image":false,"footnotes":""},"class_list":["post-11909","page","type-page","status-publish","hentry"],"yoast_head":"<!-- This site is optimized with the Yoast SEO plugin v27.5 - https:\/\/yoast.com\/product\/yoast-seo-wordpress\/ -->\n<title>HUYL - Chi siamo<\/title>\n<meta name=\"description\" content=\"Noi di HUYL crediamo che ogni capolavoro LEGO\u00ae meriti di essere non solo conservato, ma anche esposto.\" \/>\n<meta name=\"robots\" content=\"index, follow, max-snippet:-1, max-image-preview:large, max-video-preview:-1\" \/>\n<link rel=\"canonical\" href=\"https:\/\/huyl.com\/it\/chi-siamo\/\" \/>\n<meta property=\"og:locale\" content=\"it_IT\" \/>\n<meta property=\"og:type\" content=\"article\" \/>\n<meta property=\"og:title\" content=\"HUYL - Chi siamo\" \/>\n<meta property=\"og:description\" content=\"Noi di HUYL crediamo che ogni capolavoro LEGO\u00ae meriti di essere non solo conservato, ma anche esposto.\" \/>\n<meta property=\"og:url\" content=\"https:\/\/huyl.com\/it\/chi-siamo\/\" \/>\n<meta property=\"og:site_name\" content=\"HUYL\" \/>\n<meta property=\"article:modified_time\" content=\"2025-08-05T14:44:22+00:00\" \/>\n<meta name=\"twitter:card\" content=\"summary_large_image\" \/>\n<script type=\"application\/ld+json\" class=\"yoast-schema-graph\">{\"@context\":\"https:\\\/\\\/schema.org\",\"@graph\":[{\"@type\":\"WebPage\",\"@id\":\"https:\\\/\\\/huyl.com\\\/it\\\/chi-siamo\\\/\",\"url\":\"https:\\\/\\\/huyl.com\\\/it\\\/chi-siamo\\\/\",\"name\":\"HUYL - Chi siamo\",\"isPartOf\":{\"@id\":\"https:\\\/\\\/huyl.com\\\/it\\\/#website\"},\"datePublished\":\"2025-08-05T14:35:37+00:00\",\"dateModified\":\"2025-08-05T14:44:22+00:00\",\"description\":\"Noi di HUYL crediamo che ogni capolavoro LEGO\u00ae meriti di essere non solo conservato, ma anche esposto.\",\"inLanguage\":\"it-IT\",\"potentialAction\":[{\"@type\":\"ReadAction\",\"target\":[\"https:\\\/\\\/huyl.com\\\/it\\\/chi-siamo\\\/\"]}]},{\"@type\":\"WebSite\",\"@id\":\"https:\\\/\\\/huyl.com\\\/it\\\/#website\",\"url\":\"https:\\\/\\\/huyl.com\\\/it\\\/\",\"name\":\"HUYL\",\"description\":\"Trasforma la tua collezione di mattoncini in una galleria d&#039;arte!\",\"publisher\":{\"@id\":\"https:\\\/\\\/huyl.com\\\/it\\\/#organization\"},\"potentialAction\":[{\"@type\":\"SearchAction\",\"target\":{\"@type\":\"EntryPoint\",\"urlTemplate\":\"https:\\\/\\\/huyl.com\\\/it\\\/?s={search_term_string}\"},\"query-input\":{\"@type\":\"PropertyValueSpecification\",\"valueRequired\":true,\"valueName\":\"search_term_string\"}}],\"inLanguage\":\"it-IT\"},{\"@type\":\"Organization\",\"@id\":\"https:\\\/\\\/huyl.com\\\/it\\\/#organization\",\"name\":\"HUYL S.r.l.\",\"url\":\"https:\\\/\\\/huyl.com\\\/it\\\/\",\"logo\":{\"@type\":\"ImageObject\",\"inLanguage\":\"it-IT\",\"@id\":\"https:\\\/\\\/huyl.com\\\/it\\\/#\\\/schema\\\/logo\\\/image\\\/\",\"url\":\"https:\\\/\\\/huyl.com\\\/wp-content\\\/uploads\\\/2021\\\/10\\\/cropped-logo_squared.png\",\"contentUrl\":\"https:\\\/\\\/huyl.com\\\/wp-content\\\/uploads\\\/2021\\\/10\\\/cropped-logo_squared.png\",\"width\":512,\"height\":512,\"caption\":\"HUYL S.r.l.\"},\"image\":{\"@id\":\"https:\\\/\\\/huyl.com\\\/it\\\/#\\\/schema\\\/logo\\\/image\\\/\"}}]}<\/script>\n<!-- \/ Yoast SEO plugin. -->","yoast_head_json":{"title":"HUYL - Chi siamo","description":"Noi di HUYL crediamo che ogni capolavoro LEGO\u00ae meriti di essere non solo conservato, ma anche esposto.","robots":{"index":"index","follow":"follow","max-snippet":"max-snippet:-1","max-image-preview":"max-image-preview:large","max-video-preview":"max-video-preview:-1"},"canonical":"https:\/\/huyl.com\/it\/chi-siamo\/","og_locale":"it_IT","og_type":"article","og_title":"HUYL - Chi siamo","og_description":"Noi di HUYL crediamo che ogni capolavoro LEGO\u00ae meriti di essere non solo conservato, ma anche esposto.","og_url":"https:\/\/huyl.com\/it\/chi-siamo\/","og_site_name":"HUYL","article_modified_time":"2025-08-05T14:44:22+00:00","twitter_card":"summary_large_image","schema":{"@context":"https:\/\/schema.org","@graph":[{"@type":"WebPage","@id":"https:\/\/huyl.com\/it\/chi-siamo\/","url":"https:\/\/huyl.com\/it\/chi-siamo\/","name":"HUYL - Chi siamo","isPartOf":{"@id":"https:\/\/huyl.com\/it\/#website"},"datePublished":"2025-08-05T14:35:37+00:00","dateModified":"2025-08-05T14:44:22+00:00","description":"Noi di HUYL crediamo che ogni capolavoro LEGO\u00ae meriti di essere non solo conservato, ma anche esposto.","inLanguage":"it-IT","potentialAction":[{"@type":"ReadAction","target":["https:\/\/huyl.com\/it\/chi-siamo\/"]}]},{"@type":"WebSite","@id":"https:\/\/huyl.com\/it\/#website","url":"https:\/\/huyl.com\/it\/","name":"HUYL","description":"Trasforma la tua collezione di mattoncini in una galleria d&#039;arte!","publisher":{"@id":"https:\/\/huyl.com\/it\/#organization"},"potentialAction":[{"@type":"SearchAction","target":{"@type":"EntryPoint","urlTemplate":"https:\/\/huyl.com\/it\/?s={search_term_string}"},"query-input":{"@type":"PropertyValueSpecification","valueRequired":true,"valueName":"search_term_string"}}],"inLanguage":"it-IT"},{"@type":"Organization","@id":"https:\/\/huyl.com\/it\/#organization","name":"HUYL S.r.l.","url":"https:\/\/huyl.com\/it\/","logo":{"@type":"ImageObject","inLanguage":"it-IT","@id":"https:\/\/huyl.com\/it\/#\/schema\/logo\/image\/","url":"https:\/\/huyl.com\/wp-content\/uploads\/2021\/10\/cropped-logo_squared.png","contentUrl":"https:\/\/huyl.com\/wp-content\/uploads\/2021\/10\/cropped-logo_squared.png","width":512,"height":512,"caption":"HUYL S.r.l."},"image":{"@id":"https:\/\/huyl.com\/it\/#\/schema\/logo\/image\/"}}]}},"jetpack_sharing_enabled":true,"_links":{"self":[{"href":"https:\/\/huyl.com\/it\/wp-json\/wp\/v2\/pages\/11909","targetHints":{"allow":["GET"]}}],"collection":[{"href":"https:\/\/huyl.com\/it\/wp-json\/wp\/v2\/pages"}],"about":[{"href":"https:\/\/huyl.com\/it\/wp-json\/wp\/v2\/types\/page"}],"author":[{"embeddable":true,"href":"https:\/\/huyl.com\/it\/wp-json\/wp\/v2\/users\/1"}],"replies":[{"embeddable":true,"href":"https:\/\/huyl.com\/it\/wp-json\/wp\/v2\/comments?post=11909"}],"version-history":[{"count":0,"href":"https:\/\/huyl.com\/it\/wp-json\/wp\/v2\/pages\/11909\/revisions"}],"wp:attachment":[{"href":"https:\/\/huyl.com\/it\/wp-json\/wp\/v2\/media?parent=11909"}],"curies":[{"name":"wp","href":"https:\/\/api.w.org\/{rel}","templated":true}]}}