{"id":19218,"date":"2026-03-25T12:22:29","date_gmt":"2026-03-25T10:22:29","guid":{"rendered":"https:\/\/huyl.com\/domande-frequenti\/"},"modified":"2026-03-25T16:56:22","modified_gmt":"2026-03-25T14:56:22","slug":"domande-frequenti","status":"publish","type":"page","link":"https:\/\/huyl.com\/it\/domande-frequenti\/","title":{"rendered":"Domande frequenti"},"content":{"rendered":"<div class=\"wpb-content-wrapper\"><p>[vc_row css=&#8221;.vc_custom_1480660608661{margin-bottom: 70px !important;}&#8221;][vc_column width=&#8221;2\/3&#8243; offset=&#8221;vc_col-lg-offset-2 vc_col-lg-8 vc_col-md-offset-0 vc_col-md-12&#8243;][vc_column_text css=&#8221;&#8221;]<\/p>\n<p style=\"color: #23232c; font-size: 22px; line-height: 34px; font-weight: 500;\">Domande frequenti<\/p>\n<p class=\"p1\">Se hai delle domande, ecco alcune risposte utili.<\/p>\n<p>[\/vc_column_text][\/vc_column][\/vc_row][vc_row][vc_column]<div class=\"sober-faq   open\">\n\t\t\t\t<div class=\"question\">\n\t\t\t\t\t<span class=\"question-label\">Question<\/span>\n\t\t\t\t\t<span class=\"question-icon\"><span class=\"toggle-icon\"><\/span><\/span>\n\t\t\t\t\t<span class=\"question-title\">Chi \u00e8 HUYL?<\/span>\n\t\t\t\t<\/div>\n\t\t\t\t<div class=\"answer\"><span class=\"answer-label\">Answer<\/span>HUYL, alias &#8220;Hang Up Your Lego&#8221;, \u00e8 un&#8217;azienda italiana fondata da noi, Nicola e Francesco. Nel 2020 abbiamo <strong>inventato<\/strong> l&#8217;espositore da parete e da quell&#8217;anno abbiamo esposto migliaia di set LEGO in salotti, studi e garage di tutto il mondo &#x2764;&#xfe0f;<\/div>\n\t\t\t<\/div><div class=\"sober-faq   open\">\n\t\t\t\t<div class=\"question\">\n\t\t\t\t\t<span class=\"question-label\">Question<\/span>\n\t\t\t\t\t<span class=\"question-icon\"><span class=\"toggle-icon\"><\/span><\/span>\n\t\t\t\t\t<span class=\"question-title\">Cosa fanno?<\/span>\n\t\t\t\t<\/div>\n\t\t\t\t<div class=\"answer\"><span class=\"answer-label\">Answer<\/span><\/p>\n<p class=\"p1\">Produciamo e vendiamo supporti da parete per set LEGO, principalmente per auto. Ogni supporto \u00e8 realizzato a mano, utilizzando i migliori materiali selezionati dai nostri fornitori italiani. Una volta pronto, ogni supporto viene imballato con cura per raggiungere (quasi) ogni parte del mondo &#x1f30d;<\/p>\n<p><\/div>\n\t\t\t<\/div><div class=\"sober-faq   open\">\n\t\t\t\t<div class=\"question\">\n\t\t\t\t\t<span class=\"question-label\">Question<\/span>\n\t\t\t\t\t<span class=\"question-icon\"><span class=\"toggle-icon\"><\/span><\/span>\n\t\t\t\t\t<span class=\"question-title\">Perch\u00e9 diavolo dovrei appendere un set alla parete?<\/span>\n\t\t\t\t<\/div>\n\t\t\t\t<div class=\"answer\"><span class=\"answer-label\">Answer<\/span><\/p>\n<p class=\"p1\">Principalmente due motivi:<\/p>\n<ul>\n<li class=\"p1\"><span class=\"s1\"><b>Bellezza pura:<\/b><\/span> dimentica le noiose vetrine, esponi il tuo set con orgoglio come un capolavoro che tutti possono ammirare &#x2728;<\/li>\n<li class=\"p1\"><span class=\"s1\"><b>Salva-spazio:<\/b><\/span> hai iniziato solo pochi anni fa a collezionare i tuoi set LEGO preferiti; hai comprato una libreria o diverse vetrine in plexiglas, ma lo spazio non basta. Con il supporto HUYL risolverai il problema &#x1f61c;<\/li>\n<\/ul>\n<p><\/div>\n\t\t\t<\/div><div class=\"sober-faq   open\">\n\t\t\t\t<div class=\"question\">\n\t\t\t\t\t<span class=\"question-label\">Question<\/span>\n\t\t\t\t\t<span class=\"question-icon\"><span class=\"toggle-icon\"><\/span><\/span>\n\t\t\t\t\t<span class=\"question-title\">Ok, ma che dire della polvere?<\/span>\n\t\t\t\t<\/div>\n\t\t\t\t<div class=\"answer\"><span class=\"answer-label\">Answer<\/span><\/p>\n<p class=\"p1\">Eccoci qui, ad affrontare il problema che ossessiona ogni collezionista. La polvere esiste, certo, ma dato che i set sono verticali, la troverai solo sulla parte superiore.<\/p>\n<p class=\"p1\">Siamo entrambi allergici alla polvere, quindi sappiamo di cosa parliamo, ma con questo tipo di supporto la polvere non \u00e8 affatto un problema; possiamo garantirlo &#x1f44a;&#x1f3fb;<\/p>\n<p><\/div>\n\t\t\t<\/div><div class=\"sober-faq   open\">\n\t\t\t\t<div class=\"question\">\n\t\t\t\t\t<span class=\"question-label\">Question<\/span>\n\t\t\t\t\t<span class=\"question-icon\"><span class=\"toggle-icon\"><\/span><\/span>\n\t\t\t\t\t<span class=\"question-title\">Se ho qualche problema dopo l&#039;acquisto?<\/span>\n\t\t\t\t<\/div>\n\t\t\t\t<div class=\"answer\"><span class=\"answer-label\">Answer<\/span><\/p>\n<p class=\"p1\">Gli imprevisti succedono, ma noi siamo sempre qui per aiutarti. A volte la spedizione pu\u00f2 causare crepe o difetti, ma non preoccuparti: contattaci e saremo felici di aiutarti, anche inviando display sostitutivi, se necessario &#x2705;<\/p>\n<p><\/div>\n\t\t\t<\/div><div class=\"sober-faq   open\">\n\t\t\t\t<div class=\"question\">\n\t\t\t\t\t<span class=\"question-label\">Question<\/span>\n\t\t\t\t\t<span class=\"question-icon\"><span class=\"toggle-icon\"><\/span><\/span>\n\t\t\t\t\t<span class=\"question-title\">Perch\u00e9 scegliere HUYL<\/span>\n\t\t\t\t<\/div>\n\t\t\t\t<div class=\"answer\"><span class=\"answer-label\">Answer<\/span><\/p>\n<p class=\"p1\">Negli ultimi anni diversi concorrenti hanno proposto prodotti simili ai nostri. S\u00ec, permettono di appendere il tuo set al muro, ma ecco perch\u00e9 dovresti scegliere HUYL:<\/p>\n<ul>\n<li class=\"p1\"><span class=\"s1\"><b>Qualit\u00e0 superiore:<\/b><\/span> dai materiali all\u2019imballaggio, prestiamo massima attenzione alla qualit\u00e0 per offrirti il miglior supporto da parete che tu possa acquistare &#x1f51d;<\/li>\n<li class=\"p1\"><span class=\"s1\"><b>Ganci sicuri:<\/b><\/span> niente ganci in metallo da ferramenta, ma solidi ganci LEGO Technic per preservare l\u2019integrit\u00e0 del tuo set; e tutto \u00e8 gi\u00e0 montato &#x1f61c;<\/li>\n<li class=\"p1\"><span class=\"s1\"><b>Servizio premium:<\/b><\/span> dal momento dell\u2019acquisto fino all\u2019installazione del set, il nostro servizio clienti ti supporta in ogni fase &#x1f6df;<\/li>\n<li class=\"p1\"><span class=\"s1\"><b>Spedizione veloce:<\/b><\/span> spediamo entro 1 giorno lavorativo, e con il corriere UPS la consegna \u00e8 pi\u00f9 rapida che mai &#x1f680;<\/li>\n<\/ul>\n<p><\/div>\n\t\t\t<\/div>[\/vc_column][\/vc_row]<\/p>\n<\/div>","protected":false},"excerpt":{"rendered":"<p>[vc_row css=&#8221;.vc_custom_1480660608661{margin-bottom: 70px !important;}&#8221;][vc_column width=&#8221;2\/3&#8243; offset=&#8221;vc_col-lg-offset-2 vc_col-lg-8 vc_col-md-offset-0 vc_col-md-12&#8243;][vc_column_text css=&#8221;&#8221;] Domande frequenti Se hai delle domande, ecco alcune risposte utili. [\/vc_column_text][\/vc_column][\/vc_row][vc_row][vc_column][\/vc_column][\/vc_row]<\/p>\n","protected":false},"author":1,"featured_media":0,"parent":0,"menu_order":0,"comment_status":"closed","ping_status":"closed","template":"","meta":{"inline_featured_image":false,"footnotes":""},"class_list":["post-19218","page","type-page","status-publish","hentry"],"yoast_head":"<!-- This site is optimized with the Yoast SEO plugin v27.5 - https:\/\/yoast.com\/product\/yoast-seo-wordpress\/ -->\n<title>HUYL - Domande frequenti<\/title>\n<meta name=\"robots\" content=\"index, follow, max-snippet:-1, max-image-preview:large, max-video-preview:-1\" \/>\n<link rel=\"canonical\" href=\"https:\/\/huyl.com\/it\/domande-frequenti\/\" \/>\n<meta property=\"og:locale\" content=\"it_IT\" \/>\n<meta property=\"og:type\" content=\"article\" \/>\n<meta property=\"og:title\" content=\"HUYL - Domande frequenti\" \/>\n<meta property=\"og:description\" content=\"[vc_row css=&#8221;.vc_custom_1480660608661{margin-bottom: 70px !important;}&#8221;][vc_column width=&#8221;2\/3&#8243; offset=&#8221;vc_col-lg-offset-2 vc_col-lg-8 vc_col-md-offset-0 vc_col-md-12&#8243;][vc_column_text css=&#8221;&#8221;] Domande frequenti Se hai delle domande, ecco alcune risposte utili. [\/vc_column_text][\/vc_column][\/vc_row][vc_row][vc_column][\/vc_column][\/vc_row]\" \/>\n<meta property=\"og:url\" content=\"https:\/\/huyl.com\/it\/domande-frequenti\/\" \/>\n<meta property=\"og:site_name\" content=\"HUYL\" \/>\n<meta property=\"article:modified_time\" content=\"2026-03-25T14:56:22+00:00\" \/>\n<meta name=\"twitter:card\" content=\"summary_large_image\" \/>\n<script type=\"application\/ld+json\" class=\"yoast-schema-graph\">{\"@context\":\"https:\\\/\\\/schema.org\",\"@graph\":[{\"@type\":\"WebPage\",\"@id\":\"https:\\\/\\\/huyl.com\\\/it\\\/domande-frequenti\\\/\",\"url\":\"https:\\\/\\\/huyl.com\\\/it\\\/domande-frequenti\\\/\",\"name\":\"HUYL - Domande frequenti\",\"isPartOf\":{\"@id\":\"https:\\\/\\\/huyl.com\\\/it\\\/#website\"},\"datePublished\":\"2026-03-25T10:22:29+00:00\",\"dateModified\":\"2026-03-25T14:56:22+00:00\",\"inLanguage\":\"it-IT\",\"potentialAction\":[{\"@type\":\"ReadAction\",\"target\":[\"https:\\\/\\\/huyl.com\\\/it\\\/domande-frequenti\\\/\"]}]},{\"@type\":\"WebSite\",\"@id\":\"https:\\\/\\\/huyl.com\\\/it\\\/#website\",\"url\":\"https:\\\/\\\/huyl.com\\\/it\\\/\",\"name\":\"HUYL\",\"description\":\"Trasforma la tua collezione di mattoncini in una galleria d&#039;arte!\",\"publisher\":{\"@id\":\"https:\\\/\\\/huyl.com\\\/it\\\/#organization\"},\"potentialAction\":[{\"@type\":\"SearchAction\",\"target\":{\"@type\":\"EntryPoint\",\"urlTemplate\":\"https:\\\/\\\/huyl.com\\\/it\\\/?s={search_term_string}\"},\"query-input\":{\"@type\":\"PropertyValueSpecification\",\"valueRequired\":true,\"valueName\":\"search_term_string\"}}],\"inLanguage\":\"it-IT\"},{\"@type\":\"Organization\",\"@id\":\"https:\\\/\\\/huyl.com\\\/it\\\/#organization\",\"name\":\"HUYL S.r.l.\",\"url\":\"https:\\\/\\\/huyl.com\\\/it\\\/\",\"logo\":{\"@type\":\"ImageObject\",\"inLanguage\":\"it-IT\",\"@id\":\"https:\\\/\\\/huyl.com\\\/it\\\/#\\\/schema\\\/logo\\\/image\\\/\",\"url\":\"https:\\\/\\\/huyl.com\\\/wp-content\\\/uploads\\\/2021\\\/10\\\/cropped-logo_squared.png\",\"contentUrl\":\"https:\\\/\\\/huyl.com\\\/wp-content\\\/uploads\\\/2021\\\/10\\\/cropped-logo_squared.png\",\"width\":512,\"height\":512,\"caption\":\"HUYL S.r.l.\"},\"image\":{\"@id\":\"https:\\\/\\\/huyl.com\\\/it\\\/#\\\/schema\\\/logo\\\/image\\\/\"}}]}<\/script>\n<!-- \/ Yoast SEO plugin. -->","yoast_head_json":{"title":"HUYL - Domande frequenti","robots":{"index":"index","follow":"follow","max-snippet":"max-snippet:-1","max-image-preview":"max-image-preview:large","max-video-preview":"max-video-preview:-1"},"canonical":"https:\/\/huyl.com\/it\/domande-frequenti\/","og_locale":"it_IT","og_type":"article","og_title":"HUYL - Domande frequenti","og_description":"[vc_row css=&#8221;.vc_custom_1480660608661{margin-bottom: 70px !important;}&#8221;][vc_column width=&#8221;2\/3&#8243; offset=&#8221;vc_col-lg-offset-2 vc_col-lg-8 vc_col-md-offset-0 vc_col-md-12&#8243;][vc_column_text css=&#8221;&#8221;] Domande frequenti Se hai delle domande, ecco alcune risposte utili. [\/vc_column_text][\/vc_column][\/vc_row][vc_row][vc_column][\/vc_column][\/vc_row]","og_url":"https:\/\/huyl.com\/it\/domande-frequenti\/","og_site_name":"HUYL","article_modified_time":"2026-03-25T14:56:22+00:00","twitter_card":"summary_large_image","schema":{"@context":"https:\/\/schema.org","@graph":[{"@type":"WebPage","@id":"https:\/\/huyl.com\/it\/domande-frequenti\/","url":"https:\/\/huyl.com\/it\/domande-frequenti\/","name":"HUYL - Domande frequenti","isPartOf":{"@id":"https:\/\/huyl.com\/it\/#website"},"datePublished":"2026-03-25T10:22:29+00:00","dateModified":"2026-03-25T14:56:22+00:00","inLanguage":"it-IT","potentialAction":[{"@type":"ReadAction","target":["https:\/\/huyl.com\/it\/domande-frequenti\/"]}]},{"@type":"WebSite","@id":"https:\/\/huyl.com\/it\/#website","url":"https:\/\/huyl.com\/it\/","name":"HUYL","description":"Trasforma la tua collezione di mattoncini in una galleria d&#039;arte!","publisher":{"@id":"https:\/\/huyl.com\/it\/#organization"},"potentialAction":[{"@type":"SearchAction","target":{"@type":"EntryPoint","urlTemplate":"https:\/\/huyl.com\/it\/?s={search_term_string}"},"query-input":{"@type":"PropertyValueSpecification","valueRequired":true,"valueName":"search_term_string"}}],"inLanguage":"it-IT"},{"@type":"Organization","@id":"https:\/\/huyl.com\/it\/#organization","name":"HUYL S.r.l.","url":"https:\/\/huyl.com\/it\/","logo":{"@type":"ImageObject","inLanguage":"it-IT","@id":"https:\/\/huyl.com\/it\/#\/schema\/logo\/image\/","url":"https:\/\/huyl.com\/wp-content\/uploads\/2021\/10\/cropped-logo_squared.png","contentUrl":"https:\/\/huyl.com\/wp-content\/uploads\/2021\/10\/cropped-logo_squared.png","width":512,"height":512,"caption":"HUYL S.r.l."},"image":{"@id":"https:\/\/huyl.com\/it\/#\/schema\/logo\/image\/"}}]}},"jetpack_sharing_enabled":true,"_links":{"self":[{"href":"https:\/\/huyl.com\/it\/wp-json\/wp\/v2\/pages\/19218","targetHints":{"allow":["GET"]}}],"collection":[{"href":"https:\/\/huyl.com\/it\/wp-json\/wp\/v2\/pages"}],"about":[{"href":"https:\/\/huyl.com\/it\/wp-json\/wp\/v2\/types\/page"}],"author":[{"embeddable":true,"href":"https:\/\/huyl.com\/it\/wp-json\/wp\/v2\/users\/1"}],"replies":[{"embeddable":true,"href":"https:\/\/huyl.com\/it\/wp-json\/wp\/v2\/comments?post=19218"}],"version-history":[{"count":0,"href":"https:\/\/huyl.com\/it\/wp-json\/wp\/v2\/pages\/19218\/revisions"}],"wp:attachment":[{"href":"https:\/\/huyl.com\/it\/wp-json\/wp\/v2\/media?parent=19218"}],"curies":[{"name":"wp","href":"https:\/\/api.w.org\/{rel}","templated":true}]}}